{"id":2354,"date":"2024-11-22T01:22:38","date_gmt":"2024-11-22T01:22:38","guid":{"rendered":"https:\/\/e-veloboutique.fr\/?page_id=2354"},"modified":"2026-01-15T16:47:21","modified_gmt":"2026-01-15T16:47:21","slug":"mentions-legales","status":"publish","type":"page","link":"https:\/\/e-veloboutique.fr\/?page_id=2354","title":{"rendered":"Mentions l\u00e9gales"},"content":{"rendered":"\t\t<div data-elementor-type=\"wp-page\" data-elementor-id=\"2354\" class=\"elementor elementor-2354\">\n\t\t\t\t<div class=\"elementor-element elementor-element-3aae676 e-con-full e-flex e-con e-parent\" data-id=\"3aae676\" data-element_type=\"container\" data-e-type=\"container\">\n\t\t\t\t<div class=\"elementor-element elementor-element-726ab448 color-scheme-inherit text-left elementor-widget elementor-widget-text-editor\" data-id=\"726ab448\" data-element_type=\"widget\" data-e-type=\"widget\" data-widget_type=\"text-editor.default\">\n\t\t\t\t<div class=\"elementor-widget-container\">\n\t\t\t\t\t\t\t\t\t<p><strong>Conform\u00e9ment aux dispositions des articles 6-III et 19 de la loi n\u00b02004-575 du 21 juin 2004 pour la Confiance dans l&rsquo;\u00c9conomie Num\u00e9rique (LCEN), nous vous informons des \u00e9l\u00e9ments suivants :<\/strong><\/p>\n<p><!-- \/wp:paragraph --><!-- wp:separator --><\/p>\n<hr \/>\n<p><!-- \/wp:separator --><!-- wp:heading {\"level\":4} --><\/p>\n<h4><strong>1. Informations sur l\u2019entreprise<\/strong><\/h4>\n<p><!-- \/wp:heading --><!-- wp:paragraph --><\/p>\n<p><strong>Nom ou d\u00e9nomination sociale :<\/strong> L&rsquo;entreprise\u00a0<span style=\"font-family: SatoshiVariable, Arial, Helvetica, sans-serif; font-size: 16px; font-style: normal; font-variant-ligatures: normal; font-variant-caps: normal; font-weight: 600;\">E-VELO\u00a0<\/span><strong style=\"font-size: 16px;\">\u00a0(<\/strong><span style=\"font-family: SatoshiVariable, Arial, Helvetica, sans-serif; font-size: 16px; font-style: normal; font-variant-ligatures: normal; font-variant-caps: normal; font-weight: 600;\">M LAURA POULAIN)\u00a0<\/span><span style=\"font-size: 16px;\">\u00a0, propri\u00e9taire du site de vente <\/span><strong style=\"font-size: 16px;\">e-veloboutique.fr<\/strong><\/p>\n<p><strong>Statut juridique :SAS<\/strong><\/p>\n<p><strong>Adresse du si\u00e8ge social :<\/strong> 8 B RUE DE CLISSON, 85600 LA BOISSIERE-DE-MONTAIGU<br \/><strong>Capital social :<\/strong> 200. 000.\u00a0 \u20ac<br \/><strong>Num\u00e9ro SIRET :<\/strong> 87989661100024<br \/><strong>Num\u00e9ro SIREN :<\/strong> 879896611<br \/><strong>Num\u00e9ro RCS :<\/strong> Auch B 879 896 611<br \/><strong>Num\u00e9ro de TVA Intracommunautaire :<\/strong> FR36879896611<\/p>\n<p><!-- \/wp:paragraph --><!-- wp:separator --><\/p>\n<hr \/>\n<p><!-- \/wp:separator --><!-- wp:heading {\"level\":4} --><\/p>\n<h4><strong>2. Responsable de la publication<\/strong><\/h4>\n<p><!-- \/wp:heading --><!-- wp:paragraph --><\/p>\n<p><strong>Nom et pr\u00e9nom :<\/strong> MADAME LAURA POULAIN<br \/><strong>Fonction :<\/strong> G\u00e9rant<\/p>\n<p><!-- \/wp:paragraph --><!-- wp:separator --><\/p>\n<hr \/>\n<p><!-- \/wp:separator --><!-- wp:heading {\"level\":4} --><\/p>\n<h4><strong>3. Coordonn\u00e9es de contact<\/strong><\/h4>\n<p><!-- \/wp:heading --><!-- wp:paragraph {\"style\":{\"elements\":{\"link\":{\"color\":{\"text\":\"var:preset|color|ast-global-color-8\"}}}},\"textColor\":\"ast-global-color-8\"} --><\/p>\n<p><strong>Adresse e-mail :<\/strong> <a>info@e-veloboutique.fr<\/a><br \/><strong>T\u00e9l\u00e9phone :<\/strong> (+33) 904-748-000<br \/><strong>URL :<\/strong> <a href=\"https:\/\/e-veloboutique.fr\/\">https:\/\/e-veloboutique.fr\/<\/a><\/p>\n<p><!-- \/wp:paragraph --><!-- wp:separator --><\/p>\n<hr \/>\n<p><!-- \/wp:separator --><!-- wp:heading {\"level\":4} --><\/p>\n<h4><strong>4. H\u00e9bergement du site<\/strong><\/h4>\n<p><!-- \/wp:heading --><!-- wp:paragraph --><\/p>\n<p>Le site est h\u00e9berg\u00e9 par : pour des raisons de s\u00e9curit\u00e9s les information si apr\u00e8s son facultatif.<br \/><strong>Nom de l\u2019h\u00e9bergeur :<\/strong> <em>(facultatif)<\/em><br \/><strong>Adresse de l\u2019h\u00e9bergeur :<\/strong> <em>(<em>facultatif<\/em>)<\/em><br \/><strong>T\u00e9l\u00e9phone de l\u2019h\u00e9bergeur :<\/strong> <em>(<em>facultatif<\/em>)<\/em><\/p>\n<p><!-- \/wp:paragraph --><!-- wp:separator --><\/p>\n<hr \/>\n<p><!-- \/wp:separator --><!-- wp:heading {\"level\":4} --><\/p>\n<h4><strong>5. Propri\u00e9t\u00e9 intellectuelle<\/strong><\/h4>\n<p><!-- \/wp:heading --><!-- wp:paragraph --><\/p>\n<p>L&rsquo;ensemble des contenus (textes, images, vid\u00e9os, graphismes, logo, ic\u00f4nes, etc.) pr\u00e9sents sur le site <strong>e-veloboutique.fr<\/strong> sont prot\u00e9g\u00e9s par le droit de la propri\u00e9t\u00e9 intellectuelle. Toute reproduction, distribution, modification, adaptation ou utilisation de ces contenus, de quelque mani\u00e8re que ce soit, sans autorisation pr\u00e9alable \u00e9crite de <strong>E-VELO B<\/strong>, est strictement interdite et constituerait une contrefa\u00e7on sanctionn\u00e9e par le Code de la propri\u00e9t\u00e9 intellectuelle.<\/p>\n<p><!-- \/wp:paragraph --><!-- wp:separator --><\/p>\n<hr \/>\n<p><!-- \/wp:separator --><!-- wp:heading {\"level\":4} --><\/p>\n<h4><strong>6. Donn\u00e9es personnelles<\/strong><\/h4>\n<p><!-- \/wp:heading --><!-- wp:paragraph {\"style\":{\"elements\":{\"link\":{\"color\":{\"text\":\"var:preset|color|ast-global-color-8\"}}}},\"textColor\":\"ast-global-color-8\"} --><\/p>\n<p>Conform\u00e9ment au R\u00e8glement G\u00e9n\u00e9ral sur la Protection des Donn\u00e9es (RGPD) et \u00e0 la loi Informatique et Libert\u00e9s, les utilisateurs du site disposent de droits d&rsquo;acc\u00e8s, de modification, de rectification et de suppression des donn\u00e9es les concernant. Ces droits peuvent \u00eatre exerc\u00e9s par e-mail \u00e0 l&rsquo;adresse <strong><a>info@e-veloboutique.fr<\/a><\/strong> ou via le formulaire de contact disponible sur le site.<\/p>\n<p><!-- \/wp:paragraph --><!-- wp:paragraph --><\/p>\n<p>Pour toute question relative \u00e0 la gestion des donn\u00e9es personnelles, veuillez contacter notre \u00e9quipe \u00e0 l\u2019adresse mentionn\u00e9e ci-dessus.<\/p>\n<p><!-- \/wp:paragraph --><!-- wp:separator --><\/p>\n<hr \/>\n<p><!-- \/wp:separator --><!-- wp:heading {\"level\":4} --><\/p>\n<h4><strong>7. Responsabilit\u00e9<\/strong><\/h4>\n<p><!-- \/wp:heading --><!-- wp:paragraph --><\/p>\n<p>L\u2019entreprise<strong> E-VELO<\/strong>\u00a0 met tout en \u0153uvre pour assurer l\u2019exactitude des informations diffus\u00e9es sur le site. Toutefois, elle ne saurait \u00eatre tenue responsable des \u00e9ventuelles erreurs ou omissions ni des dommages directs ou indirects r\u00e9sultant de l&rsquo;acc\u00e8s ou de l&rsquo;utilisation du site.<\/p>\n<p><!-- \/wp:paragraph --><\/p>\t\t\t\t\t\t\t\t<\/div>\n\t\t\t\t<\/div>\n\t\t\t\t<\/div>\n\t\t\t\t<\/div>\n\t\t<p>Views: 81<\/p>","protected":false},"excerpt":{"rendered":"<p>Conform\u00e9ment aux dispositions des articles 6-III et 19 de la loi n\u00b02004-575 du 21 juin 2004 pour la Confiance dans<\/p>\n","protected":false},"author":1,"featured_media":15898,"parent":0,"menu_order":0,"comment_status":"closed","ping_status":"closed","template":"elementor_header_footer","meta":{"footnotes":""},"class_list":["post-2354","page","type-page","status-publish","has-post-thumbnail","hentry"],"yoast_head":"<!-- This site is optimized with the Yoast SEO plugin v27.5 - https:\/\/yoast.com\/product\/yoast-seo-wordpress\/ -->\n<title>Mentions l\u00e9gales - e-veloboutique.fr<\/title>\n<meta name=\"description\" content=\"Optez pour des V\u00e9los pliant pas cher l\u00e9gers et fiables, alliant confort, performance et design, pour des d\u00e9placements urbains sans effort.\" \/>\n<meta name=\"robots\" content=\"index, follow, max-snippet:-1, max-image-preview:large, max-video-preview:-1\" \/>\n<link rel=\"canonical\" href=\"https:\/\/e-veloboutique.fr\/?page_id=2354\" \/>\n<meta property=\"og:locale\" content=\"fr_FR\" \/>\n<meta property=\"og:type\" content=\"article\" \/>\n<meta property=\"og:title\" content=\"Mentions l\u00e9gales - e-veloboutique.fr\" \/>\n<meta property=\"og:description\" content=\"Optez pour des V\u00e9los pliant pas cher l\u00e9gers et fiables, alliant confort, performance et design, pour des d\u00e9placements urbains sans effort.\" \/>\n<meta property=\"og:url\" content=\"https:\/\/e-veloboutique.fr\/?page_id=2354\" \/>\n<meta property=\"og:site_name\" content=\"e-veloboutique.fr\" \/>\n<meta property=\"article:modified_time\" content=\"2026-01-15T16:47:21+00:00\" \/>\n<meta property=\"og:image\" content=\"https:\/\/e-veloboutique.fr\/wp-content\/uploads\/2024\/12\/Leonardo_Phoenix_Design_a_minimalist_and_elegant_logo_for_Eve_1-2.jpg\" \/>\n\t<meta property=\"og:image:width\" content=\"1120\" \/>\n\t<meta property=\"og:image:height\" content=\"1120\" \/>\n\t<meta property=\"og:image:type\" content=\"image\/jpeg\" \/>\n<meta name=\"twitter:card\" content=\"summary_large_image\" \/>\n<meta name=\"twitter:label1\" content=\"Dur\u00e9e de lecture estim\u00e9e\" \/>\n\t<meta name=\"twitter:data1\" content=\"2 minutes\" \/>\n<script type=\"application\/ld+json\" class=\"yoast-schema-graph\">{\"@context\":\"https:\\\/\\\/schema.org\",\"@graph\":[{\"@type\":\"WebPage\",\"@id\":\"https:\\\/\\\/e-veloboutique.fr\\\/?page_id=2354\",\"url\":\"https:\\\/\\\/e-veloboutique.fr\\\/?page_id=2354\",\"name\":\"Mentions l\u00e9gales - e-veloboutique.fr\",\"isPartOf\":{\"@id\":\"https:\\\/\\\/e-veloboutique.fr\\\/#website\"},\"primaryImageOfPage\":{\"@id\":\"https:\\\/\\\/e-veloboutique.fr\\\/?page_id=2354#primaryimage\"},\"image\":{\"@id\":\"https:\\\/\\\/e-veloboutique.fr\\\/?page_id=2354#primaryimage\"},\"thumbnailUrl\":\"https:\\\/\\\/e-veloboutique.fr\\\/wp-content\\\/uploads\\\/2024\\\/12\\\/Leonardo_Phoenix_Design_a_minimalist_and_elegant_logo_for_Eve_1-2.jpg\",\"datePublished\":\"2024-11-22T01:22:38+00:00\",\"dateModified\":\"2026-01-15T16:47:21+00:00\",\"description\":\"Optez pour des V\u00e9los pliant pas cher l\u00e9gers et fiables, alliant confort, performance et design, pour des d\u00e9placements urbains sans effort.\",\"breadcrumb\":{\"@id\":\"https:\\\/\\\/e-veloboutique.fr\\\/?page_id=2354#breadcrumb\"},\"inLanguage\":\"fr-FR\",\"potentialAction\":[{\"@type\":\"ReadAction\",\"target\":[\"https:\\\/\\\/e-veloboutique.fr\\\/?page_id=2354\"]}]},{\"@type\":\"ImageObject\",\"inLanguage\":\"fr-FR\",\"@id\":\"https:\\\/\\\/e-veloboutique.fr\\\/?page_id=2354#primaryimage\",\"url\":\"https:\\\/\\\/e-veloboutique.fr\\\/wp-content\\\/uploads\\\/2024\\\/12\\\/Leonardo_Phoenix_Design_a_minimalist_and_elegant_logo_for_Eve_1-2.jpg\",\"contentUrl\":\"https:\\\/\\\/e-veloboutique.fr\\\/wp-content\\\/uploads\\\/2024\\\/12\\\/Leonardo_Phoenix_Design_a_minimalist_and_elegant_logo_for_Eve_1-2.jpg\",\"width\":1120,\"height\":1120,\"caption\":\"v\u00e9lo pliant pas cher\"},{\"@type\":\"BreadcrumbList\",\"@id\":\"https:\\\/\\\/e-veloboutique.fr\\\/?page_id=2354#breadcrumb\",\"itemListElement\":[{\"@type\":\"ListItem\",\"position\":1,\"name\":\"Accueil\",\"item\":\"https:\\\/\\\/e-veloboutique.fr\\\/\"},{\"@type\":\"ListItem\",\"position\":2,\"name\":\"Mentions l\u00e9gales\"}]},{\"@type\":\"WebSite\",\"@id\":\"https:\\\/\\\/e-veloboutique.fr\\\/#website\",\"url\":\"https:\\\/\\\/e-veloboutique.fr\\\/\",\"name\":\"E-velos\",\"description\":\"\",\"publisher\":{\"@id\":\"https:\\\/\\\/e-veloboutique.fr\\\/#organization\"},\"potentialAction\":[{\"@type\":\"SearchAction\",\"target\":{\"@type\":\"EntryPoint\",\"urlTemplate\":\"https:\\\/\\\/e-veloboutique.fr\\\/?s={search_term_string}\"},\"query-input\":{\"@type\":\"PropertyValueSpecification\",\"valueRequired\":true,\"valueName\":\"search_term_string\"}}],\"inLanguage\":\"fr-FR\"},{\"@type\":\"Organization\",\"@id\":\"https:\\\/\\\/e-veloboutique.fr\\\/#organization\",\"name\":\"e-veloboutique.fr\",\"url\":\"https:\\\/\\\/e-veloboutique.fr\\\/\",\"logo\":{\"@type\":\"ImageObject\",\"inLanguage\":\"fr-FR\",\"@id\":\"https:\\\/\\\/e-veloboutique.fr\\\/#\\\/schema\\\/logo\\\/image\\\/\",\"url\":\"https:\\\/\\\/e-veloboutique.fr\\\/wp-content\\\/uploads\\\/2024\\\/12\\\/evelos-boutique.jpg\",\"contentUrl\":\"https:\\\/\\\/e-veloboutique.fr\\\/wp-content\\\/uploads\\\/2024\\\/12\\\/evelos-boutique.jpg\",\"width\":75,\"height\":75,\"caption\":\"e-veloboutique.fr\"},\"image\":{\"@id\":\"https:\\\/\\\/e-veloboutique.fr\\\/#\\\/schema\\\/logo\\\/image\\\/\"}}]}<\/script>\n<!-- \/ Yoast SEO plugin. -->","yoast_head_json":{"title":"Mentions l\u00e9gales - e-veloboutique.fr","description":"Optez pour des V\u00e9los pliant pas cher l\u00e9gers et fiables, alliant confort, performance et design, pour des d\u00e9placements urbains sans effort.","robots":{"index":"index","follow":"follow","max-snippet":"max-snippet:-1","max-image-preview":"max-image-preview:large","max-video-preview":"max-video-preview:-1"},"canonical":"https:\/\/e-veloboutique.fr\/?page_id=2354","og_locale":"fr_FR","og_type":"article","og_title":"Mentions l\u00e9gales - e-veloboutique.fr","og_description":"Optez pour des V\u00e9los pliant pas cher l\u00e9gers et fiables, alliant confort, performance et design, pour des d\u00e9placements urbains sans effort.","og_url":"https:\/\/e-veloboutique.fr\/?page_id=2354","og_site_name":"e-veloboutique.fr","article_modified_time":"2026-01-15T16:47:21+00:00","og_image":[{"width":1120,"height":1120,"url":"https:\/\/e-veloboutique.fr\/wp-content\/uploads\/2024\/12\/Leonardo_Phoenix_Design_a_minimalist_and_elegant_logo_for_Eve_1-2.jpg","type":"image\/jpeg"}],"twitter_card":"summary_large_image","twitter_misc":{"Dur\u00e9e de lecture estim\u00e9e":"2 minutes"},"schema":{"@context":"https:\/\/schema.org","@graph":[{"@type":"WebPage","@id":"https:\/\/e-veloboutique.fr\/?page_id=2354","url":"https:\/\/e-veloboutique.fr\/?page_id=2354","name":"Mentions l\u00e9gales - e-veloboutique.fr","isPartOf":{"@id":"https:\/\/e-veloboutique.fr\/#website"},"primaryImageOfPage":{"@id":"https:\/\/e-veloboutique.fr\/?page_id=2354#primaryimage"},"image":{"@id":"https:\/\/e-veloboutique.fr\/?page_id=2354#primaryimage"},"thumbnailUrl":"https:\/\/e-veloboutique.fr\/wp-content\/uploads\/2024\/12\/Leonardo_Phoenix_Design_a_minimalist_and_elegant_logo_for_Eve_1-2.jpg","datePublished":"2024-11-22T01:22:38+00:00","dateModified":"2026-01-15T16:47:21+00:00","description":"Optez pour des V\u00e9los pliant pas cher l\u00e9gers et fiables, alliant confort, performance et design, pour des d\u00e9placements urbains sans effort.","breadcrumb":{"@id":"https:\/\/e-veloboutique.fr\/?page_id=2354#breadcrumb"},"inLanguage":"fr-FR","potentialAction":[{"@type":"ReadAction","target":["https:\/\/e-veloboutique.fr\/?page_id=2354"]}]},{"@type":"ImageObject","inLanguage":"fr-FR","@id":"https:\/\/e-veloboutique.fr\/?page_id=2354#primaryimage","url":"https:\/\/e-veloboutique.fr\/wp-content\/uploads\/2024\/12\/Leonardo_Phoenix_Design_a_minimalist_and_elegant_logo_for_Eve_1-2.jpg","contentUrl":"https:\/\/e-veloboutique.fr\/wp-content\/uploads\/2024\/12\/Leonardo_Phoenix_Design_a_minimalist_and_elegant_logo_for_Eve_1-2.jpg","width":1120,"height":1120,"caption":"v\u00e9lo pliant pas cher"},{"@type":"BreadcrumbList","@id":"https:\/\/e-veloboutique.fr\/?page_id=2354#breadcrumb","itemListElement":[{"@type":"ListItem","position":1,"name":"Accueil","item":"https:\/\/e-veloboutique.fr\/"},{"@type":"ListItem","position":2,"name":"Mentions l\u00e9gales"}]},{"@type":"WebSite","@id":"https:\/\/e-veloboutique.fr\/#website","url":"https:\/\/e-veloboutique.fr\/","name":"E-velos","description":"","publisher":{"@id":"https:\/\/e-veloboutique.fr\/#organization"},"potentialAction":[{"@type":"SearchAction","target":{"@type":"EntryPoint","urlTemplate":"https:\/\/e-veloboutique.fr\/?s={search_term_string}"},"query-input":{"@type":"PropertyValueSpecification","valueRequired":true,"valueName":"search_term_string"}}],"inLanguage":"fr-FR"},{"@type":"Organization","@id":"https:\/\/e-veloboutique.fr\/#organization","name":"e-veloboutique.fr","url":"https:\/\/e-veloboutique.fr\/","logo":{"@type":"ImageObject","inLanguage":"fr-FR","@id":"https:\/\/e-veloboutique.fr\/#\/schema\/logo\/image\/","url":"https:\/\/e-veloboutique.fr\/wp-content\/uploads\/2024\/12\/evelos-boutique.jpg","contentUrl":"https:\/\/e-veloboutique.fr\/wp-content\/uploads\/2024\/12\/evelos-boutique.jpg","width":75,"height":75,"caption":"e-veloboutique.fr"},"image":{"@id":"https:\/\/e-veloboutique.fr\/#\/schema\/logo\/image\/"}}]}},"_links":{"self":[{"href":"https:\/\/e-veloboutique.fr\/index.php?rest_route=\/wp\/v2\/pages\/2354","targetHints":{"allow":["GET"]}}],"collection":[{"href":"https:\/\/e-veloboutique.fr\/index.php?rest_route=\/wp\/v2\/pages"}],"about":[{"href":"https:\/\/e-veloboutique.fr\/index.php?rest_route=\/wp\/v2\/types\/page"}],"author":[{"embeddable":true,"href":"https:\/\/e-veloboutique.fr\/index.php?rest_route=\/wp\/v2\/users\/1"}],"replies":[{"embeddable":true,"href":"https:\/\/e-veloboutique.fr\/index.php?rest_route=%2Fwp%2Fv2%2Fcomments&post=2354"}],"version-history":[{"count":18,"href":"https:\/\/e-veloboutique.fr\/index.php?rest_route=\/wp\/v2\/pages\/2354\/revisions"}],"predecessor-version":[{"id":37238,"href":"https:\/\/e-veloboutique.fr\/index.php?rest_route=\/wp\/v2\/pages\/2354\/revisions\/37238"}],"wp:featuredmedia":[{"embeddable":true,"href":"https:\/\/e-veloboutique.fr\/index.php?rest_route=\/wp\/v2\/media\/15898"}],"wp:attachment":[{"href":"https:\/\/e-veloboutique.fr\/index.php?rest_route=%2Fwp%2Fv2%2Fmedia&parent=2354"}],"curies":[{"name":"wp","href":"https:\/\/api.w.org\/{rel}","templated":true}]}}