{"id":2358,"date":"2024-11-22T01:54:41","date_gmt":"2024-11-22T01:54:41","guid":{"rendered":"https:\/\/e-veloboutique.fr\/?page_id=2358"},"modified":"2024-11-22T01:54:43","modified_gmt":"2024-11-22T01:54:43","slug":"mode-de-paiement","status":"publish","type":"page","link":"https:\/\/e-veloboutique.fr\/?page_id=2358","title":{"rendered":"Mode de Paiement"},"content":{"rendered":"\n<p>Nous proposons plusieurs <strong>modes de paiement s\u00e9curis\u00e9s<\/strong> pour vous permettre d&rsquo;acheter votre v\u00e9lo \u00e9lectrique en toute tranquillit\u00e9. D\u00e9couvrez nos options ci-dessous.<\/p>\n\n\n\n<hr class=\"wp-block-separator has-alpha-channel-opacity\"\/>\n\n\n\n<h3 class=\"wp-block-heading\">1. <strong>Carte Bancaire<\/strong><\/h3>\n\n\n\n<p>Nous acceptons les cartes bancaires <strong>Visa<\/strong>, <strong>MasterCard<\/strong> et <strong>American Express<\/strong>.<br>Le paiement est effectu\u00e9 de mani\u00e8re s\u00e9curis\u00e9e gr\u00e2ce \u00e0 un cryptage SSL, garantissant la protection de vos informations personnelles.<\/p>\n\n\n\n<hr class=\"wp-block-separator has-alpha-channel-opacity\"\/>\n\n\n\n<h3 class=\"wp-block-heading\">2. <strong>PayPal<\/strong><\/h3>\n\n\n\n<p>Vous pouvez payer en toute s\u00e9curit\u00e9 via <strong>PayPal<\/strong>. Si vous avez un compte PayPal, il vous suffit de vous connecter pour effectuer votre paiement. Si vous n\u2019avez pas de compte PayPal, vous pouvez utiliser votre carte bancaire directement sur la plateforme.<\/p>\n\n\n\n<hr class=\"wp-block-separator has-alpha-channel-opacity\"\/>\n\n\n\n<h3 class=\"wp-block-heading\">3. <strong>Virement Bancaire<\/strong><\/h3>\n\n\n\n<p>Vous pr\u00e9f\u00e9rez payer par <strong>virement bancaire<\/strong> ? Aucun probl\u00e8me. Apr\u00e8s la validation de votre commande, vous recevrez nos coordonn\u00e9es bancaires. Assurez-vous d&rsquo;indiquer votre num\u00e9ro de commande dans l&rsquo;objet du virement pour acc\u00e9l\u00e9rer le traitement de votre paiement.<\/p>\n\n\n\n<hr class=\"wp-block-separator has-alpha-channel-opacity\"\/>\n\n\n\n<h3 class=\"wp-block-heading\">4. <strong>Paiement en 3 ou 4 fois<\/strong><\/h3>\n\n\n\n<p>Nous proposons le <strong>paiement en 3 ou 4 fois<\/strong>, sans frais suppl\u00e9mentaires. Cette option est disponible lors de la validation de votre commande. Vous recevrez un calendrier de paiement clair et pr\u00e9cis.<\/p>\n\n\n\n<hr class=\"wp-block-separator has-alpha-channel-opacity\"\/>\n\n\n\n<h3 class=\"wp-block-heading\">5. <strong>Autres M\u00e9thodes de Paiement<\/strong><\/h3>\n\n\n\n<ul class=\"wp-block-list\">\n<li><strong>Apple Pay<\/strong><\/li>\n\n\n\n<li><strong>Google Pay<\/strong><\/li>\n<\/ul>\n\n\n\n<p>Nous acceptons aussi <strong>Apple Pay<\/strong> et <strong>Google Pay<\/strong> pour plus de simplicit\u00e9 et de rapidit\u00e9. Utilisez ces services pour un paiement fluide depuis votre appareil mobile.<\/p>\n\n\n\n<hr class=\"wp-block-separator has-alpha-channel-opacity\"\/>\n\n\n\n<h3 class=\"wp-block-heading\">6. <strong>Monnaies Accept\u00e9es<\/strong><\/h3>\n\n\n\n<p>Les paiements sont effectu\u00e9s en <strong>euros (EUR)<\/strong>. Si vous payez dans une autre devise, le montant sera automatiquement converti selon les taux de change en vigueur au moment de la transaction.<\/p>\n\n\n\n<hr class=\"wp-block-separator has-alpha-channel-opacity\"\/>\n\n\n\n<h3 class=\"wp-block-heading\">7. <strong>D\u00e9lai de Paiement<\/strong><\/h3>\n\n\n\n<p>Pour garantir la disponibilit\u00e9 de votre commande, nous vous demandons de <strong>finaliser votre paiement dans les 48 heures suivant la commande<\/strong>. Pass\u00e9 ce d\u00e9lai, la commande sera annul\u00e9e. Si vous avez des difficult\u00e9s pour finaliser votre paiement, notre service client est \u00e0 votre disposition pour vous assister.<\/p>\n\n\n\n<hr class=\"wp-block-separator has-alpha-channel-opacity\"\/>\n\n\n\n<h3 class=\"wp-block-heading\">8. <strong>Facturation et TVA<\/strong><\/h3>\n\n\n\n<p>Tous les prix affich\u00e9s sur notre site incluent <strong>la TVA (Toutes Taxes Comprises)<\/strong>. Vous recevrez une <strong>facture d\u00e9taill\u00e9e<\/strong> apr\u00e8s votre paiement, envoy\u00e9e par email.<br>Les clients r\u00e9sidant en dehors de l\u2019Union Europ\u00e9enne peuvent b\u00e9n\u00e9ficier d\u2019une exon\u00e9ration de TVA.<\/p>\n\n\n\n<hr class=\"wp-block-separator has-alpha-channel-opacity\"\/>\n\n\n\n<h3 class=\"wp-block-heading\">9. <strong>Retours et Remboursements<\/strong><\/h3>\n\n\n\n<p>Si vous n&rsquo;\u00eates pas enti\u00e8rement satisfait de votre achat, vous pouvez retourner votre v\u00e9lo dans un d\u00e9lai de <strong>14 jours<\/strong> apr\u00e8s r\u00e9ception pour un <strong>remboursement complet<\/strong>. Les frais de retour sont \u00e0 votre charge, sauf en cas de produit d\u00e9fectueux. Le remboursement sera effectu\u00e9 via le m\u00eame mode de paiement utilis\u00e9 lors de votre commande.<\/p>\n\n\n\n<hr class=\"wp-block-separator has-alpha-channel-opacity\"\/>\n\n\n\n<h3 class=\"wp-block-heading\">10. <strong>S\u00e9curisation des Paiements<\/strong><\/h3>\n\n\n\n<p>Tous les paiements sont trait\u00e9s via des <strong>passerelles de paiement s\u00e9curis\u00e9es<\/strong>. Nous utilisons des technologies de cryptage de pointe pour prot\u00e9ger vos informations personnelles et bancaires.<br><strong>Stripe<\/strong> et <strong>PayPal<\/strong> sont nos partenaires de confiance pour un paiement s\u00e9curis\u00e9.<\/p>\n\n\n\n<hr class=\"wp-block-separator has-alpha-channel-opacity\"\/>\n\n\n\n<h3 class=\"wp-block-heading\">11. <strong>Probl\u00e8mes de Paiement<\/strong><\/h3>\n\n\n\n<p>Si vous rencontrez un probl\u00e8me de paiement (carte refus\u00e9e, probl\u00e8me technique), nous vous conseillons de v\u00e9rifier les informations de votre carte ou de contacter votre banque. Si le probl\u00e8me persiste, notre <strong>service client<\/strong> est \u00e0 votre disposition pour vous aider \u00e0 r\u00e9soudre la situation rapidement.<\/p>\n\n\n\n<hr class=\"wp-block-separator has-alpha-channel-opacity\"\/>\n\n\n\n<h3 class=\"wp-block-heading\">12. <strong>Mentions L\u00e9gales et Protection des Donn\u00e9es<\/strong><\/h3>\n\n\n\n<p>En proc\u00e9dant \u00e0 un achat, vous acceptez nos <strong>Conditions G\u00e9n\u00e9rales de Vente<\/strong> et notre <strong>politique de confidentialit\u00e9<\/strong>. Nous nous engageons \u00e0 prot\u00e9ger vos donn\u00e9es personnelles conform\u00e9ment aux lois en vigueur.<\/p>\n<p>Views: 28<\/p>","protected":false},"excerpt":{"rendered":"<p>Nous proposons plusieurs modes de paiement s\u00e9curis\u00e9s pour vous permettre d&rsquo;acheter votre v\u00e9lo \u00e9lectrique en toute tranquillit\u00e9. D\u00e9couvrez nos options<\/p>\n","protected":false},"author":1,"featured_media":2289,"parent":0,"menu_order":0,"comment_status":"closed","ping_status":"closed","template":"","meta":{"footnotes":""},"class_list":["post-2358","page","type-page","status-publish","has-post-thumbnail","hentry"],"yoast_head":"<!-- This site is optimized with the Yoast SEO plugin v27.5 - https:\/\/yoast.com\/product\/yoast-seo-wordpress\/ -->\n<title>Mode de Paiement - e-veloboutique.fr<\/title>\n<meta name=\"description\" content=\"Optez pour des v\u00e9los \u00e9lectriques l\u00e9gers et fiables, offrant performance et confort pour vos trajets urbains et quotidiens.\" \/>\n<meta name=\"robots\" content=\"index, follow, max-snippet:-1, max-image-preview:large, max-video-preview:-1\" \/>\n<link rel=\"canonical\" href=\"https:\/\/e-veloboutique.fr\/?page_id=2358\" \/>\n<meta property=\"og:locale\" content=\"fr_FR\" \/>\n<meta property=\"og:type\" content=\"article\" \/>\n<meta property=\"og:title\" content=\"Mode de Paiement - e-veloboutique.fr\" \/>\n<meta property=\"og:description\" content=\"Optez pour des v\u00e9los \u00e9lectriques l\u00e9gers et fiables, offrant performance et confort pour vos trajets urbains et quotidiens.\" \/>\n<meta property=\"og:url\" content=\"https:\/\/e-veloboutique.fr\/?page_id=2358\" \/>\n<meta property=\"og:site_name\" content=\"e-veloboutique.fr\" \/>\n<meta property=\"article:modified_time\" content=\"2024-11-22T01:54:43+00:00\" \/>\n<meta property=\"og:image\" content=\"https:\/\/e-veloboutique.fr\/wp-content\/uploads\/2024\/11\/cropped-logo-evelob-1.png\" \/>\n\t<meta property=\"og:image:width\" content=\"121\" \/>\n\t<meta property=\"og:image:height\" content=\"84\" \/>\n\t<meta property=\"og:image:type\" content=\"image\/png\" \/>\n<meta name=\"twitter:card\" content=\"summary_large_image\" \/>\n<meta name=\"twitter:label1\" content=\"Dur\u00e9e de lecture estim\u00e9e\" \/>\n\t<meta name=\"twitter:data1\" content=\"3 minutes\" \/>\n<script type=\"application\/ld+json\" class=\"yoast-schema-graph\">{\"@context\":\"https:\\\/\\\/schema.org\",\"@graph\":[{\"@type\":\"WebPage\",\"@id\":\"https:\\\/\\\/e-veloboutique.fr\\\/?page_id=2358\",\"url\":\"https:\\\/\\\/e-veloboutique.fr\\\/?page_id=2358\",\"name\":\"Mode de Paiement - e-veloboutique.fr\",\"isPartOf\":{\"@id\":\"https:\\\/\\\/e-veloboutique.fr\\\/#website\"},\"primaryImageOfPage\":{\"@id\":\"https:\\\/\\\/e-veloboutique.fr\\\/?page_id=2358#primaryimage\"},\"image\":{\"@id\":\"https:\\\/\\\/e-veloboutique.fr\\\/?page_id=2358#primaryimage\"},\"thumbnailUrl\":\"https:\\\/\\\/e-veloboutique.fr\\\/wp-content\\\/uploads\\\/2024\\\/11\\\/cropped-logo-evelob-1.png\",\"datePublished\":\"2024-11-22T01:54:41+00:00\",\"dateModified\":\"2024-11-22T01:54:43+00:00\",\"description\":\"Optez pour des v\u00e9los \u00e9lectriques l\u00e9gers et fiables, offrant performance et confort pour vos trajets urbains et quotidiens.\",\"breadcrumb\":{\"@id\":\"https:\\\/\\\/e-veloboutique.fr\\\/?page_id=2358#breadcrumb\"},\"inLanguage\":\"fr-FR\",\"potentialAction\":[{\"@type\":\"ReadAction\",\"target\":[\"https:\\\/\\\/e-veloboutique.fr\\\/?page_id=2358\"]}]},{\"@type\":\"ImageObject\",\"inLanguage\":\"fr-FR\",\"@id\":\"https:\\\/\\\/e-veloboutique.fr\\\/?page_id=2358#primaryimage\",\"url\":\"https:\\\/\\\/e-veloboutique.fr\\\/wp-content\\\/uploads\\\/2024\\\/11\\\/cropped-logo-evelob-1.png\",\"contentUrl\":\"https:\\\/\\\/e-veloboutique.fr\\\/wp-content\\\/uploads\\\/2024\\\/11\\\/cropped-logo-evelob-1.png\",\"width\":121,\"height\":84,\"caption\":\"V\u00e9los \u00e9lectriques l\u00e9gers et fiables\"},{\"@type\":\"BreadcrumbList\",\"@id\":\"https:\\\/\\\/e-veloboutique.fr\\\/?page_id=2358#breadcrumb\",\"itemListElement\":[{\"@type\":\"ListItem\",\"position\":1,\"name\":\"Accueil\",\"item\":\"https:\\\/\\\/e-veloboutique.fr\\\/\"},{\"@type\":\"ListItem\",\"position\":2,\"name\":\"Mode de Paiement\"}]},{\"@type\":\"WebSite\",\"@id\":\"https:\\\/\\\/e-veloboutique.fr\\\/#website\",\"url\":\"https:\\\/\\\/e-veloboutique.fr\\\/\",\"name\":\"E-velos\",\"description\":\"\",\"publisher\":{\"@id\":\"https:\\\/\\\/e-veloboutique.fr\\\/#organization\"},\"potentialAction\":[{\"@type\":\"SearchAction\",\"target\":{\"@type\":\"EntryPoint\",\"urlTemplate\":\"https:\\\/\\\/e-veloboutique.fr\\\/?s={search_term_string}\"},\"query-input\":{\"@type\":\"PropertyValueSpecification\",\"valueRequired\":true,\"valueName\":\"search_term_string\"}}],\"inLanguage\":\"fr-FR\"},{\"@type\":\"Organization\",\"@id\":\"https:\\\/\\\/e-veloboutique.fr\\\/#organization\",\"name\":\"e-veloboutique.fr\",\"url\":\"https:\\\/\\\/e-veloboutique.fr\\\/\",\"logo\":{\"@type\":\"ImageObject\",\"inLanguage\":\"fr-FR\",\"@id\":\"https:\\\/\\\/e-veloboutique.fr\\\/#\\\/schema\\\/logo\\\/image\\\/\",\"url\":\"https:\\\/\\\/e-veloboutique.fr\\\/wp-content\\\/uploads\\\/2024\\\/12\\\/evelos-boutique.jpg\",\"contentUrl\":\"https:\\\/\\\/e-veloboutique.fr\\\/wp-content\\\/uploads\\\/2024\\\/12\\\/evelos-boutique.jpg\",\"width\":75,\"height\":75,\"caption\":\"e-veloboutique.fr\"},\"image\":{\"@id\":\"https:\\\/\\\/e-veloboutique.fr\\\/#\\\/schema\\\/logo\\\/image\\\/\"}}]}<\/script>\n<!-- \/ Yoast SEO plugin. -->","yoast_head_json":{"title":"Mode de Paiement - e-veloboutique.fr","description":"Optez pour des v\u00e9los \u00e9lectriques l\u00e9gers et fiables, offrant performance et confort pour vos trajets urbains et quotidiens.","robots":{"index":"index","follow":"follow","max-snippet":"max-snippet:-1","max-image-preview":"max-image-preview:large","max-video-preview":"max-video-preview:-1"},"canonical":"https:\/\/e-veloboutique.fr\/?page_id=2358","og_locale":"fr_FR","og_type":"article","og_title":"Mode de Paiement - e-veloboutique.fr","og_description":"Optez pour des v\u00e9los \u00e9lectriques l\u00e9gers et fiables, offrant performance et confort pour vos trajets urbains et quotidiens.","og_url":"https:\/\/e-veloboutique.fr\/?page_id=2358","og_site_name":"e-veloboutique.fr","article_modified_time":"2024-11-22T01:54:43+00:00","og_image":[{"width":121,"height":84,"url":"https:\/\/e-veloboutique.fr\/wp-content\/uploads\/2024\/11\/cropped-logo-evelob-1.png","type":"image\/png"}],"twitter_card":"summary_large_image","twitter_misc":{"Dur\u00e9e de lecture estim\u00e9e":"3 minutes"},"schema":{"@context":"https:\/\/schema.org","@graph":[{"@type":"WebPage","@id":"https:\/\/e-veloboutique.fr\/?page_id=2358","url":"https:\/\/e-veloboutique.fr\/?page_id=2358","name":"Mode de Paiement - e-veloboutique.fr","isPartOf":{"@id":"https:\/\/e-veloboutique.fr\/#website"},"primaryImageOfPage":{"@id":"https:\/\/e-veloboutique.fr\/?page_id=2358#primaryimage"},"image":{"@id":"https:\/\/e-veloboutique.fr\/?page_id=2358#primaryimage"},"thumbnailUrl":"https:\/\/e-veloboutique.fr\/wp-content\/uploads\/2024\/11\/cropped-logo-evelob-1.png","datePublished":"2024-11-22T01:54:41+00:00","dateModified":"2024-11-22T01:54:43+00:00","description":"Optez pour des v\u00e9los \u00e9lectriques l\u00e9gers et fiables, offrant performance et confort pour vos trajets urbains et quotidiens.","breadcrumb":{"@id":"https:\/\/e-veloboutique.fr\/?page_id=2358#breadcrumb"},"inLanguage":"fr-FR","potentialAction":[{"@type":"ReadAction","target":["https:\/\/e-veloboutique.fr\/?page_id=2358"]}]},{"@type":"ImageObject","inLanguage":"fr-FR","@id":"https:\/\/e-veloboutique.fr\/?page_id=2358#primaryimage","url":"https:\/\/e-veloboutique.fr\/wp-content\/uploads\/2024\/11\/cropped-logo-evelob-1.png","contentUrl":"https:\/\/e-veloboutique.fr\/wp-content\/uploads\/2024\/11\/cropped-logo-evelob-1.png","width":121,"height":84,"caption":"V\u00e9los \u00e9lectriques l\u00e9gers et fiables"},{"@type":"BreadcrumbList","@id":"https:\/\/e-veloboutique.fr\/?page_id=2358#breadcrumb","itemListElement":[{"@type":"ListItem","position":1,"name":"Accueil","item":"https:\/\/e-veloboutique.fr\/"},{"@type":"ListItem","position":2,"name":"Mode de Paiement"}]},{"@type":"WebSite","@id":"https:\/\/e-veloboutique.fr\/#website","url":"https:\/\/e-veloboutique.fr\/","name":"E-velos","description":"","publisher":{"@id":"https:\/\/e-veloboutique.fr\/#organization"},"potentialAction":[{"@type":"SearchAction","target":{"@type":"EntryPoint","urlTemplate":"https:\/\/e-veloboutique.fr\/?s={search_term_string}"},"query-input":{"@type":"PropertyValueSpecification","valueRequired":true,"valueName":"search_term_string"}}],"inLanguage":"fr-FR"},{"@type":"Organization","@id":"https:\/\/e-veloboutique.fr\/#organization","name":"e-veloboutique.fr","url":"https:\/\/e-veloboutique.fr\/","logo":{"@type":"ImageObject","inLanguage":"fr-FR","@id":"https:\/\/e-veloboutique.fr\/#\/schema\/logo\/image\/","url":"https:\/\/e-veloboutique.fr\/wp-content\/uploads\/2024\/12\/evelos-boutique.jpg","contentUrl":"https:\/\/e-veloboutique.fr\/wp-content\/uploads\/2024\/12\/evelos-boutique.jpg","width":75,"height":75,"caption":"e-veloboutique.fr"},"image":{"@id":"https:\/\/e-veloboutique.fr\/#\/schema\/logo\/image\/"}}]}},"_links":{"self":[{"href":"https:\/\/e-veloboutique.fr\/index.php?rest_route=\/wp\/v2\/pages\/2358","targetHints":{"allow":["GET"]}}],"collection":[{"href":"https:\/\/e-veloboutique.fr\/index.php?rest_route=\/wp\/v2\/pages"}],"about":[{"href":"https:\/\/e-veloboutique.fr\/index.php?rest_route=\/wp\/v2\/types\/page"}],"author":[{"embeddable":true,"href":"https:\/\/e-veloboutique.fr\/index.php?rest_route=\/wp\/v2\/users\/1"}],"replies":[{"embeddable":true,"href":"https:\/\/e-veloboutique.fr\/index.php?rest_route=%2Fwp%2Fv2%2Fcomments&post=2358"}],"version-history":[{"count":0,"href":"https:\/\/e-veloboutique.fr\/index.php?rest_route=\/wp\/v2\/pages\/2358\/revisions"}],"wp:featuredmedia":[{"embeddable":true,"href":"https:\/\/e-veloboutique.fr\/index.php?rest_route=\/wp\/v2\/media\/2289"}],"wp:attachment":[{"href":"https:\/\/e-veloboutique.fr\/index.php?rest_route=%2Fwp%2Fv2%2Fmedia&parent=2358"}],"curies":[{"name":"wp","href":"https:\/\/api.w.org\/{rel}","templated":true}]}}