{"id":2360,"date":"2024-11-22T02:08:09","date_gmt":"2024-11-22T02:08:09","guid":{"rendered":"https:\/\/e-veloboutique.fr\/?page_id=2360"},"modified":"2025-09-16T08:45:18","modified_gmt":"2025-09-16T08:45:18","slug":"politique-de-gestion-des-cookies","status":"publish","type":"page","link":"https:\/\/e-veloboutique.fr\/?page_id=2360","title":{"rendered":"Politique de gestion des cookies"},"content":{"rendered":"\t\t<div data-elementor-type=\"wp-page\" data-elementor-id=\"2360\" class=\"elementor elementor-2360\">\n\t\t\t\t<div class=\"wd-negative-gap elementor-element elementor-element-24c7d41b e-flex e-con-boxed e-con e-parent\" data-id=\"24c7d41b\" data-element_type=\"container\" data-e-type=\"container\">\n\t\t\t\t\t<div class=\"e-con-inner\">\n\t\t\t\t<div class=\"elementor-element elementor-element-755f26f5 color-scheme-inherit text-left elementor-widget elementor-widget-text-editor\" data-id=\"755f26f5\" data-element_type=\"widget\" data-e-type=\"widget\" data-widget_type=\"text-editor.default\">\n\t\t\t\t<div class=\"elementor-widget-container\">\n\t\t\t\t\t\t\t\t\t\n<h4 class=\"wp-block-heading\">1. <strong>Introduction<\/strong><\/h4>\n\n<p class=\"has-ast-global-color-8-color has-text-color has-link-color wp-elements-599462db6b4212ed79535a9b3ffaf045\">Nous, L&rsquo;entreprise E-VELO\u00a0 propri\u00e9taire du site (<strong>E-veloboutique.fr)<\/strong> attachons une grande importance \u00e0 la protection de votre vie priv\u00e9e. Cette politique de gestion des cookies a pour but de vous informer de mani\u00e8re transparente sur l\u2019utilisation des cookies sur notre site E-veloboutique.fr (<a href=\"https:\/\/e-veloboutique.fr\/\">https:\/\/e-veloboutique.fr<\/a>), d\u00e9di\u00e9 \u00e0 la vente de v\u00e9los \u00e9lectriques. En acc\u00e9dant \u00e0 notre site, vous acceptez l&rsquo;utilisation de cookies conform\u00e9ment \u00e0 cette politique. Vous pouvez \u00e0 tout moment modifier ou retirer votre consentement.<\/p>\n\n<h4 class=\"wp-block-heading\">2. <strong>Qu&rsquo;est-ce qu&rsquo;un cookie ?<\/strong><\/h4>\n\n<p>Un <strong>cookie<\/strong> est un petit fichier texte d\u00e9pos\u00e9 sur votre terminal (ordinateur, smartphone, tablette) lors de votre navigation sur un site internet. Il a pour objectif de collecter des informations relatives \u00e0 votre navigation pour am\u00e9liorer votre exp\u00e9rience utilisateur, optimiser notre site et personnaliser les contenus et publicit\u00e9s que vous voyez. Les cookies peuvent \u00eatre plac\u00e9s soit par notre site, soit par des tiers.<\/p>\n\n<h4 class=\"wp-block-heading\">3. <strong>Types de cookies utilis\u00e9s<\/strong><\/h4>\n\n<p>Nous utilisons plusieurs cat\u00e9gories de cookies sur notre site, d\u00e9taill\u00e9es ci-dessous :<\/p>\n\n<ul class=\"wp-block-list\">\n<li><strong>Cookies n\u00e9cessaires<\/strong><br \/>Ces cookies sont essentiels au bon fonctionnement du site. Ils permettent des fonctionnalit\u00e9s de base comme la navigation entre les pages et l\u2019acc\u00e8s aux zones s\u00e9curis\u00e9es du site. Sans ces cookies, le site ne peut pas fonctionner correctement.<br \/><em>Exemple : cookies de session, cookies pour le panier d&rsquo;achat.<\/em><\/li>\n\n<li><strong>Cookies de performance<\/strong><br \/>Ces cookies recueillent des informations sur la fa\u00e7on dont les utilisateurs interagissent avec notre site, comme les pages les plus visit\u00e9es ou les messages d&rsquo;erreur. Ces donn\u00e9es nous permettent d\u2019am\u00e9liorer la performance du site et l\u2019exp\u00e9rience utilisateur.<br \/><em>Exemple : Google Analytics, cookies de mesure d\u2019audience.<\/em><\/li>\n\n<li><strong>Cookies fonctionnels<\/strong><br \/>Ces cookies permettent au site de m\u00e9moriser les choix que vous avez faits (langue, r\u00e9gion, etc.) et de vous offrir des fonctionnalit\u00e9s am\u00e9lior\u00e9es et personnalis\u00e9es.<br \/><em>Exemple : m\u00e9morisation de vos pr\u00e9f\u00e9rences de langue ou de votre localisation.<\/em><\/li>\n\n<li><strong>Cookies publicitaires et de ciblage<\/strong><br \/>Ces cookies sont utilis\u00e9s pour afficher des publicit\u00e9s pertinentes en fonction de vos int\u00e9r\u00eats et pour limiter le nombre de fois o\u00f9 une publicit\u00e9 est affich\u00e9e. Ils peuvent \u00e9galement \u00eatre utilis\u00e9s pour mesurer l\u2019efficacit\u00e9 des campagnes publicitaires.<br \/><em>Exemple : cookies de publicit\u00e9 cibl\u00e9e par Google, Facebook Pixel.<\/em><\/li>\n\n<li><strong>Cookies tiers<\/strong><br \/>Notre site peut int\u00e9grer des services tiers qui placent des cookies sur votre appareil pour collecter des informations afin d&rsquo;analyser l\u2019usage de notre site ou personnaliser les publicit\u00e9s.<br \/><em>Exemple : cookies de plateformes sociales comme Facebook, Twitter.<\/em><\/li>\n<\/ul>\n\n<h4 class=\"wp-block-heading\">4. <strong>Finalit\u00e9s des cookies<\/strong><\/h4>\n\n<p>Les cookies utilis\u00e9s sur notre site servent aux finalit\u00e9s suivantes :<\/p>\n\n<ul class=\"wp-block-list\">\n<li><strong>Am\u00e9lioration de l\u2019exp\u00e9rience utilisateur<\/strong> : Personnalisation de votre navigation selon vos pr\u00e9f\u00e9rences.<\/li>\n\n<li><strong>Analyse de la performance du site<\/strong> : Recueil de donn\u00e9es pour am\u00e9liorer la navigation et la fonctionnalit\u00e9 de notre site.<\/li>\n\n<li><strong>Publicit\u00e9 cibl\u00e9e<\/strong> : Affichage de publicit\u00e9s pertinentes bas\u00e9es sur vos centres d\u2019int\u00e9r\u00eat et votre comportement en ligne.<\/li>\n\n<li><strong>Suivi de vos actions<\/strong> : Suivi de votre panier d&rsquo;achat et m\u00e9morisation des produits vus ou achet\u00e9s pour faciliter vos achats futurs.<\/li>\n<\/ul>\n\n<h4 class=\"wp-block-heading\">5. <strong>Consentement et gestion des cookies<\/strong><\/h4>\n\n<p>En acc\u00e9dant \u00e0 notre site pour la premi\u00e8re fois, vous \u00eates inform\u00e9 de l&rsquo;utilisation des cookies par le biais d\u2019une banni\u00e8re ou pop-up. Vous pouvez accepter ou refuser l\u2019utilisation de certains cookies, en particulier ceux qui ne sont pas n\u00e9cessaires au fonctionnement du site. Vous pouvez \u00e9galement g\u00e9rer vos pr\u00e9f\u00e9rences de cookies \u00e0 tout moment.<\/p>\n\n<ul class=\"wp-block-list\">\n<li><strong>Accepter les cookies<\/strong> : En cliquant sur \u00ab\u00a0Accepter\u00a0\u00bb, vous autorisez le placement de cookies sur votre appareil.<\/li>\n\n<li><strong>Refuser les cookies<\/strong> : En cliquant sur \u00ab\u00a0Refuser\u00a0\u00bb, seuls les cookies n\u00e9cessaires au fonctionnement du site seront activ\u00e9s.<\/li>\n\n<li><strong>G\u00e9rer vos pr\u00e9f\u00e9rences<\/strong> : Vous pouvez modifier vos pr\u00e9f\u00e9rences de cookies \u00e0 tout moment en acc\u00e9dant \u00e0 notre <strong>Gestion des cookies<\/strong> dans les param\u00e8tres de votre navigateur ou directement via notre site.<\/li>\n<\/ul>\n\n<h4 class=\"wp-block-heading\">6. <strong>Dur\u00e9e de conservation des cookies<\/strong><\/h4>\n\n<p>Les cookies sont conserv\u00e9s pendant une dur\u00e9e maximale de <strong>12 mois<\/strong>. Apr\u00e8s cette p\u00e9riode, nous vous demanderons de renouveler votre consentement. Les cookies tiers peuvent avoir une dur\u00e9e de conservation plus longue, selon la politique de chaque fournisseur de service.<\/p>\n\n<h4 class=\"wp-block-heading\">7. <strong>Partenaires tiers<\/strong><\/h4>\n\n<p>Nous faisons appel \u00e0 des <strong>partenaires tiers<\/strong> pour des services sp\u00e9cifiques qui peuvent \u00e9galement utiliser des cookies. Voici une liste non exhaustive de ces partenaires :<\/p>\n\n<ul class=\"wp-block-list\">\n<li><strong>Google Analytics<\/strong> : Analyser l\u2019audience et les performances du site.<\/li>\n\n<li><strong>Facebook Pixel<\/strong> : Diffuser des publicit\u00e9s cibl\u00e9es sur Facebook.<\/li>\n\n<li><strong>Google Ads<\/strong> : Diffuser des publicit\u00e9s cibl\u00e9es via le r\u00e9seau publicitaire de Google.<\/li>\n\n<li><strong>Twitter<\/strong> : Int\u00e9gration de contenus sociaux et suivi de l&rsquo;engagement.<\/li>\n<\/ul>\n\n<p>Vous pouvez consulter leurs politiques de cookies respectives pour en savoir plus sur la gestion de vos pr\u00e9f\u00e9rences de cookies :<\/p>\n\n<ul class=\"wp-block-list\">\n<li class=\"has-ast-global-color-8-color has-text-color has-link-color wp-elements-3e93e1cb5cabe4adffa5bfc9fe7c92e7\"><a>Google Analytics &#8211; Politique de confident<\/a><a href=\"https:\/\/e-veloboutique.fr\/privacy-policy\/\">ialit\u00e9<\/a><\/li>\n\n<li class=\"has-ast-global-color-8-color has-text-color has-link-color wp-elements-bca98e7e437cf578958cbf805fe5ad7c\"><a href=\"https:\/\/e-veloboutique.fr\/privacy-policy\/\">Facebook &#8211; Politique de confidentialit\u00e9<\/a><\/li>\n\n<li class=\"has-ast-global-color-8-color has-text-color has-link-color wp-elements-db7154f0fe55302fb1b92589b5d8957f\"><a href=\"http:\/\/Politique de confidentialit\u00e9\">Twitter &#8211; Politique de confidentialit\u00e9<\/a><\/li>\n<\/ul>\n\n<h4 class=\"wp-block-heading\">8. <strong>Vos droits<\/strong><\/h4>\n\n<p>Conform\u00e9ment \u00e0 la l\u00e9gislation en vigueur, notamment le RGPD, vous avez les droits suivants :<\/p>\n\n<ul class=\"wp-block-list\">\n<li><strong>Acc\u00e9der aux donn\u00e9es collect\u00e9es<\/strong> : Vous avez le droit de demander des informations sur les donn\u00e9es collect\u00e9es via les cookies.<\/li>\n\n<li><strong>Modifier ou retirer votre consentement<\/strong> : Vous pouvez \u00e0 tout moment modifier vos pr\u00e9f\u00e9rences ou retirer votre consentement \u00e0 l\u2019utilisation des cookies.<\/li>\n\n<li><strong>Effacer ou bloquer les cookies<\/strong> : Vous avez la possibilit\u00e9 de supprimer ou bloquer les cookies dans les param\u00e8tres de votre navigateur.<\/li>\n\n<li><strong>Portabilit\u00e9 des donn\u00e9es<\/strong> : Vous pouvez demander \u00e0 recevoir les donn\u00e9es personnelles que nous avons collect\u00e9es sous un format structur\u00e9, couramment utilis\u00e9 et lisible par machine.<\/li>\n<\/ul>\n\n<h4 class=\"wp-block-heading\">9. <strong>Contact<\/strong><\/h4>\n\n<p>Si vous avez des questions ou des pr\u00e9occupations concernant notre politique de cookies ou la gestion de vos donn\u00e9es personnelles, vous pouvez nous contacter \u00e0 l\u2019adresse suivante :<\/p>\n\n<ul class=\"wp-block-list\">\n<li><strong>Email<\/strong> :info@e-veloboutique.fr<\/li>\n\n<li><strong>Adresse postale<\/strong> : L&rsquo;entreprise E-VELO GERS\u00a0 a actuellement domicili\u00e9 son \u00e9tablissement principal \u00e0 METAIRIE DE GIGNAN, 32290 LUPIAC France<\/li>\n<\/ul>\n\t\t\t\t\t\t\t\t<\/div>\n\t\t\t\t<\/div>\n\t\t\t\t\t<\/div>\n\t\t\t\t<\/div>\n\t\t\t\t<\/div>\n\t\t<p>Views: 17<\/p>","protected":false},"excerpt":{"rendered":"<p>1. Introduction Nous, L&rsquo;entreprise E-VELO\u00a0 propri\u00e9taire du site (E-veloboutique.fr) attachons une grande importance \u00e0 la protection de votre vie priv\u00e9e.<\/p>\n","protected":false},"author":1,"featured_media":2289,"parent":0,"menu_order":0,"comment_status":"closed","ping_status":"closed","template":"","meta":{"footnotes":""},"class_list":["post-2360","page","type-page","status-publish","has-post-thumbnail","hentry"],"yoast_head":"<!-- This site is optimized with the Yoast SEO plugin v27.5 - https:\/\/yoast.com\/product\/yoast-seo-wordpress\/ -->\n<title>Politique de gestion des cookies - e-veloboutique.fr<\/title>\n<meta name=\"description\" content=\"Explorez nos v\u00e9los \u00e9lectriques l\u00e9gers et fiables, alliant performance, confort et autonomie pour vos d\u00e9placements quotidiens en ville.\" \/>\n<meta name=\"robots\" content=\"index, follow, max-snippet:-1, max-image-preview:large, max-video-preview:-1\" \/>\n<link rel=\"canonical\" href=\"https:\/\/e-veloboutique.fr\/?page_id=2360\" \/>\n<meta property=\"og:locale\" content=\"fr_FR\" \/>\n<meta property=\"og:type\" content=\"article\" \/>\n<meta property=\"og:title\" content=\"Politique de gestion des cookies - e-veloboutique.fr\" \/>\n<meta property=\"og:description\" content=\"Explorez nos v\u00e9los \u00e9lectriques l\u00e9gers et fiables, alliant performance, confort et autonomie pour vos d\u00e9placements quotidiens en ville.\" \/>\n<meta property=\"og:url\" content=\"https:\/\/e-veloboutique.fr\/?page_id=2360\" \/>\n<meta property=\"og:site_name\" content=\"e-veloboutique.fr\" \/>\n<meta property=\"article:modified_time\" content=\"2025-09-16T08:45:18+00:00\" \/>\n<meta property=\"og:image\" content=\"https:\/\/e-veloboutique.fr\/wp-content\/uploads\/2024\/11\/cropped-logo-evelob-1.png\" \/>\n\t<meta property=\"og:image:width\" content=\"121\" \/>\n\t<meta property=\"og:image:height\" content=\"84\" \/>\n\t<meta property=\"og:image:type\" content=\"image\/png\" \/>\n<meta name=\"twitter:card\" content=\"summary_large_image\" \/>\n<meta name=\"twitter:label1\" content=\"Dur\u00e9e de lecture estim\u00e9e\" \/>\n\t<meta name=\"twitter:data1\" content=\"5 minutes\" \/>\n<script type=\"application\/ld+json\" class=\"yoast-schema-graph\">{\"@context\":\"https:\\\/\\\/schema.org\",\"@graph\":[{\"@type\":\"WebPage\",\"@id\":\"https:\\\/\\\/e-veloboutique.fr\\\/?page_id=2360\",\"url\":\"https:\\\/\\\/e-veloboutique.fr\\\/?page_id=2360\",\"name\":\"Politique de gestion des cookies - e-veloboutique.fr\",\"isPartOf\":{\"@id\":\"https:\\\/\\\/e-veloboutique.fr\\\/#website\"},\"primaryImageOfPage\":{\"@id\":\"https:\\\/\\\/e-veloboutique.fr\\\/?page_id=2360#primaryimage\"},\"image\":{\"@id\":\"https:\\\/\\\/e-veloboutique.fr\\\/?page_id=2360#primaryimage\"},\"thumbnailUrl\":\"https:\\\/\\\/e-veloboutique.fr\\\/wp-content\\\/uploads\\\/2024\\\/11\\\/cropped-logo-evelob-1.png\",\"datePublished\":\"2024-11-22T02:08:09+00:00\",\"dateModified\":\"2025-09-16T08:45:18+00:00\",\"description\":\"Explorez nos v\u00e9los \u00e9lectriques l\u00e9gers et fiables, alliant performance, confort et autonomie pour vos d\u00e9placements quotidiens en ville.\",\"breadcrumb\":{\"@id\":\"https:\\\/\\\/e-veloboutique.fr\\\/?page_id=2360#breadcrumb\"},\"inLanguage\":\"fr-FR\",\"potentialAction\":[{\"@type\":\"ReadAction\",\"target\":[\"https:\\\/\\\/e-veloboutique.fr\\\/?page_id=2360\"]}]},{\"@type\":\"ImageObject\",\"inLanguage\":\"fr-FR\",\"@id\":\"https:\\\/\\\/e-veloboutique.fr\\\/?page_id=2360#primaryimage\",\"url\":\"https:\\\/\\\/e-veloboutique.fr\\\/wp-content\\\/uploads\\\/2024\\\/11\\\/cropped-logo-evelob-1.png\",\"contentUrl\":\"https:\\\/\\\/e-veloboutique.fr\\\/wp-content\\\/uploads\\\/2024\\\/11\\\/cropped-logo-evelob-1.png\",\"width\":121,\"height\":84,\"caption\":\"V\u00e9los \u00e9lectriques l\u00e9gers et fiables\"},{\"@type\":\"BreadcrumbList\",\"@id\":\"https:\\\/\\\/e-veloboutique.fr\\\/?page_id=2360#breadcrumb\",\"itemListElement\":[{\"@type\":\"ListItem\",\"position\":1,\"name\":\"Accueil\",\"item\":\"https:\\\/\\\/e-veloboutique.fr\\\/\"},{\"@type\":\"ListItem\",\"position\":2,\"name\":\"Politique de gestion des cookies\"}]},{\"@type\":\"WebSite\",\"@id\":\"https:\\\/\\\/e-veloboutique.fr\\\/#website\",\"url\":\"https:\\\/\\\/e-veloboutique.fr\\\/\",\"name\":\"E-velos\",\"description\":\"\",\"publisher\":{\"@id\":\"https:\\\/\\\/e-veloboutique.fr\\\/#organization\"},\"potentialAction\":[{\"@type\":\"SearchAction\",\"target\":{\"@type\":\"EntryPoint\",\"urlTemplate\":\"https:\\\/\\\/e-veloboutique.fr\\\/?s={search_term_string}\"},\"query-input\":{\"@type\":\"PropertyValueSpecification\",\"valueRequired\":true,\"valueName\":\"search_term_string\"}}],\"inLanguage\":\"fr-FR\"},{\"@type\":\"Organization\",\"@id\":\"https:\\\/\\\/e-veloboutique.fr\\\/#organization\",\"name\":\"e-veloboutique.fr\",\"url\":\"https:\\\/\\\/e-veloboutique.fr\\\/\",\"logo\":{\"@type\":\"ImageObject\",\"inLanguage\":\"fr-FR\",\"@id\":\"https:\\\/\\\/e-veloboutique.fr\\\/#\\\/schema\\\/logo\\\/image\\\/\",\"url\":\"https:\\\/\\\/e-veloboutique.fr\\\/wp-content\\\/uploads\\\/2024\\\/12\\\/evelos-boutique.jpg\",\"contentUrl\":\"https:\\\/\\\/e-veloboutique.fr\\\/wp-content\\\/uploads\\\/2024\\\/12\\\/evelos-boutique.jpg\",\"width\":75,\"height\":75,\"caption\":\"e-veloboutique.fr\"},\"image\":{\"@id\":\"https:\\\/\\\/e-veloboutique.fr\\\/#\\\/schema\\\/logo\\\/image\\\/\"}}]}<\/script>\n<!-- \/ Yoast SEO plugin. -->","yoast_head_json":{"title":"Politique de gestion des cookies - e-veloboutique.fr","description":"Explorez nos v\u00e9los \u00e9lectriques l\u00e9gers et fiables, alliant performance, confort et autonomie pour vos d\u00e9placements quotidiens en ville.","robots":{"index":"index","follow":"follow","max-snippet":"max-snippet:-1","max-image-preview":"max-image-preview:large","max-video-preview":"max-video-preview:-1"},"canonical":"https:\/\/e-veloboutique.fr\/?page_id=2360","og_locale":"fr_FR","og_type":"article","og_title":"Politique de gestion des cookies - e-veloboutique.fr","og_description":"Explorez nos v\u00e9los \u00e9lectriques l\u00e9gers et fiables, alliant performance, confort et autonomie pour vos d\u00e9placements quotidiens en ville.","og_url":"https:\/\/e-veloboutique.fr\/?page_id=2360","og_site_name":"e-veloboutique.fr","article_modified_time":"2025-09-16T08:45:18+00:00","og_image":[{"width":121,"height":84,"url":"https:\/\/e-veloboutique.fr\/wp-content\/uploads\/2024\/11\/cropped-logo-evelob-1.png","type":"image\/png"}],"twitter_card":"summary_large_image","twitter_misc":{"Dur\u00e9e de lecture estim\u00e9e":"5 minutes"},"schema":{"@context":"https:\/\/schema.org","@graph":[{"@type":"WebPage","@id":"https:\/\/e-veloboutique.fr\/?page_id=2360","url":"https:\/\/e-veloboutique.fr\/?page_id=2360","name":"Politique de gestion des cookies - e-veloboutique.fr","isPartOf":{"@id":"https:\/\/e-veloboutique.fr\/#website"},"primaryImageOfPage":{"@id":"https:\/\/e-veloboutique.fr\/?page_id=2360#primaryimage"},"image":{"@id":"https:\/\/e-veloboutique.fr\/?page_id=2360#primaryimage"},"thumbnailUrl":"https:\/\/e-veloboutique.fr\/wp-content\/uploads\/2024\/11\/cropped-logo-evelob-1.png","datePublished":"2024-11-22T02:08:09+00:00","dateModified":"2025-09-16T08:45:18+00:00","description":"Explorez nos v\u00e9los \u00e9lectriques l\u00e9gers et fiables, alliant performance, confort et autonomie pour vos d\u00e9placements quotidiens en ville.","breadcrumb":{"@id":"https:\/\/e-veloboutique.fr\/?page_id=2360#breadcrumb"},"inLanguage":"fr-FR","potentialAction":[{"@type":"ReadAction","target":["https:\/\/e-veloboutique.fr\/?page_id=2360"]}]},{"@type":"ImageObject","inLanguage":"fr-FR","@id":"https:\/\/e-veloboutique.fr\/?page_id=2360#primaryimage","url":"https:\/\/e-veloboutique.fr\/wp-content\/uploads\/2024\/11\/cropped-logo-evelob-1.png","contentUrl":"https:\/\/e-veloboutique.fr\/wp-content\/uploads\/2024\/11\/cropped-logo-evelob-1.png","width":121,"height":84,"caption":"V\u00e9los \u00e9lectriques l\u00e9gers et fiables"},{"@type":"BreadcrumbList","@id":"https:\/\/e-veloboutique.fr\/?page_id=2360#breadcrumb","itemListElement":[{"@type":"ListItem","position":1,"name":"Accueil","item":"https:\/\/e-veloboutique.fr\/"},{"@type":"ListItem","position":2,"name":"Politique de gestion des cookies"}]},{"@type":"WebSite","@id":"https:\/\/e-veloboutique.fr\/#website","url":"https:\/\/e-veloboutique.fr\/","name":"E-velos","description":"","publisher":{"@id":"https:\/\/e-veloboutique.fr\/#organization"},"potentialAction":[{"@type":"SearchAction","target":{"@type":"EntryPoint","urlTemplate":"https:\/\/e-veloboutique.fr\/?s={search_term_string}"},"query-input":{"@type":"PropertyValueSpecification","valueRequired":true,"valueName":"search_term_string"}}],"inLanguage":"fr-FR"},{"@type":"Organization","@id":"https:\/\/e-veloboutique.fr\/#organization","name":"e-veloboutique.fr","url":"https:\/\/e-veloboutique.fr\/","logo":{"@type":"ImageObject","inLanguage":"fr-FR","@id":"https:\/\/e-veloboutique.fr\/#\/schema\/logo\/image\/","url":"https:\/\/e-veloboutique.fr\/wp-content\/uploads\/2024\/12\/evelos-boutique.jpg","contentUrl":"https:\/\/e-veloboutique.fr\/wp-content\/uploads\/2024\/12\/evelos-boutique.jpg","width":75,"height":75,"caption":"e-veloboutique.fr"},"image":{"@id":"https:\/\/e-veloboutique.fr\/#\/schema\/logo\/image\/"}}]}},"_links":{"self":[{"href":"https:\/\/e-veloboutique.fr\/index.php?rest_route=\/wp\/v2\/pages\/2360","targetHints":{"allow":["GET"]}}],"collection":[{"href":"https:\/\/e-veloboutique.fr\/index.php?rest_route=\/wp\/v2\/pages"}],"about":[{"href":"https:\/\/e-veloboutique.fr\/index.php?rest_route=\/wp\/v2\/types\/page"}],"author":[{"embeddable":true,"href":"https:\/\/e-veloboutique.fr\/index.php?rest_route=\/wp\/v2\/users\/1"}],"replies":[{"embeddable":true,"href":"https:\/\/e-veloboutique.fr\/index.php?rest_route=%2Fwp%2Fv2%2Fcomments&post=2360"}],"version-history":[{"count":3,"href":"https:\/\/e-veloboutique.fr\/index.php?rest_route=\/wp\/v2\/pages\/2360\/revisions"}],"predecessor-version":[{"id":34640,"href":"https:\/\/e-veloboutique.fr\/index.php?rest_route=\/wp\/v2\/pages\/2360\/revisions\/34640"}],"wp:featuredmedia":[{"embeddable":true,"href":"https:\/\/e-veloboutique.fr\/index.php?rest_route=\/wp\/v2\/media\/2289"}],"wp:attachment":[{"href":"https:\/\/e-veloboutique.fr\/index.php?rest_route=%2Fwp%2Fv2%2Fmedia&parent=2360"}],"curies":[{"name":"wp","href":"https:\/\/api.w.org\/{rel}","templated":true}]}}