{"id":16514,"date":"2024-12-24T03:48:51","date_gmt":"2024-12-24T03:48:51","guid":{"rendered":"https:\/\/e-veloboutique.fr\/?post_type=product&#038;p=16514"},"modified":"2024-12-24T03:56:37","modified_gmt":"2024-12-24T03:56:37","slug":"support-velo-pour-voiture-abordable","status":"publish","type":"product","link":"https:\/\/e-veloboutique.fr\/?product=support-velo-pour-voiture-abordable","title":{"rendered":"Porte v\u00e9lo Thule VeloCompact F \/ capacit\u00e9 3 v\u00e9los"},"content":{"rendered":"<div class=\"flex-1 overflow-hidden @container\/thread\">\n<div class=\"h-full\">\n<div class=\"react-scroll-to-bottom--css-szxtw-79elbk h-full\">\n<div class=\"react-scroll-to-bottom--css-szxtw-1n7m0yu\">\n<div class=\"flex flex-col text-sm md:pb-9\">\n<article class=\"w-full scroll-mb-[var(--thread-trailing-height,150px)] text-token-text-primary focus-visible:outline-2 focus-visible:outline-offset-[-4px]\" dir=\"auto\" data-testid=\"conversation-turn-3\" data-scroll-anchor=\"true\">\n<div class=\"m-auto text-base py-[18px] px-3 md:px-4 w-full md:px-5 lg:px-4 xl:px-5\">\n<div class=\"mx-auto flex flex-1 gap-4 text-base md:gap-5 lg:gap-6 md:max-w-3xl lg:max-w-[40rem] xl:max-w-[48rem]\">\n<div class=\"group\/conversation-turn relative flex w-full min-w-0 flex-col agent-turn\">\n<div class=\"flex-col gap-1 md:gap-3\">\n<div class=\"flex max-w-full flex-col flex-grow\">\n<div class=\"min-h-8 text-message flex w-full flex-col items-end gap-2 whitespace-normal break-words text-start [.text-message+&amp;]:mt-5\" dir=\"auto\" data-message-author-role=\"assistant\" data-message-id=\"306eb6e6-36f7-4b0d-a825-be79f4c41f83\" data-message-model-slug=\"gpt-4o-mini\">\n<div class=\"flex w-full flex-col gap-1 empty:hidden first:pt-[3px]\">\n<div class=\"markdown prose w-full break-words dark:prose-invert light\">\n<h4><strong>Support v\u00e9lo pour voiture abordable \u2013 Porte-v\u00e9lo Thule VeloCompact F (Capacit\u00e9 3 v\u00e9los)<\/strong><\/h4>\n<h3><\/h3>\n<p>Les passionn\u00e9s de cyclisme, qu&rsquo;ils soient d\u00e9butants ou exp\u00e9riment\u00e9s, connaissent bien l&rsquo;importance d&rsquo;un bon <strong>support v\u00e9lo pour voiture abordable<\/strong>. Le <strong>Porte-v\u00e9lo Thule VeloCompact F<\/strong>, avec sa capacit\u00e9 de 3 v\u00e9los, r\u00e9pond parfaitement \u00e0 ce besoin. Ce support innovant et \u00e9conomique permet de transporter facilement vos v\u00e9los sans compromettre la s\u00e9curit\u00e9 ni l&rsquo;accessibilit\u00e9. Que vous soyez en famille ou entre amis, partir \u00e0 l&rsquo;aventure avec vos v\u00e9los devient un jeu d&rsquo;enfant gr\u00e2ce \u00e0 ce produit pratique et fiable. D\u00e9couvrez comment ce porte-v\u00e9lo se distingue dans sa cat\u00e9gorie et pourquoi il est l&rsquo;option id\u00e9ale pour les cyclistes \u00e0 la recherche d&rsquo;une solution abordable.<\/p>\n<hr \/>\n<h3><strong>1. Pr\u00e9sentation d\u00e9taill\u00e9e du produit<\/strong><\/h3>\n<p>Le <strong>Porte-v\u00e9lo Thule VeloCompact F<\/strong> est con\u00e7u pour les utilisateurs recherchant une solution simple, fiable et <strong>\u00e0 prix abordable<\/strong> pour transporter leurs v\u00e9los en voiture. Ce mod\u00e8le est sp\u00e9cialement con\u00e7u pour les v\u00e9hicules avec attelage et permet de transporter jusqu&rsquo;\u00e0 3 v\u00e9los.<\/p>\n<h4><strong>Caract\u00e9ristiques techniques :<\/strong><\/h4>\n<ul>\n<li><strong>Capacit\u00e9<\/strong> : Jusqu&rsquo;\u00e0 3 v\u00e9los<\/li>\n<li><strong>Poids<\/strong> : 14,8 kg<\/li>\n<li><strong>Dimensions<\/strong> : 135 x 75 x 35 cm (pli\u00e9)<\/li>\n<li><strong>Compatibilit\u00e9<\/strong> : Convient aux v\u00e9los standards et aux v\u00e9los \u00e9lectriques<\/li>\n<li><strong>Fixation des v\u00e9los<\/strong> : Syst\u00e8me de fixation rapide avec des bras de maintien souples<\/li>\n<li><strong>Plateforme<\/strong> : Plateau avec pneus antid\u00e9rapants pour maintenir les v\u00e9los en place<\/li>\n<li><strong>S\u00e9curit\u00e9<\/strong> : Serrures de s\u00e9curit\u00e9 int\u00e9gr\u00e9es pour les v\u00e9los et pour le porte-v\u00e9lo<\/li>\n<li><strong>Installation<\/strong> : Facilit\u00e9 d&rsquo;installation sans outil, montage rapide gr\u00e2ce au syst\u00e8me d&rsquo;attelage<\/li>\n<li><strong>Mat\u00e9riaux<\/strong> : Aluminium l\u00e9ger et robuste<\/li>\n<\/ul>\n<h4><strong>Options disponibles :<\/strong><\/h4>\n<ul>\n<li><strong>Couleurs<\/strong> : Gris et noir<\/li>\n<li><strong>Mod\u00e8les<\/strong> : Version standard et version avec extension pour 3 v\u00e9los<\/li>\n<\/ul>\n<p>Le <strong>Porte-v\u00e9lo Thule VeloCompact F<\/strong> est une excellente solution pour ceux qui recherchent un <strong>support v\u00e9lo pour voiture pas cher<\/strong>, mais aussi pratique et de qualit\u00e9.<\/p>\n<hr \/>\n<h3><strong>2. Avantages et b\u00e9n\u00e9fices<\/strong><\/h3>\n<p>Le <strong>Porte-v\u00e9lo Thule VeloCompact F<\/strong> pr\u00e9sente plusieurs avantages qui r\u00e9pondent aux attentes des cyclistes exigeants tout en restant <strong>abordable<\/strong>.<\/p>\n<ul>\n<li><strong>Transport s\u00e9curis\u00e9<\/strong> : Les v\u00e9los sont fermement maintenus gr\u00e2ce \u00e0 des sangles et des bras ajustables, ce qui permet un transport sans risque de dommages.<\/li>\n<li><strong>Facilit\u00e9 d\u2019utilisation<\/strong> : Le montage et la fixation des v\u00e9los sont simples et rapides. Vous pouvez installer le support sans outils et fixer les v\u00e9los en quelques minutes.<\/li>\n<li><strong>Compacit\u00e9 et l\u00e9g\u00e8ret\u00e9<\/strong> : Ce porte-v\u00e9lo se plie facilement pour un rangement compact et pratique. Il peut \u00eatre transport\u00e9 et stock\u00e9 sans prendre trop de place, id\u00e9al pour les cyclistes en d\u00e9placement.<\/li>\n<li><strong>Accessibilit\u00e9<\/strong> : Il permet d\u2019acc\u00e9der au coffre de votre v\u00e9hicule, m\u00eame avec les v\u00e9los mont\u00e9s, gr\u00e2ce \u00e0 une bascule facile du porte-v\u00e9lo.<\/li>\n<li><strong>Qualit\u00e9 Thule<\/strong> : La marque Thule est reconnue pour ses produits robustes et fiables, offrant ainsi une longue dur\u00e9e de vie au produit, avec des mat\u00e9riaux r\u00e9sistants aux conditions climatiques diverses.<\/li>\n<\/ul>\n<p>En optant pour ce <strong>support v\u00e9lo voiture pas cher<\/strong>, vous faites le choix de la fiabilit\u00e9 et de la simplicit\u00e9. Ce produit am\u00e9liore l\u2019exp\u00e9rience des cyclistes en voyage, leur permettant de transporter facilement leurs v\u00e9los sans stress.<\/p>\n<hr \/>\n<h3><strong>3. Conseils d\u2019utilisation<\/strong><\/h3>\n<h4><strong>Astuces pratiques pour optimiser l\u2019utilisation du Thule VeloCompact F<\/strong> :<\/h4>\n<ol>\n<li><strong>V\u00e9rifiez toujours la fixation avant de prendre la route<\/strong> pour vous assurer que les v\u00e9los sont bien s\u00e9curis\u00e9s.<\/li>\n<li><strong>Utilisez les sangles de s\u00e9curit\u00e9<\/strong> pour fixer les roues et les cadres des v\u00e9los, garantissant qu&rsquo;ils ne bougent pas pendant le trajet.<\/li>\n<li><strong>Prot\u00e9gez vos v\u00e9los avec une housse de protection<\/strong> si vous pr\u00e9voyez un transport longue dur\u00e9e ou dans des conditions m\u00e9t\u00e9orologiques extr\u00eames.<\/li>\n<li><strong>Pensez \u00e0 utiliser un adaptateur<\/strong> si vous souhaitez transporter un v\u00e9lo avec un cadre particulier ou des pneus larges.<\/li>\n<\/ol>\n<h4><strong>Erreurs courantes \u00e0 \u00e9viter<\/strong> :<\/h4>\n<ul>\n<li><strong>Ne pas v\u00e9rifier la compatibilit\u00e9 avec votre v\u00e9hicule<\/strong> : Avant l&rsquo;achat, assurez-vous que le porte-v\u00e9lo est compatible avec votre v\u00e9hicule (type d&rsquo;attelage, poids maximal).<\/li>\n<li><strong>Charger le porte-v\u00e9lo au-del\u00e0 de sa capacit\u00e9<\/strong> : Ne d\u00e9passez pas la capacit\u00e9 maximale de 3 v\u00e9los pour \u00e9viter tout dommage \u00e0 votre v\u00e9hicule ou \u00e0 vos v\u00e9los.<\/li>\n<\/ul>\n<h4><strong>Accessoires compl\u00e9mentaires<\/strong> :<\/h4>\n<ul>\n<li><strong>Housses de protection pour v\u00e9los<\/strong><\/li>\n<li><strong>Adaptateurs pour v\u00e9los \u00e9lectriques<\/strong><\/li>\n<li><strong>Verrous de s\u00e9curit\u00e9 suppl\u00e9mentaires<\/strong><\/li>\n<\/ul>\n<hr \/>\n<h3><strong>4. Comparaison avec des produits similaires<\/strong><\/h3>\n<p>Pour vous aider \u00e0 faire le meilleur choix, voici une comparaison du <strong>Porte-v\u00e9lo Thule VeloCompact F<\/strong> avec d\u2019autres mod\u00e8les populaires dans la m\u00eame gamme de prix.<\/p>\n<h4><strong>Tableau comparatif :<\/strong><\/h4>\n<table>\n<thead>\n<tr>\n<th>Caract\u00e9ristique<\/th>\n<th><a href=\"https:\/\/e-veloboutique.fr\/home\/accessoires-velo-haut-de-gamme-pour-securite\/casques-pour-velo-electrique-de-ville\/casque-vtt-avec-protection-renforcee\/\"><strong>Thule VeloCompact F (3 v\u00e9los)<\/strong><\/a><\/th>\n<th><a href=\"https:\/\/e-veloboutique.fr\/home\/accessoires-velo-haut-de-gamme-pour-securite\/siege-velo-pour-bebe\/siege-velo-electrique-pour-enfant\/\"><strong>Porte-v\u00e9lo Thule EasyFold XT 3<\/strong><\/a><\/th>\n<th><strong>Porte-v\u00e9lo Menabo Trunk 3<\/strong><\/th>\n<\/tr>\n<\/thead>\n<tbody>\n<tr>\n<td><strong>Capacit\u00e9 de v\u00e9los<\/strong><\/td>\n<td>3<\/td>\n<td>3<\/td>\n<td>3<\/td>\n<\/tr>\n<tr>\n<td><strong>Poids<\/strong><\/td>\n<td>14,8 kg<\/td>\n<td>17,9 kg<\/td>\n<td>9,5 kg<\/td>\n<\/tr>\n<tr>\n<td><strong>Fixation des v\u00e9los<\/strong><\/td>\n<td>Bras de maintien souples<\/td>\n<td>Bras de maintien souples<\/td>\n<td>Sangles et crochets<\/td>\n<\/tr>\n<tr>\n<td><strong>Installation<\/strong><\/td>\n<td>Sans outil<\/td>\n<td>Sans outil<\/td>\n<td>N\u00e9cessite quelques outils<\/td>\n<\/tr>\n<tr>\n<td><strong>Prix<\/strong><\/td>\n<td><strong>Abordable<\/strong><\/td>\n<td>Moyen<\/td>\n<td>Moins cher<\/td>\n<\/tr>\n<\/tbody>\n<\/table>\n<h4><strong>Fiche technique du Thule VeloCompact F :<\/strong><\/h4>\n<table>\n<thead>\n<tr>\n<th>Caract\u00e9ristique<\/th>\n<th>D\u00e9tail<\/th>\n<\/tr>\n<\/thead>\n<tbody>\n<tr>\n<td><strong>Capacit\u00e9<\/strong><\/td>\n<td>3 v\u00e9los<\/td>\n<\/tr>\n<tr>\n<td><strong>Poids<\/strong><\/td>\n<td>14,8 kg<\/td>\n<\/tr>\n<tr>\n<td><strong>Dimensions<\/strong><\/td>\n<td>135 x 75 x 35 cm (pli\u00e9)<\/td>\n<\/tr>\n<tr>\n<td><strong>Compatibilit\u00e9<\/strong><\/td>\n<td>V\u00e9hicules avec attelage<\/td>\n<\/tr>\n<tr>\n<td><strong>Fixation<\/strong><\/td>\n<td>Bras ajustables et sangles<\/td>\n<\/tr>\n<tr>\n<td><strong>S\u00e9curit\u00e9<\/strong><\/td>\n<td>Serrures de s\u00e9curit\u00e9 int\u00e9gr\u00e9es<\/td>\n<\/tr>\n<tr>\n<td><strong>Installation<\/strong><\/td>\n<td>Facile et sans outils<\/td>\n<\/tr>\n<\/tbody>\n<\/table>\n<hr \/>\n<h3><strong>5. Conclusion<\/strong><\/h3>\n<p>Le <strong>Porte-v\u00e9lo Thule VeloCompact F<\/strong> est sans doute l&rsquo;un des meilleurs choix pour ceux qui recherchent un <strong>support v\u00e9lo pour voiture abordable<\/strong>. Sa capacit\u00e9 de 3 v\u00e9los, sa facilit\u00e9 d\u2019installation et sa s\u00e9curit\u00e9 en font un produit id\u00e9al pour les cyclistes en qu\u00eate de simplicit\u00e9 et d&rsquo;efficacit\u00e9. En choisissant ce mod\u00e8le, vous optez pour un produit durable \u00e0 un prix comp\u00e9titif.<\/p>\n<h3><strong>6. FAQ (Foire aux questions)<\/strong><\/h3>\n<p><strong>Q1 : Ce porte-v\u00e9lo est-il compatible avec les v\u00e9los \u00e9lectriques ?<\/strong><br \/>\nOui, le <strong>Porte-v\u00e9lo Thule VeloCompact F<\/strong> est compatible avec les v\u00e9los \u00e9lectriques, gr\u00e2ce \u00e0 ses bras de fixation ajustables.<\/p>\n<p><strong>Q2 : Le porte-v\u00e9lo peut-il \u00eatre mont\u00e9 sans outils ?<\/strong><br \/>\nOui, ce mod\u00e8le est con\u00e7u pour \u00eatre install\u00e9 facilement sans outils.<\/p>\n<p><strong>Q3 : Quelle est la garantie pour ce produit ?<\/strong><br \/>\nLe porte-v\u00e9lo est couvert par une garantie de 2 ans contre les d\u00e9fauts de fabrication.<\/p>\n<\/div>\n<\/div>\n<\/div>\n<\/div>\n<\/div>\n<\/div>\n<\/div>\n<\/div>\n<\/article>\n<\/div>\n<\/div>\n<\/div>\n<\/div>\n<\/div>\n<p>Views: 5<\/p>","protected":false},"excerpt":{"rendered":"<p>\u21d2 Confort de conduite<\/p>\n<p>\u21d2V\u00e9lo \u00e9co-responsable<\/p>\n<p>\u21d2Accessoires v\u00e9lo \u00e9lectrique<\/p>\n","protected":false},"featured_media":16516,"comment_status":"open","ping_status":"closed","template":"","meta":[],"product_brand":[],"product_cat":[435,441],"product_tag":[29,55,552],"class_list":{"0":"post-16514","1":"product","2":"type-product","3":"status-publish","4":"has-post-thumbnail","6":"product_cat-accessoires-velo-haut-de-gamme-pour-securite","7":"product_cat-porte-velo-pour-voiture","8":"product_tag-accessoires-de-qualite","9":"product_tag-accessoires-super-fiable","10":"product_tag-porte-velos","12":"first","13":"instock","14":"sale","15":"taxable","16":"shipping-taxable","17":"purchasable","18":"product-type-simple"},"yoast_head":"<!-- This site is optimized with the Yoast SEO plugin v27.5 - https:\/\/yoast.com\/product\/yoast-seo-wordpress\/ -->\n<title>Support v\u00e9lo pour voiture abordable- e-veloboutique.fr<\/title>\n<meta name=\"description\" content=\"D\u00e9couvrez le Porte-v\u00e9lo Thule VeloCompact F pour 3 v\u00e9los : une solution abordable et pratique pour transporter vos v\u00e9los en voiture ! \u00e0 459 euros\" \/>\n<meta name=\"robots\" content=\"index, follow, max-snippet:-1, max-image-preview:large, max-video-preview:-1\" \/>\n<link rel=\"canonical\" href=\"https:\/\/e-veloboutique.fr\/?product=support-velo-pour-voiture-abordable\" \/>\n<meta property=\"og:locale\" content=\"fr_FR\" \/>\n<meta property=\"og:type\" content=\"article\" \/>\n<meta property=\"og:title\" content=\"Support v\u00e9lo pour voiture abordable- e-veloboutique.fr\" \/>\n<meta property=\"og:description\" content=\"D\u00e9couvrez le Porte-v\u00e9lo Thule VeloCompact F pour 3 v\u00e9los : une solution abordable et pratique pour transporter vos v\u00e9los en voiture ! \u00e0 459 euros\" \/>\n<meta property=\"og:url\" content=\"https:\/\/e-veloboutique.fr\/?product=support-velo-pour-voiture-abordable\" \/>\n<meta property=\"og:site_name\" content=\"e-veloboutique.fr\" \/>\n<meta property=\"article:modified_time\" content=\"2024-12-24T03:56:37+00:00\" \/>\n<meta property=\"og:image\" content=\"https:\/\/e-veloboutique.fr\/wp-content\/uploads\/2024\/12\/evelos-boutique.jpg\" \/>\n\t<meta property=\"og:image:width\" content=\"75\" \/>\n\t<meta property=\"og:image:height\" content=\"75\" \/>\n\t<meta property=\"og:image:type\" content=\"image\/jpeg\" \/>\n<meta name=\"twitter:card\" content=\"summary_large_image\" \/>\n<meta name=\"twitter:label1\" content=\"Dur\u00e9e de lecture estim\u00e9e\" \/>\n\t<meta name=\"twitter:data1\" content=\"5 minutes\" \/>\n<script type=\"application\/ld+json\" class=\"yoast-schema-graph\">{\"@context\":\"https:\\\/\\\/schema.org\",\"@graph\":[{\"@type\":\"WebPage\",\"@id\":\"https:\\\/\\\/e-veloboutique.fr\\\/?product=support-velo-pour-voiture-abordable\",\"url\":\"https:\\\/\\\/e-veloboutique.fr\\\/?product=support-velo-pour-voiture-abordable\",\"name\":\"Support v\u00e9lo pour voiture abordable- e-veloboutique.fr\",\"isPartOf\":{\"@id\":\"https:\\\/\\\/e-veloboutique.fr\\\/#website\"},\"primaryImageOfPage\":{\"@id\":\"https:\\\/\\\/e-veloboutique.fr\\\/?product=support-velo-pour-voiture-abordable#primaryimage\"},\"image\":{\"@id\":\"https:\\\/\\\/e-veloboutique.fr\\\/?product=support-velo-pour-voiture-abordable#primaryimage\"},\"thumbnailUrl\":\"https:\\\/\\\/e-veloboutique.fr\\\/wp-content\\\/uploads\\\/2024\\\/12\\\/Porte-velo-Thule-VeloCompact-F-capacite-3-velos-2.avif\",\"datePublished\":\"2024-12-24T03:48:51+00:00\",\"dateModified\":\"2024-12-24T03:56:37+00:00\",\"description\":\"D\u00e9couvrez le Porte-v\u00e9lo Thule VeloCompact F pour 3 v\u00e9los : une solution abordable et pratique pour transporter vos v\u00e9los en voiture ! \u00e0 459 euros\",\"breadcrumb\":{\"@id\":\"https:\\\/\\\/e-veloboutique.fr\\\/?product=support-velo-pour-voiture-abordable#breadcrumb\"},\"inLanguage\":\"fr-FR\",\"potentialAction\":[{\"@type\":\"ReadAction\",\"target\":[\"https:\\\/\\\/e-veloboutique.fr\\\/?product=support-velo-pour-voiture-abordable\"]}]},{\"@type\":\"ImageObject\",\"inLanguage\":\"fr-FR\",\"@id\":\"https:\\\/\\\/e-veloboutique.fr\\\/?product=support-velo-pour-voiture-abordable#primaryimage\",\"url\":\"https:\\\/\\\/e-veloboutique.fr\\\/wp-content\\\/uploads\\\/2024\\\/12\\\/Porte-velo-Thule-VeloCompact-F-capacite-3-velos-2.avif\",\"contentUrl\":\"https:\\\/\\\/e-veloboutique.fr\\\/wp-content\\\/uploads\\\/2024\\\/12\\\/Porte-velo-Thule-VeloCompact-F-capacite-3-velos-2.avif\",\"width\":1200,\"height\":1200,\"caption\":\"Support v\u00e9lo pour voiture abordable\"},{\"@type\":\"BreadcrumbList\",\"@id\":\"https:\\\/\\\/e-veloboutique.fr\\\/?product=support-velo-pour-voiture-abordable#breadcrumb\",\"itemListElement\":[{\"@type\":\"ListItem\",\"position\":1,\"name\":\"Accueil\",\"item\":\"https:\\\/\\\/e-veloboutique.fr\\\/\"},{\"@type\":\"ListItem\",\"position\":2,\"name\":\"Produits\",\"item\":\"https:\\\/\\\/e-veloboutique.fr\\\/shop\\\/\"},{\"@type\":\"ListItem\",\"position\":3,\"name\":\"ACCESSOIRES VELOS\",\"item\":\"https:\\\/\\\/e-veloboutique.fr\\\/?product_cat=accessoires-velo-haut-de-gamme-pour-securite\"},{\"@type\":\"ListItem\",\"position\":4,\"name\":\"Porte v\u00e9lo Thule VeloCompact F \\\/ capacit\u00e9 3 v\u00e9los\"}]},{\"@type\":\"WebSite\",\"@id\":\"https:\\\/\\\/e-veloboutique.fr\\\/#website\",\"url\":\"https:\\\/\\\/e-veloboutique.fr\\\/\",\"name\":\"E-velos\",\"description\":\"\",\"publisher\":{\"@id\":\"https:\\\/\\\/e-veloboutique.fr\\\/#organization\"},\"potentialAction\":[{\"@type\":\"SearchAction\",\"target\":{\"@type\":\"EntryPoint\",\"urlTemplate\":\"https:\\\/\\\/e-veloboutique.fr\\\/?s={search_term_string}\"},\"query-input\":{\"@type\":\"PropertyValueSpecification\",\"valueRequired\":true,\"valueName\":\"search_term_string\"}}],\"inLanguage\":\"fr-FR\"},{\"@type\":\"Organization\",\"@id\":\"https:\\\/\\\/e-veloboutique.fr\\\/#organization\",\"name\":\"e-veloboutique.fr\",\"url\":\"https:\\\/\\\/e-veloboutique.fr\\\/\",\"logo\":{\"@type\":\"ImageObject\",\"inLanguage\":\"fr-FR\",\"@id\":\"https:\\\/\\\/e-veloboutique.fr\\\/#\\\/schema\\\/logo\\\/image\\\/\",\"url\":\"https:\\\/\\\/e-veloboutique.fr\\\/wp-content\\\/uploads\\\/2024\\\/12\\\/evelos-boutique.jpg\",\"contentUrl\":\"https:\\\/\\\/e-veloboutique.fr\\\/wp-content\\\/uploads\\\/2024\\\/12\\\/evelos-boutique.jpg\",\"width\":75,\"height\":75,\"caption\":\"e-veloboutique.fr\"},\"image\":{\"@id\":\"https:\\\/\\\/e-veloboutique.fr\\\/#\\\/schema\\\/logo\\\/image\\\/\"}}]}<\/script>\n<!-- \/ Yoast SEO plugin. -->","yoast_head_json":{"title":"Support v\u00e9lo pour voiture abordable- e-veloboutique.fr","description":"D\u00e9couvrez le Porte-v\u00e9lo Thule VeloCompact F pour 3 v\u00e9los : une solution abordable et pratique pour transporter vos v\u00e9los en voiture ! \u00e0 459 euros","robots":{"index":"index","follow":"follow","max-snippet":"max-snippet:-1","max-image-preview":"max-image-preview:large","max-video-preview":"max-video-preview:-1"},"canonical":"https:\/\/e-veloboutique.fr\/?product=support-velo-pour-voiture-abordable","og_locale":"fr_FR","og_type":"article","og_title":"Support v\u00e9lo pour voiture abordable- e-veloboutique.fr","og_description":"D\u00e9couvrez le Porte-v\u00e9lo Thule VeloCompact F pour 3 v\u00e9los : une solution abordable et pratique pour transporter vos v\u00e9los en voiture ! \u00e0 459 euros","og_url":"https:\/\/e-veloboutique.fr\/?product=support-velo-pour-voiture-abordable","og_site_name":"e-veloboutique.fr","article_modified_time":"2024-12-24T03:56:37+00:00","og_image":[{"width":75,"height":75,"url":"https:\/\/e-veloboutique.fr\/wp-content\/uploads\/2024\/12\/evelos-boutique.jpg","type":"image\/jpeg"}],"twitter_card":"summary_large_image","twitter_misc":{"Dur\u00e9e de lecture estim\u00e9e":"5 minutes"},"schema":{"@context":"https:\/\/schema.org","@graph":[{"@type":"WebPage","@id":"https:\/\/e-veloboutique.fr\/?product=support-velo-pour-voiture-abordable","url":"https:\/\/e-veloboutique.fr\/?product=support-velo-pour-voiture-abordable","name":"Support v\u00e9lo pour voiture abordable- e-veloboutique.fr","isPartOf":{"@id":"https:\/\/e-veloboutique.fr\/#website"},"primaryImageOfPage":{"@id":"https:\/\/e-veloboutique.fr\/?product=support-velo-pour-voiture-abordable#primaryimage"},"image":{"@id":"https:\/\/e-veloboutique.fr\/?product=support-velo-pour-voiture-abordable#primaryimage"},"thumbnailUrl":"https:\/\/e-veloboutique.fr\/wp-content\/uploads\/2024\/12\/Porte-velo-Thule-VeloCompact-F-capacite-3-velos-2.avif","datePublished":"2024-12-24T03:48:51+00:00","dateModified":"2024-12-24T03:56:37+00:00","description":"D\u00e9couvrez le Porte-v\u00e9lo Thule VeloCompact F pour 3 v\u00e9los : une solution abordable et pratique pour transporter vos v\u00e9los en voiture ! \u00e0 459 euros","breadcrumb":{"@id":"https:\/\/e-veloboutique.fr\/?product=support-velo-pour-voiture-abordable#breadcrumb"},"inLanguage":"fr-FR","potentialAction":[{"@type":"ReadAction","target":["https:\/\/e-veloboutique.fr\/?product=support-velo-pour-voiture-abordable"]}]},{"@type":"ImageObject","inLanguage":"fr-FR","@id":"https:\/\/e-veloboutique.fr\/?product=support-velo-pour-voiture-abordable#primaryimage","url":"https:\/\/e-veloboutique.fr\/wp-content\/uploads\/2024\/12\/Porte-velo-Thule-VeloCompact-F-capacite-3-velos-2.avif","contentUrl":"https:\/\/e-veloboutique.fr\/wp-content\/uploads\/2024\/12\/Porte-velo-Thule-VeloCompact-F-capacite-3-velos-2.avif","width":1200,"height":1200,"caption":"Support v\u00e9lo pour voiture abordable"},{"@type":"BreadcrumbList","@id":"https:\/\/e-veloboutique.fr\/?product=support-velo-pour-voiture-abordable#breadcrumb","itemListElement":[{"@type":"ListItem","position":1,"name":"Accueil","item":"https:\/\/e-veloboutique.fr\/"},{"@type":"ListItem","position":2,"name":"Produits","item":"https:\/\/e-veloboutique.fr\/shop\/"},{"@type":"ListItem","position":3,"name":"ACCESSOIRES VELOS","item":"https:\/\/e-veloboutique.fr\/?product_cat=accessoires-velo-haut-de-gamme-pour-securite"},{"@type":"ListItem","position":4,"name":"Porte v\u00e9lo Thule VeloCompact F \/ capacit\u00e9 3 v\u00e9los"}]},{"@type":"WebSite","@id":"https:\/\/e-veloboutique.fr\/#website","url":"https:\/\/e-veloboutique.fr\/","name":"E-velos","description":"","publisher":{"@id":"https:\/\/e-veloboutique.fr\/#organization"},"potentialAction":[{"@type":"SearchAction","target":{"@type":"EntryPoint","urlTemplate":"https:\/\/e-veloboutique.fr\/?s={search_term_string}"},"query-input":{"@type":"PropertyValueSpecification","valueRequired":true,"valueName":"search_term_string"}}],"inLanguage":"fr-FR"},{"@type":"Organization","@id":"https:\/\/e-veloboutique.fr\/#organization","name":"e-veloboutique.fr","url":"https:\/\/e-veloboutique.fr\/","logo":{"@type":"ImageObject","inLanguage":"fr-FR","@id":"https:\/\/e-veloboutique.fr\/#\/schema\/logo\/image\/","url":"https:\/\/e-veloboutique.fr\/wp-content\/uploads\/2024\/12\/evelos-boutique.jpg","contentUrl":"https:\/\/e-veloboutique.fr\/wp-content\/uploads\/2024\/12\/evelos-boutique.jpg","width":75,"height":75,"caption":"e-veloboutique.fr"},"image":{"@id":"https:\/\/e-veloboutique.fr\/#\/schema\/logo\/image\/"}}]}},"_links":{"self":[{"href":"https:\/\/e-veloboutique.fr\/index.php?rest_route=\/wp\/v2\/product\/16514","targetHints":{"allow":["GET"]}}],"collection":[{"href":"https:\/\/e-veloboutique.fr\/index.php?rest_route=\/wp\/v2\/product"}],"about":[{"href":"https:\/\/e-veloboutique.fr\/index.php?rest_route=\/wp\/v2\/types\/product"}],"replies":[{"embeddable":true,"href":"https:\/\/e-veloboutique.fr\/index.php?rest_route=%2Fwp%2Fv2%2Fcomments&post=16514"}],"version-history":[{"count":0,"href":"https:\/\/e-veloboutique.fr\/index.php?rest_route=\/wp\/v2\/product\/16514\/revisions"}],"wp:featuredmedia":[{"embeddable":true,"href":"https:\/\/e-veloboutique.fr\/index.php?rest_route=\/wp\/v2\/media\/16516"}],"wp:attachment":[{"href":"https:\/\/e-veloboutique.fr\/index.php?rest_route=%2Fwp%2Fv2%2Fmedia&parent=16514"}],"wp:term":[{"taxonomy":"product_brand","embeddable":true,"href":"https:\/\/e-veloboutique.fr\/index.php?rest_route=%2Fwp%2Fv2%2Fproduct_brand&post=16514"},{"taxonomy":"product_cat","embeddable":true,"href":"https:\/\/e-veloboutique.fr\/index.php?rest_route=%2Fwp%2Fv2%2Fproduct_cat&post=16514"},{"taxonomy":"product_tag","embeddable":true,"href":"https:\/\/e-veloboutique.fr\/index.php?rest_route=%2Fwp%2Fv2%2Fproduct_tag&post=16514"}],"curies":[{"name":"wp","href":"https:\/\/api.w.org\/{rel}","templated":true}]}}