{"id":16828,"date":"2024-12-29T02:08:35","date_gmt":"2024-12-29T02:08:35","guid":{"rendered":"https:\/\/e-veloboutique.fr\/?post_type=product&#038;p=16828"},"modified":"2025-11-08T21:00:43","modified_gmt":"2025-11-08T21:00:43","slug":"bosch-powerpack-700-batterie-velo-a-assistance-electrique-pas-chere","status":"publish","type":"product","link":"https:\/\/e-veloboutique.fr\/?product=bosch-powerpack-700-batterie-velo-a-assistance-electrique-pas-chere","title":{"rendered":"Batterie pour v\u00e9los Bosch PowerPack 700 \/108-220 Km pour  cadre"},"content":{"rendered":"<div class=\"flex-1 overflow-hidden @container\/thread\">\n<div class=\"h-full\">\n<div class=\"react-scroll-to-bottom--css-szxtw-79elbk h-full\">\n<div class=\"react-scroll-to-bottom--css-szxtw-1n7m0yu\">\n<div class=\"flex flex-col text-sm md:pb-9\">\n<article class=\"w-full scroll-mb-[var(--thread-trailing-height,150px)] text-token-text-primary focus-visible:outline-2 focus-visible:outline-offset-[-4px]\" dir=\"auto\" data-testid=\"conversation-turn-3\" data-scroll-anchor=\"true\">\n<div class=\"m-auto text-base py-[18px] px-3 md:px-4 w-full md:px-5 lg:px-4 xl:px-5\">\n<div class=\"mx-auto flex flex-1 gap-4 text-base md:gap-5 lg:gap-6 md:max-w-3xl lg:max-w-[40rem] xl:max-w-[48rem]\">\n<div class=\"group\/conversation-turn relative flex w-full min-w-0 flex-col agent-turn\">\n<div class=\"flex-col gap-1 md:gap-3\">\n<div class=\"flex max-w-full flex-col flex-grow\">\n<div class=\"min-h-8 text-message flex w-full flex-col items-end gap-2 whitespace-normal break-words text-start [.text-message+&amp;]:mt-5\" dir=\"auto\" data-message-author-role=\"assistant\" data-message-id=\"0ebccc25-80cc-40e4-9ae9-35e20c80b571\" data-message-model-slug=\"gpt-4o\">\n<div class=\"flex w-full flex-col gap-1 empty:hidden first:pt-[3px]\">\n<div class=\"markdown prose w-full break-words dark:prose-invert light\">\n<h4>Batterie pour v\u00e9los Bosch PowerPack 700<\/h4>\n<h3><\/h3>\n<p>Une <strong>batterie v\u00e9lo \u00e0 assistance \u00e9lectrique pas ch\u00e8re<\/strong> est essentielle pour prolonger vos trajets tout en \u00e9conomisant. Que vous soyez un passionn\u00e9 de cyclisme urbain ou un adepte des escapades, ce composant cl\u00e9 garantit une exp\u00e9rience fluide et durable. Cet article vous guidera dans le choix de la meilleure <strong>batterie pour v\u00e9lo \u00e9lectrique \u00e9conomique<\/strong>, en d\u00e9taillant ses caract\u00e9ristiques, avantages, conseils d\u2019utilisation, et comparaisons.<\/p>\n<hr \/>\n<h3><strong>1. Pr\u00e9sentation d\u00e9taill\u00e9e du produit<\/strong><\/h3>\n<p>Les batteries Bosch PowerPack 700 pour v\u00e9los \u00e9lectriques offrent une autonomie exceptionnelle, id\u00e9ale pour les longues distances.<\/p>\n<h4><strong>Caract\u00e9ristiques techniques :<\/strong><\/h4>\n<ul>\n<li><strong>Capacit\u00e9 :<\/strong> 700 Wh<\/li>\n<li><strong>Autonomie :<\/strong> 108 \u00e0 220 km, selon le mode d\u2019assistance utilis\u00e9<\/li>\n<li><strong>Technologie :<\/strong> Lithium-ion de haute performance<\/li>\n<li><strong>Poids :<\/strong> Environ 2,5 kg<\/li>\n<li><strong>Compatibilit\u00e9 :<\/strong> Adapt\u00e9e aux cadres de v\u00e9los Bosch \u00e9quip\u00e9s<\/li>\n<\/ul>\n<h4><strong>Options disponibles :<\/strong><\/h4>\n<ul>\n<li><strong>Couleurs :<\/strong> Noir, gris m\u00e9tallis\u00e9<\/li>\n<li><strong>Mod\u00e8les :<\/strong> Cadre, porte-bagages<\/li>\n<li><strong>Connectivit\u00e9 :<\/strong> Compatible avec les syst\u00e8mes Bosch eBike<\/li>\n<\/ul>\n<p>Les batteries Bosch combinent innovation et fiabilit\u00e9, en garantissant des performances optimales \u00e0 un <strong>prix comp\u00e9titif<\/strong>.<\/p>\n<hr \/>\n<h3><strong>2. Avantages et b\u00e9n\u00e9fices<\/strong><\/h3>\n<h4><strong>Pourquoi choisir cette batterie v\u00e9lo \u00e0 assistance \u00e9lectrique pas ch\u00e8re ?<\/strong><\/h4>\n<ul>\n<li><strong>Autonomie \u00e9tendue :<\/strong> Avec une port\u00e9e allant jusqu&rsquo;\u00e0 220 km, elle s&rsquo;adapte aux trajets urbains et aux aventures en pleine nature.<\/li>\n<li><strong>Fiabilit\u00e9 \u00e9prouv\u00e9e :<\/strong> Technologie Bosch assurant une charge rapide et durable.<\/li>\n<li><strong>\u00c9conomie :<\/strong> Investir dans une <strong>batterie v\u00e9lo \u00e9lectrique \u00e9conomique<\/strong> r\u00e9duit vos d\u00e9penses sur le long terme.<\/li>\n<li><strong>Facilit\u00e9 d&rsquo;installation :<\/strong> Conception ergonomique adapt\u00e9e \u00e0 divers cadres.<\/li>\n<\/ul>\n<h4><strong>Exemple concret :<\/strong><\/h4>\n<p>Pour un usage quotidien en ville, une batterie Bosch PowerPack 700 offre une semaine d\u2019autonomie, r\u00e9duisant la n\u00e9cessit\u00e9 de recharges fr\u00e9quentes.<\/p>\n<hr \/>\n<h3><strong>3. Conseils d&rsquo;utilisation<\/strong><\/h3>\n<h4><strong>Astuces pratiques :<\/strong><\/h4>\n<ul>\n<li><strong>Optimisez la recharge :<\/strong> Rechargez lorsque la batterie atteint 20-30 % pour prolonger sa dur\u00e9e de vie.<\/li>\n<li><strong>Stockage :<\/strong> Conservez-la dans un endroit sec et \u00e0 temp\u00e9rature ambiante.<\/li>\n<li><strong>Maintenance :<\/strong> Nettoyez les connecteurs r\u00e9guli\u00e8rement pour \u00e9viter les dysfonctionnements.<\/li>\n<\/ul>\n<h4><strong>Erreurs \u00e0 \u00e9viter :<\/strong><\/h4>\n<ul>\n<li>Ne pas exposer la batterie \u00e0 des temp\u00e9ratures extr\u00eames.<\/li>\n<li>Ne pas utiliser de chargeurs incompatibles.<\/li>\n<\/ul>\n<h4><strong>Produits compl\u00e9mentaires :<\/strong><\/h4>\n<ul>\n<li><strong>Housse de protection pour batterie Bosch<\/strong> : Prot\u00e8ge contre les intemp\u00e9ries.<\/li>\n<li><strong>Support de transport s\u00e9curis\u00e9<\/strong> : Facilit\u00e9 de d\u00e9placement.<\/li>\n<\/ul>\n<hr \/>\n<h3><strong>4. Comparaison avec des produits similaires<\/strong><\/h3>\n<table>\n<thead>\n<tr>\n<th><strong>Caract\u00e9ristique<\/strong><\/th>\n<th><a href=\"https:\/\/e-veloboutique.fr\/home\/accessoires-velo-haut-de-gamme-pour-securite\/support-pour-telephone-portable-velo\/fixation-telephone-robuste-pas-cher\/\"><strong>Bosch PowerPack 700<\/strong><\/a><\/th>\n<th><strong>Shimano Steps BT-E8016<\/strong><\/th>\n<th><strong>Samsung SDI 48V 14Ah<\/strong><\/th>\n<\/tr>\n<\/thead>\n<tbody>\n<tr>\n<td>Capacit\u00e9<\/td>\n<td>700 Wh<\/td>\n<td>630 Wh<\/td>\n<td>672 Wh<\/td>\n<\/tr>\n<tr>\n<td>Autonomie<\/td>\n<td>108-220 km<\/td>\n<td>100-180 km<\/td>\n<td>90-160 km<\/td>\n<\/tr>\n<tr>\n<td>Poids<\/td>\n<td>2,5 kg<\/td>\n<td>2,7 kg<\/td>\n<td>3,2 kg<\/td>\n<\/tr>\n<tr>\n<td>Temps de charge<\/td>\n<td>4,5 heures<\/td>\n<td>5 heures<\/td>\n<td>6 heures<\/td>\n<\/tr>\n<tr>\n<td>Prix<\/td>\n<td>600-700 \u20ac<\/td>\n<td>550-650 \u20ac<\/td>\n<td>500-600 \u20ac<\/td>\n<\/tr>\n<\/tbody>\n<\/table>\n<h4><strong>Fiche technique de la Bosch PowerPack 700<\/strong><\/h4>\n<table>\n<thead>\n<tr>\n<th><strong>Sp\u00e9cification<\/strong><\/th>\n<th><strong>D\u00e9tail<\/strong><\/th>\n<\/tr>\n<\/thead>\n<tbody>\n<tr>\n<td>Capacit\u00e9<\/td>\n<td>700 Wh<\/td>\n<\/tr>\n<tr>\n<td>Autonomie<\/td>\n<td>108-220 km<\/td>\n<\/tr>\n<tr>\n<td>Technologie<\/td>\n<td>Lithium-ion<\/td>\n<\/tr>\n<tr>\n<td>Compatibilit\u00e9<\/td>\n<td>Syst\u00e8mes Bosch eBike<\/td>\n<\/tr>\n<tr>\n<td>Poids<\/td>\n<td>2,5 kg<\/td>\n<\/tr>\n<tr>\n<td>Couleurs disponibles<\/td>\n<td>Noir, gris<\/td>\n<\/tr>\n<\/tbody>\n<\/table>\n<hr \/>\n<h3><strong>5. Conclusion<\/strong><\/h3>\n<p>Choisir une <strong>batterie v\u00e9lo \u00e0 assistance \u00e9lectrique pas ch\u00e8re<\/strong>, comme la Bosch PowerPack 700, c\u2019est allier performance, \u00e9conomie et fiabilit\u00e9. Id\u00e9ale pour les d\u00e9placements urbains comme pour les longues distances, elle s\u2019impose comme un choix strat\u00e9gique pour les cyclistes exigeants. Profitez des promotions pour acqu\u00e9rir cette <strong>batterie pour v\u00e9lo \u00e9lectrique bon march\u00e9<\/strong> et am\u00e9liorez vos trajets d\u00e8s aujourd\u2019hui.<\/p>\n<hr \/>\n<h3><strong>6. FAQ (Foire aux Questions)<\/strong><\/h3>\n<h4><strong>1. Quelle est la garantie de la batterie Bosch PowerPack 700 ?<\/strong><\/h4>\n<p>La batterie b\u00e9n\u00e9ficie d\u2019une garantie constructeur de 2 ans, couvrant les d\u00e9fauts de fabrication.<\/p>\n<h4><strong>2. Comment entretenir ma batterie pour v\u00e9lo \u00e9lectrique ?<\/strong><\/h4>\n<p>Nettoyez-la r\u00e9guli\u00e8rement avec un chiffon sec et \u00e9vitez les expositions prolong\u00e9es \u00e0 l\u2019humidit\u00e9.<\/p>\n<h4><strong>3. Puis-je utiliser cette batterie sur d\u2019autres marques de v\u00e9los \u00e9lectriques ?<\/strong><\/h4>\n<p>Elle est principalement compatible avec les cadres \u00e9quip\u00e9s de syst\u00e8mes Bosch. V\u00e9rifiez les sp\u00e9cifications techniques de votre v\u00e9lo.<\/p>\n<h4><strong>4. Quel est le temps de charge moyen ?<\/strong><\/h4>\n<p>Le temps de charge est de 4,5 heures avec un chargeur Bosch standard.<\/p>\n<h4><strong>5. O\u00f9 acheter une batterie v\u00e9lo \u00e9lectrique \u00e9conomique ?<\/strong><\/h4>\n<p>Vous pouvez trouver cette batterie en promotion chez les revendeurs agr\u00e9\u00e9s ou sur les plateformes en ligne sp\u00e9cialis\u00e9es.<\/p>\n<\/div>\n<\/div>\n<\/div>\n<\/div>\n<\/div>\n<\/div>\n<\/div>\n<\/div>\n<\/article>\n<\/div>\n<\/div>\n<\/div>\n<\/div>\n<\/div>\n<p>Views: 71<\/p>","protected":false},"excerpt":{"rendered":"<p><strong><span style=\"color: #99cc00;\">\u21d2 Confort de conduite<\/span><\/strong><\/p>\n<p><strong><span style=\"color: #99cc00;\">\u21d2V\u00e9lo \u00e9co-responsable<\/span><\/strong><\/p>\n<p><strong><span style=\"color: #99cc00;\">\u21d2Accessoires v\u00e9lo \u00e9lectrique<\/span><\/strong><\/p>\n<div class=\"flex flex-col sm:flex-row justify-between my-4\">\n<div class=\"border-y py-3 w-full\">\n<div class=\"flex\">\n<div class=\"flex flex-col\">\n<p class=\"delivery-time text-sm\"><strong><span style=\"color: #99cc00;\">\u21d2D\u00e9lai de livraison: 3-5 jours ouvrables<\/span><\/strong><\/p>\n<\/div>\n<\/div>\n<\/div>\n<\/div>\n","protected":false},"featured_media":16833,"comment_status":"open","ping_status":"closed","template":"","meta":[],"product_brand":[],"product_cat":[253,443],"product_tag":[31,33,34,562],"class_list":{"0":"post-16828","1":"product","2":"type-product","3":"status-publish","4":"has-post-thumbnail","6":"product_cat-batterie-velo-electrique-haute-capacite","7":"product_cat-pieces-detachees","8":"product_tag-batterie-avec-grande-autonomie","9":"product_tag-batterie-forte","10":"product_tag-batterie-resistante-et-puissant","11":"product_tag-pieces-detachees-velos","13":"first","14":"instock","15":"sale","16":"taxable","17":"shipping-taxable","18":"purchasable","19":"product-type-simple"},"yoast_head":"<!-- This site is optimized with the Yoast SEO plugin v27.5 - https:\/\/yoast.com\/product\/yoast-seo-wordpress\/ -->\n<title>Bosch PowerPack 700 : Batterie v\u00e9lo \u00e0 assistance \u00e9lectrique pas ch\u00e8re<\/title>\n<meta name=\"description\" content=\"D\u00e9couvrez la batterie v\u00e9lo \u00e0 assistance \u00e9lectrique pas ch\u00e8re Bosch PowerPack 700 : autonomie 220 km, performance et qualit\u00e9 \u00e0 petit prix. \u00e0 499 euros\" \/>\n<meta name=\"robots\" content=\"index, follow, max-snippet:-1, max-image-preview:large, max-video-preview:-1\" \/>\n<link rel=\"canonical\" href=\"https:\/\/e-veloboutique.fr\/?product=bosch-powerpack-700-batterie-velo-a-assistance-electrique-pas-chere\" \/>\n<meta property=\"og:locale\" content=\"fr_FR\" \/>\n<meta property=\"og:type\" content=\"article\" \/>\n<meta property=\"og:title\" content=\"Bosch PowerPack 700 : Batterie v\u00e9lo \u00e0 assistance \u00e9lectrique pas ch\u00e8re\" \/>\n<meta property=\"og:description\" content=\"D\u00e9couvrez la batterie v\u00e9lo \u00e0 assistance \u00e9lectrique pas ch\u00e8re Bosch PowerPack 700 : autonomie 220 km, performance et qualit\u00e9 \u00e0 petit prix. \u00e0 499 euros\" \/>\n<meta property=\"og:url\" content=\"https:\/\/e-veloboutique.fr\/?product=bosch-powerpack-700-batterie-velo-a-assistance-electrique-pas-chere\" \/>\n<meta property=\"og:site_name\" content=\"e-veloboutique.fr\" \/>\n<meta property=\"article:modified_time\" content=\"2025-11-08T21:00:43+00:00\" \/>\n<meta property=\"og:image\" content=\"https:\/\/e-veloboutique.fr\/wp-content\/uploads\/2024\/12\/Bosch-PowerPack-700-PerformanceActive-cadre-par-E-Bike-Vision-5.jpg\" \/>\n\t<meta property=\"og:image:width\" content=\"700\" \/>\n\t<meta property=\"og:image:height\" content=\"618\" \/>\n\t<meta property=\"og:image:type\" content=\"image\/jpeg\" \/>\n<meta name=\"twitter:card\" content=\"summary_large_image\" \/>\n<meta name=\"twitter:label1\" content=\"Dur\u00e9e de lecture estim\u00e9e\" \/>\n\t<meta name=\"twitter:data1\" content=\"4 minutes\" \/>\n<script type=\"application\/ld+json\" class=\"yoast-schema-graph\">{\"@context\":\"https:\\\/\\\/schema.org\",\"@graph\":[{\"@type\":\"WebPage\",\"@id\":\"https:\\\/\\\/e-veloboutique.fr\\\/?product=bosch-powerpack-700-batterie-velo-a-assistance-electrique-pas-chere\",\"url\":\"https:\\\/\\\/e-veloboutique.fr\\\/?product=bosch-powerpack-700-batterie-velo-a-assistance-electrique-pas-chere\",\"name\":\"Bosch PowerPack 700 : Batterie v\u00e9lo \u00e0 assistance \u00e9lectrique pas ch\u00e8re\",\"isPartOf\":{\"@id\":\"https:\\\/\\\/e-veloboutique.fr\\\/#website\"},\"primaryImageOfPage\":{\"@id\":\"https:\\\/\\\/e-veloboutique.fr\\\/?product=bosch-powerpack-700-batterie-velo-a-assistance-electrique-pas-chere#primaryimage\"},\"image\":{\"@id\":\"https:\\\/\\\/e-veloboutique.fr\\\/?product=bosch-powerpack-700-batterie-velo-a-assistance-electrique-pas-chere#primaryimage\"},\"thumbnailUrl\":\"https:\\\/\\\/e-veloboutique.fr\\\/wp-content\\\/uploads\\\/2024\\\/12\\\/Bosch-PowerPack-700-PerformanceActive-cadre-par-E-Bike-Vision-5.jpg\",\"datePublished\":\"2024-12-29T02:08:35+00:00\",\"dateModified\":\"2025-11-08T21:00:43+00:00\",\"description\":\"D\u00e9couvrez la batterie v\u00e9lo \u00e0 assistance \u00e9lectrique pas ch\u00e8re Bosch PowerPack 700 : autonomie 220 km, performance et qualit\u00e9 \u00e0 petit prix. \u00e0 499 euros\",\"breadcrumb\":{\"@id\":\"https:\\\/\\\/e-veloboutique.fr\\\/?product=bosch-powerpack-700-batterie-velo-a-assistance-electrique-pas-chere#breadcrumb\"},\"inLanguage\":\"fr-FR\",\"potentialAction\":[{\"@type\":\"ReadAction\",\"target\":[\"https:\\\/\\\/e-veloboutique.fr\\\/?product=bosch-powerpack-700-batterie-velo-a-assistance-electrique-pas-chere\"]}]},{\"@type\":\"ImageObject\",\"inLanguage\":\"fr-FR\",\"@id\":\"https:\\\/\\\/e-veloboutique.fr\\\/?product=bosch-powerpack-700-batterie-velo-a-assistance-electrique-pas-chere#primaryimage\",\"url\":\"https:\\\/\\\/e-veloboutique.fr\\\/wp-content\\\/uploads\\\/2024\\\/12\\\/Bosch-PowerPack-700-PerformanceActive-cadre-par-E-Bike-Vision-5.jpg\",\"contentUrl\":\"https:\\\/\\\/e-veloboutique.fr\\\/wp-content\\\/uploads\\\/2024\\\/12\\\/Bosch-PowerPack-700-PerformanceActive-cadre-par-E-Bike-Vision-5.jpg\",\"width\":700,\"height\":618,\"caption\":\"Batterie v\u00e9lo \u00e0 assistance \u00e9lectrique pas ch\u00e8re Bosch PowerPack 700\"},{\"@type\":\"BreadcrumbList\",\"@id\":\"https:\\\/\\\/e-veloboutique.fr\\\/?product=bosch-powerpack-700-batterie-velo-a-assistance-electrique-pas-chere#breadcrumb\",\"itemListElement\":[{\"@type\":\"ListItem\",\"position\":1,\"name\":\"Accueil\",\"item\":\"https:\\\/\\\/e-veloboutique.fr\\\/\"},{\"@type\":\"ListItem\",\"position\":2,\"name\":\"Produits\",\"item\":\"https:\\\/\\\/e-veloboutique.fr\\\/shop\\\/\"},{\"@type\":\"ListItem\",\"position\":3,\"name\":\"PI\u00c8CES D\u00c9TACH\u00c9ES VELOS\",\"item\":\"https:\\\/\\\/e-veloboutique.fr\\\/?product_cat=pieces-detachees\"},{\"@type\":\"ListItem\",\"position\":4,\"name\":\"Batteries\",\"item\":\"https:\\\/\\\/e-veloboutique.fr\\\/?product_cat=batterie-velo-electrique-haute-capacite\"},{\"@type\":\"ListItem\",\"position\":5,\"name\":\"Batterie pour v\u00e9los Bosch PowerPack 700 \\\/108-220 Km pour cadre\"}]},{\"@type\":\"WebSite\",\"@id\":\"https:\\\/\\\/e-veloboutique.fr\\\/#website\",\"url\":\"https:\\\/\\\/e-veloboutique.fr\\\/\",\"name\":\"E-velos\",\"description\":\"\",\"publisher\":{\"@id\":\"https:\\\/\\\/e-veloboutique.fr\\\/#organization\"},\"potentialAction\":[{\"@type\":\"SearchAction\",\"target\":{\"@type\":\"EntryPoint\",\"urlTemplate\":\"https:\\\/\\\/e-veloboutique.fr\\\/?s={search_term_string}\"},\"query-input\":{\"@type\":\"PropertyValueSpecification\",\"valueRequired\":true,\"valueName\":\"search_term_string\"}}],\"inLanguage\":\"fr-FR\"},{\"@type\":\"Organization\",\"@id\":\"https:\\\/\\\/e-veloboutique.fr\\\/#organization\",\"name\":\"e-veloboutique.fr\",\"url\":\"https:\\\/\\\/e-veloboutique.fr\\\/\",\"logo\":{\"@type\":\"ImageObject\",\"inLanguage\":\"fr-FR\",\"@id\":\"https:\\\/\\\/e-veloboutique.fr\\\/#\\\/schema\\\/logo\\\/image\\\/\",\"url\":\"https:\\\/\\\/e-veloboutique.fr\\\/wp-content\\\/uploads\\\/2024\\\/12\\\/evelos-boutique.jpg\",\"contentUrl\":\"https:\\\/\\\/e-veloboutique.fr\\\/wp-content\\\/uploads\\\/2024\\\/12\\\/evelos-boutique.jpg\",\"width\":75,\"height\":75,\"caption\":\"e-veloboutique.fr\"},\"image\":{\"@id\":\"https:\\\/\\\/e-veloboutique.fr\\\/#\\\/schema\\\/logo\\\/image\\\/\"}}]}<\/script>\n<!-- \/ Yoast SEO plugin. -->","yoast_head_json":{"title":"Bosch PowerPack 700 : Batterie v\u00e9lo \u00e0 assistance \u00e9lectrique pas ch\u00e8re","description":"D\u00e9couvrez la batterie v\u00e9lo \u00e0 assistance \u00e9lectrique pas ch\u00e8re Bosch PowerPack 700 : autonomie 220 km, performance et qualit\u00e9 \u00e0 petit prix. \u00e0 499 euros","robots":{"index":"index","follow":"follow","max-snippet":"max-snippet:-1","max-image-preview":"max-image-preview:large","max-video-preview":"max-video-preview:-1"},"canonical":"https:\/\/e-veloboutique.fr\/?product=bosch-powerpack-700-batterie-velo-a-assistance-electrique-pas-chere","og_locale":"fr_FR","og_type":"article","og_title":"Bosch PowerPack 700 : Batterie v\u00e9lo \u00e0 assistance \u00e9lectrique pas ch\u00e8re","og_description":"D\u00e9couvrez la batterie v\u00e9lo \u00e0 assistance \u00e9lectrique pas ch\u00e8re Bosch PowerPack 700 : autonomie 220 km, performance et qualit\u00e9 \u00e0 petit prix. \u00e0 499 euros","og_url":"https:\/\/e-veloboutique.fr\/?product=bosch-powerpack-700-batterie-velo-a-assistance-electrique-pas-chere","og_site_name":"e-veloboutique.fr","article_modified_time":"2025-11-08T21:00:43+00:00","og_image":[{"width":700,"height":618,"url":"https:\/\/e-veloboutique.fr\/wp-content\/uploads\/2024\/12\/Bosch-PowerPack-700-PerformanceActive-cadre-par-E-Bike-Vision-5.jpg","type":"image\/jpeg"}],"twitter_card":"summary_large_image","twitter_misc":{"Dur\u00e9e de lecture estim\u00e9e":"4 minutes"},"schema":{"@context":"https:\/\/schema.org","@graph":[{"@type":"WebPage","@id":"https:\/\/e-veloboutique.fr\/?product=bosch-powerpack-700-batterie-velo-a-assistance-electrique-pas-chere","url":"https:\/\/e-veloboutique.fr\/?product=bosch-powerpack-700-batterie-velo-a-assistance-electrique-pas-chere","name":"Bosch PowerPack 700 : Batterie v\u00e9lo \u00e0 assistance \u00e9lectrique pas ch\u00e8re","isPartOf":{"@id":"https:\/\/e-veloboutique.fr\/#website"},"primaryImageOfPage":{"@id":"https:\/\/e-veloboutique.fr\/?product=bosch-powerpack-700-batterie-velo-a-assistance-electrique-pas-chere#primaryimage"},"image":{"@id":"https:\/\/e-veloboutique.fr\/?product=bosch-powerpack-700-batterie-velo-a-assistance-electrique-pas-chere#primaryimage"},"thumbnailUrl":"https:\/\/e-veloboutique.fr\/wp-content\/uploads\/2024\/12\/Bosch-PowerPack-700-PerformanceActive-cadre-par-E-Bike-Vision-5.jpg","datePublished":"2024-12-29T02:08:35+00:00","dateModified":"2025-11-08T21:00:43+00:00","description":"D\u00e9couvrez la batterie v\u00e9lo \u00e0 assistance \u00e9lectrique pas ch\u00e8re Bosch PowerPack 700 : autonomie 220 km, performance et qualit\u00e9 \u00e0 petit prix. \u00e0 499 euros","breadcrumb":{"@id":"https:\/\/e-veloboutique.fr\/?product=bosch-powerpack-700-batterie-velo-a-assistance-electrique-pas-chere#breadcrumb"},"inLanguage":"fr-FR","potentialAction":[{"@type":"ReadAction","target":["https:\/\/e-veloboutique.fr\/?product=bosch-powerpack-700-batterie-velo-a-assistance-electrique-pas-chere"]}]},{"@type":"ImageObject","inLanguage":"fr-FR","@id":"https:\/\/e-veloboutique.fr\/?product=bosch-powerpack-700-batterie-velo-a-assistance-electrique-pas-chere#primaryimage","url":"https:\/\/e-veloboutique.fr\/wp-content\/uploads\/2024\/12\/Bosch-PowerPack-700-PerformanceActive-cadre-par-E-Bike-Vision-5.jpg","contentUrl":"https:\/\/e-veloboutique.fr\/wp-content\/uploads\/2024\/12\/Bosch-PowerPack-700-PerformanceActive-cadre-par-E-Bike-Vision-5.jpg","width":700,"height":618,"caption":"Batterie v\u00e9lo \u00e0 assistance \u00e9lectrique pas ch\u00e8re Bosch PowerPack 700"},{"@type":"BreadcrumbList","@id":"https:\/\/e-veloboutique.fr\/?product=bosch-powerpack-700-batterie-velo-a-assistance-electrique-pas-chere#breadcrumb","itemListElement":[{"@type":"ListItem","position":1,"name":"Accueil","item":"https:\/\/e-veloboutique.fr\/"},{"@type":"ListItem","position":2,"name":"Produits","item":"https:\/\/e-veloboutique.fr\/shop\/"},{"@type":"ListItem","position":3,"name":"PI\u00c8CES D\u00c9TACH\u00c9ES VELOS","item":"https:\/\/e-veloboutique.fr\/?product_cat=pieces-detachees"},{"@type":"ListItem","position":4,"name":"Batteries","item":"https:\/\/e-veloboutique.fr\/?product_cat=batterie-velo-electrique-haute-capacite"},{"@type":"ListItem","position":5,"name":"Batterie pour v\u00e9los Bosch PowerPack 700 \/108-220 Km pour cadre"}]},{"@type":"WebSite","@id":"https:\/\/e-veloboutique.fr\/#website","url":"https:\/\/e-veloboutique.fr\/","name":"E-velos","description":"","publisher":{"@id":"https:\/\/e-veloboutique.fr\/#organization"},"potentialAction":[{"@type":"SearchAction","target":{"@type":"EntryPoint","urlTemplate":"https:\/\/e-veloboutique.fr\/?s={search_term_string}"},"query-input":{"@type":"PropertyValueSpecification","valueRequired":true,"valueName":"search_term_string"}}],"inLanguage":"fr-FR"},{"@type":"Organization","@id":"https:\/\/e-veloboutique.fr\/#organization","name":"e-veloboutique.fr","url":"https:\/\/e-veloboutique.fr\/","logo":{"@type":"ImageObject","inLanguage":"fr-FR","@id":"https:\/\/e-veloboutique.fr\/#\/schema\/logo\/image\/","url":"https:\/\/e-veloboutique.fr\/wp-content\/uploads\/2024\/12\/evelos-boutique.jpg","contentUrl":"https:\/\/e-veloboutique.fr\/wp-content\/uploads\/2024\/12\/evelos-boutique.jpg","width":75,"height":75,"caption":"e-veloboutique.fr"},"image":{"@id":"https:\/\/e-veloboutique.fr\/#\/schema\/logo\/image\/"}}]}},"_links":{"self":[{"href":"https:\/\/e-veloboutique.fr\/index.php?rest_route=\/wp\/v2\/product\/16828","targetHints":{"allow":["GET"]}}],"collection":[{"href":"https:\/\/e-veloboutique.fr\/index.php?rest_route=\/wp\/v2\/product"}],"about":[{"href":"https:\/\/e-veloboutique.fr\/index.php?rest_route=\/wp\/v2\/types\/product"}],"replies":[{"embeddable":true,"href":"https:\/\/e-veloboutique.fr\/index.php?rest_route=%2Fwp%2Fv2%2Fcomments&post=16828"}],"version-history":[{"count":1,"href":"https:\/\/e-veloboutique.fr\/index.php?rest_route=\/wp\/v2\/product\/16828\/revisions"}],"predecessor-version":[{"id":33900,"href":"https:\/\/e-veloboutique.fr\/index.php?rest_route=\/wp\/v2\/product\/16828\/revisions\/33900"}],"wp:featuredmedia":[{"embeddable":true,"href":"https:\/\/e-veloboutique.fr\/index.php?rest_route=\/wp\/v2\/media\/16833"}],"wp:attachment":[{"href":"https:\/\/e-veloboutique.fr\/index.php?rest_route=%2Fwp%2Fv2%2Fmedia&parent=16828"}],"wp:term":[{"taxonomy":"product_brand","embeddable":true,"href":"https:\/\/e-veloboutique.fr\/index.php?rest_route=%2Fwp%2Fv2%2Fproduct_brand&post=16828"},{"taxonomy":"product_cat","embeddable":true,"href":"https:\/\/e-veloboutique.fr\/index.php?rest_route=%2Fwp%2Fv2%2Fproduct_cat&post=16828"},{"taxonomy":"product_tag","embeddable":true,"href":"https:\/\/e-veloboutique.fr\/index.php?rest_route=%2Fwp%2Fv2%2Fproduct_tag&post=16828"}],"curies":[{"name":"wp","href":"https:\/\/api.w.org\/{rel}","templated":true}]}}