{"id":17902,"date":"2025-03-17T11:43:08","date_gmt":"2025-03-17T11:43:08","guid":{"rendered":"https:\/\/e-veloboutique.fr\/?post_type=product&#038;p=17902"},"modified":"2025-05-01T17:33:33","modified_gmt":"2025-05-01T17:33:33","slug":"vtt-electrique-cube-reaction-hybrid-performance-500-allroad-adherence-optimale","status":"publish","type":"product","link":"https:\/\/e-veloboutique.fr\/?product=vtt-electrique-cube-reaction-hybrid-performance-500-allroad-adherence-optimale","title":{"rendered":"Vtt \u00e9lectrique Cube reaction hybrid performance  allroad 500 WH (Bleu ciel et blanc )"},"content":{"rendered":"<h2 data-pm-slice=\"1 1 []\"><strong>VTT \u00e9lectrique Cube Reaction Hybrid Performance 500 Allroad\u00a0<\/strong><\/h2>\n<p>&nbsp;<\/p>\n<p>Le <strong><a href=\"https:\/\/e-veloboutique.fr\/home\/velos\/vtt-electrique-tout-terrain-a-moteur-puissant\/vtt-electrique-tout-suspendu\/vtt-electrique-cube-ams-hybrid-one44-c68x-race-400x-29-resistant-pluie\/\">VTT \u00e9lectrique Cube Reaction Hybrid Performance 500 Allroad<\/a> adh\u00e9rence optimale<\/strong> est le compagnon id\u00e9al pour les amateurs de cyclisme tout-terrain en qu\u00eate de <strong>performance et de polyvalence<\/strong>. \u00c9quip\u00e9 d\u2019un moteur Bosch <strong>Performance Line<\/strong>, il garantit une puissance ma\u00eetris\u00e9e et une <strong>adh\u00e9rence optimale<\/strong> sur tous types de terrains. Gr\u00e2ce \u00e0 son <strong>cadre en aluminium robuste<\/strong>, son autonomie g\u00e9n\u00e9reuse et ses composants haut de gamme, ce mod\u00e8le se distingue par son excellent rapport qualit\u00e9-prix.<\/p>\n<p>Con\u00e7u pour offrir un <strong>confort exceptionnel<\/strong> et une <strong>maniabilit\u00e9 optimale<\/strong>, il s\u2019adresse aussi bien aux cyclistes amateurs qu\u2019aux passionn\u00e9s de VTT \u00e9lectrique. Que vous rouliez sur des <strong>pistes accident\u00e9es<\/strong>, en for\u00eat ou en ville, ce v\u00e9lo saura r\u00e9pondre \u00e0 toutes vos exigences. D\u00e9couvrez dans cet article ses sp\u00e9cifications techniques, ses atouts et pourquoi il constitue un choix judicieux par rapport \u00e0 ses concurrents.<\/p>\n<h2>Tableau des caract\u00e9ristiques et fiche technique<\/h2>\n<table>\n<tbody>\n<tr>\n<td>Mati\u00e8re du cadre<\/td>\n<td>Aluminium Superlite<\/td>\n<\/tr>\n<tr>\n<td>Cadre<\/td>\n<td>Aluminium Superlite, Gravity Casting, Agile Ride Geometry, 1.5 Headtube, Fully Integrated Battery, Internal Cable Routing, Kickstand\/Fender\/Carrier Mounting Parts<\/td>\n<\/tr>\n<tr>\n<td>Tailles<\/td>\n<td>Classic: Size Split: 27.5: XS S \/\/ 29: M L XL XXL<\/td>\n<\/tr>\n<tr>\n<td>Couleur<\/td>\n<td>skylightblue\u00b4n\u00b4white<\/td>\n<\/tr>\n<tr>\n<td>T\u00e9l\u00e9comande<\/td>\n<td>Bosch Purion 200 w\/ Integrated Display<\/td>\n<\/tr>\n<tr>\n<td>Fourche<\/td>\n<td>SR Suntour NVX30 NLO Coil, 100mm<\/td>\n<\/tr>\n<tr>\n<td>Freins<\/td>\n<td>Shimano BR-MT200\/UR300, Hydr. Disc Brake, PM\/FM (180\/180)<\/td>\n<\/tr>\n<tr>\n<td>Plateau<\/td>\n<td>ACID MTB Hybrid, 38T<\/td>\n<\/tr>\n<tr>\n<td>P\u00e9dales<\/td>\n<td>ACID PP MTB<\/td>\n<\/tr>\n<tr>\n<td>Cha\u00eene<\/td>\n<td>KMC eGlide<\/td>\n<\/tr>\n<tr>\n<td>Cassette<\/td>\n<td>Shimano Cues CS-LG300, 11-46T<\/td>\n<\/tr>\n<tr>\n<td>jeu de direction<\/td>\n<td>ACROS AZF-1031, 1 1\/8&Prime; straight, Top Zero-Stack 1 1\/2&Prime; (ZS 56mm), Bottom Zero-Stack 1 1\/2&Prime; (ZS 56mm)<\/td>\n<\/tr>\n<tr>\n<td>Potence<\/td>\n<td>CUBE Performance Stem E-MTB, 31.8mm<\/td>\n<\/tr>\n<tr>\n<td>Cintre<\/td>\n<td>CUBE Rise Trail Bar Pro, 740mm<\/td>\n<\/tr>\n<tr>\n<td>Jantes<\/td>\n<td>CUBE EX25, 32H, Disc, Tubeless Ready<\/td>\n<\/tr>\n<tr>\n<td>Moyeu avant<\/td>\n<td>Shimano HB-QC300, QR, Centerlock<\/td>\n<\/tr>\n<tr>\n<td>Moyeu arri\u00e8re<\/td>\n<td>Shimano FH-QC300-HM, QR, Centerlock<\/td>\n<\/tr>\n<tr>\n<td>Pneus<\/td>\n<td>Schwalbe Smart Sam, Active, 2.35<\/td>\n<\/tr>\n<tr>\n<td>Selle<\/td>\n<td>ACID Sequence Pro 160<\/td>\n<\/tr>\n<tr>\n<td>Tige de selle<\/td>\n<td>CUBE Performance Post, 30.9mm<\/td>\n<\/tr>\n<tr>\n<td>Poids<\/td>\n<td>25.2 kg<\/td>\n<\/tr>\n<tr>\n<td>D\u00e9railleur arri\u00e8re<\/td>\n<td>Shimano Cues RD-U4000-GS, 9-Speed<\/td>\n<\/tr>\n<tr>\n<td>Manettes<\/td>\n<td>Shimano Cues SL-U4010- Rapidfire-Plus<\/td>\n<\/tr>\n<tr>\n<td>\u00c9clairage avant<\/td>\n<td>ACID PRO-E 60, 12V, DC<\/td>\n<\/tr>\n<tr>\n<td>\u00c9clairage arri\u00e8re<\/td>\n<td>ACID Mudguard Rear Light PRO-E, 12V, DC<\/td>\n<\/tr>\n<tr>\n<td>B\u00e9quille<\/td>\n<td>ACID FM Pure Kickstand<\/td>\n<\/tr>\n<tr>\n<td>Garde-boue<\/td>\n<td>ACID 65 BB-Mount<\/td>\n<\/tr>\n<tr>\n<td>Sonnette<\/td>\n<td>Easy Bell<\/td>\n<\/tr>\n<tr>\n<td>\u00c9quipement<\/td>\n<td>Allroad<\/td>\n<\/tr>\n<tr>\n<td>Puissance batterie<\/td>\n<td>500 Wh<\/td>\n<\/tr>\n<tr>\n<td>Batterie<\/td>\n<td>Bosch PowerTube 500<\/td>\n<\/tr>\n<tr>\n<td>Moteur<\/td>\n<td>Bosch Drive Unit Performance Generation 3 (75Nm) Cruise (250Watt), Smart System<\/td>\n<\/tr>\n<tr>\n<td>Chargeur<\/td>\n<td>Bosch 2A<\/td>\n<\/tr>\n<tr>\n<td>Gamme<\/td>\n<td>2025<\/td>\n<\/tr>\n<\/tbody>\n<\/table>\n<p>&nbsp;<\/p>\n<h2>Tableau comparatif des produits et prix<\/h2>\n<table>\n<tbody>\n<tr>\n<td>Mod\u00e8le<\/td>\n<td>Prix<\/td>\n<td>Autonomie<\/td>\n<td>Puissance moteur<\/td>\n<td>Mat\u00e9riaux<\/td>\n<\/tr>\n<tr>\n<td><strong>Cube Reaction Hybrid Performance 500 Allroad<\/strong><\/td>\n<td>2 999 \u20ac<\/td>\n<td>Jusqu\u2019\u00e0 100 km<\/td>\n<td>65 Nm<\/td>\n<td>Aluminium<\/td>\n<\/tr>\n<tr>\n<td>Trek Powerfly 5<\/td>\n<td>3 299 \u20ac<\/td>\n<td>Jusqu\u2019\u00e0 120 km<\/td>\n<td>85 Nm<\/td>\n<td>Aluminium<\/td>\n<\/tr>\n<tr>\n<td>Haibike HardNine 5<\/td>\n<td>2 799 \u20ac<\/td>\n<td>Jusqu\u2019\u00e0 90 km<\/td>\n<td>60 Nm<\/td>\n<td>Aluminium<\/td>\n<\/tr>\n<\/tbody>\n<\/table>\n<div><\/div>\n<h2>Description approfondie et atouts du produit<\/h2>\n<p>Le <a href=\"https:\/\/e-veloboutique.fr\/home\/velos\/vtt-electrique-tout-terrain-a-moteur-puissant\/vtt-electrique-tout-suspendu\/vtt-electrique-cube-ams-hybrid-one44-c68x-race-400x-29-resistant-pluie\/\"><strong>Cube Reaction Hybrid Performance 500 Allroad<\/strong><\/a> est con\u00e7u pour offrir une <strong>exp\u00e9rience de conduite fluide et s\u00e9curis\u00e9e<\/strong>. Son moteur Bosch Performance Line d\u00e9livre <strong>65 Nm de couple<\/strong>, garantissant des acc\u00e9l\u00e9rations puissantes et un <strong>assistance progressive<\/strong> sur les mont\u00e9es. Gr\u00e2ce \u00e0 la batterie Bosch PowerTube de <strong>500 Wh<\/strong>, profitez d\u2019une autonomie allant jusqu\u2019\u00e0 <strong>100 km<\/strong>, id\u00e9ale pour les longues randonn\u00e9es.<\/p>\n<p>Son cadre en <strong>aluminium Superlite<\/strong> int\u00e8gre une g\u00e9om\u00e9trie Agile Ride, assurant un <strong>\u00e9quilibre parfait entre stabilit\u00e9 et r\u00e9activit\u00e9<\/strong>. La <strong>fourche suspendue Suntour XCM ATB<\/strong> avec un d\u00e9battement de 100 mm absorbe efficacement les chocs pour une conduite confortable.<\/p>\n<p>Avec sa <strong>transmission Shimano Deore 10 vitesses<\/strong>, ce VTT \u00e9lectrique offre des changements de vitesse pr\u00e9cis et fiables. De plus, les <strong>freins \u00e0 disque hydrauliques Shimano MT200<\/strong> assurent un freinage puissant m\u00eame en conditions humides.<\/p>\n<p>Ses <strong>pneus Schwalbe Smart Sam<\/strong> garantissent une <strong>adh\u00e9rence optimale<\/strong>, que ce soit sur des chemins boueux ou des sentiers rocailleux. Enfin, son \u00e9quipement complet, comprenant des <strong>garde-boue, un porte-bagages et un \u00e9clairage LED int\u00e9gr\u00e9<\/strong>, en fait un mod\u00e8le parfait pour un usage quotidien.<\/p>\n<h2>FAQ (Foire aux Questions)<\/h2>\n<p><strong>1. Quelle est l\u2019autonomie r\u00e9elle de ce VTT \u00e9lectrique ?<\/strong><br \/>\nL\u2019autonomie varie selon le mode d\u2019assistance, le poids du cycliste et le terrain. En moyenne, elle peut atteindre <strong>100 km<\/strong> sur terrain plat.<\/p>\n<p><strong>2. Ce mod\u00e8le est-il adapt\u00e9 aux d\u00e9butants ?<\/strong><br \/>\nOui, gr\u00e2ce \u00e0 son <strong>assistance progressive<\/strong>, il convient aussi bien aux d\u00e9butants qu\u2019aux cyclistes exp\u00e9riment\u00e9s.<\/p>\n<p><strong>3. Quel est le temps de recharge de la batterie ?<\/strong><br \/>\nLa batterie Bosch PowerTube 500 Wh se recharge en <strong>4 \u00e0 6 heures<\/strong> avec le chargeur fourni.<\/p>\n<p><strong>4. Peut-on l\u2019utiliser en ville ?<\/strong><br \/>\nOui, son \u00e9quipement complet (\u00e9clairage, porte-bagages) en fait un excellent choix pour un usage urbain.<\/p>\n<p><strong>5. Ce mod\u00e8le est-il compatible avec d\u2019autres batteries ?<\/strong><br \/>\nOui, il est possible de le faire \u00e9voluer en optant pour une batterie Bosch de capacit\u00e9 sup\u00e9rieure.<\/p>\n<p>Views: 5<\/p>","protected":false},"excerpt":{"rendered":"<ul data-spread=\"false\">\n<li><span style=\"color: #808000;\"><strong>Livraison gratuite<\/strong> et rapide<\/span><\/li>\n<li><span style=\"color: #808000;\"><strong>Garantie constructeur de 2 ans<\/strong><\/span><\/li>\n<li><span style=\"color: #808000;\"><strong>Paiement en plusieurs fois sans frais<\/strong><\/span><\/li>\n<\/ul>\n<p><span style=\"color: #808000;\">Ne manquez pas cette opportunit\u00e9 et \u00e9quipez-vous d\u00e8s maintenant du <strong>VTT \u00e9lectrique ultime adh\u00e9rence optimale<\/strong> au meilleur prix !<\/span><\/p>\n<p><span style=\"color: #808000;\"><strong>\u27a1 <a style=\"color: #808000;\" href=\"https:\/\/e-veloboutique.fr\/home\/velos\/vtt-electrique-tout-terrain-a-moteur-puissant\/vtt-electrique-tout-suspendu\/vtt-electrique-cube-ams-hybrid-one44-c68x-race-400x-29-resistant-pluie\/\">Commandez d\u00e8s aujourd\u2019hui et partez \u00e0 l\u2019aventure !<\/a><\/strong><\/span><\/p>\n","protected":false},"featured_media":17904,"comment_status":"open","ping_status":"closed","template":"","meta":[],"product_brand":[],"product_cat":[17,248,25],"product_tag":[646,31,33,34,51,641],"class_list":{"0":"post-17902","1":"product","2":"type-product","3":"status-publish","4":"has-post-thumbnail","6":"product_cat-velos","7":"product_cat-vtt-motorise-semi-rigide","8":"product_cat-vtt-electrique-tout-terrain-a-moteur-puissant","9":"product_tag-batterie-500-wh","10":"product_tag-batterie-avec-grande-autonomie","11":"product_tag-batterie-forte","12":"product_tag-batterie-resistante-et-puissant","13":"product_tag-velos-electriques","14":"product_tag-vtt-electrique","16":"first","17":"instock","18":"sale","19":"taxable","20":"shipping-taxable","21":"purchasable","22":"product-type-variable"},"yoast_head":"<!-- This site is optimized with the Yoast SEO plugin v27.5 - https:\/\/yoast.com\/product\/yoast-seo-wordpress\/ -->\n<title>VTT \u00e9lectrique adh\u00e9rence optimale - Cube reaction hybrid allroad<\/title>\n<meta name=\"description\" content=\"D\u00e9couvrez le Cube Reaction Hybrid Performance 500 Allroad, un VTT \u00e9lectrique alliant puissance, autonomie et adh\u00e9rence optimale !\" \/>\n<meta name=\"robots\" content=\"index, follow, max-snippet:-1, max-image-preview:large, max-video-preview:-1\" \/>\n<link rel=\"canonical\" href=\"https:\/\/e-veloboutique.fr\/?product=vtt-electrique-cube-reaction-hybrid-performance-500-allroad-adherence-optimale\" \/>\n<meta property=\"og:locale\" content=\"fr_FR\" \/>\n<meta property=\"og:type\" content=\"article\" \/>\n<meta property=\"og:title\" content=\"VTT \u00e9lectrique adh\u00e9rence optimale - Cube reaction hybrid allroad\" \/>\n<meta property=\"og:description\" content=\"D\u00e9couvrez le Cube Reaction Hybrid Performance 500 Allroad, un VTT \u00e9lectrique alliant puissance, autonomie et adh\u00e9rence optimale !\" \/>\n<meta property=\"og:url\" content=\"https:\/\/e-veloboutique.fr\/?product=vtt-electrique-cube-reaction-hybrid-performance-500-allroad-adherence-optimale\" \/>\n<meta property=\"og:site_name\" content=\"e-veloboutique.fr\" \/>\n<meta property=\"article:modified_time\" content=\"2025-05-01T17:33:33+00:00\" \/>\n<meta property=\"og:image\" content=\"https:\/\/e-veloboutique.fr\/wp-content\/uploads\/2025\/03\/Vtt-electrique-Cube-reaction-hybrid-performance-500-allroad-adherence-optimale-e-veloboutique.fr_.jpg\" \/>\n\t<meta property=\"og:image:width\" content=\"650\" \/>\n\t<meta property=\"og:image:height\" content=\"376\" \/>\n\t<meta property=\"og:image:type\" content=\"image\/jpeg\" \/>\n<meta name=\"twitter:card\" content=\"summary_large_image\" \/>\n<meta name=\"twitter:label1\" content=\"Dur\u00e9e de lecture estim\u00e9e\" \/>\n\t<meta name=\"twitter:data1\" content=\"4 minutes\" \/>\n<script type=\"application\/ld+json\" class=\"yoast-schema-graph\">{\"@context\":\"https:\\\/\\\/schema.org\",\"@graph\":[{\"@type\":\"WebPage\",\"@id\":\"https:\\\/\\\/e-veloboutique.fr\\\/?product=vtt-electrique-cube-reaction-hybrid-performance-500-allroad-adherence-optimale\",\"url\":\"https:\\\/\\\/e-veloboutique.fr\\\/?product=vtt-electrique-cube-reaction-hybrid-performance-500-allroad-adherence-optimale\",\"name\":\"VTT \u00e9lectrique adh\u00e9rence optimale - Cube reaction hybrid allroad\",\"isPartOf\":{\"@id\":\"https:\\\/\\\/e-veloboutique.fr\\\/#website\"},\"primaryImageOfPage\":{\"@id\":\"https:\\\/\\\/e-veloboutique.fr\\\/?product=vtt-electrique-cube-reaction-hybrid-performance-500-allroad-adherence-optimale#primaryimage\"},\"image\":{\"@id\":\"https:\\\/\\\/e-veloboutique.fr\\\/?product=vtt-electrique-cube-reaction-hybrid-performance-500-allroad-adherence-optimale#primaryimage\"},\"thumbnailUrl\":\"https:\\\/\\\/e-veloboutique.fr\\\/wp-content\\\/uploads\\\/2025\\\/03\\\/Vtt-electrique-Cube-reaction-hybrid-performance-500-allroad-adherence-optimale-e-veloboutique.fr_.jpg\",\"datePublished\":\"2025-03-17T11:43:08+00:00\",\"dateModified\":\"2025-05-01T17:33:33+00:00\",\"description\":\"D\u00e9couvrez le Cube Reaction Hybrid Performance 500 Allroad, un VTT \u00e9lectrique alliant puissance, autonomie et adh\u00e9rence optimale !\",\"breadcrumb\":{\"@id\":\"https:\\\/\\\/e-veloboutique.fr\\\/?product=vtt-electrique-cube-reaction-hybrid-performance-500-allroad-adherence-optimale#breadcrumb\"},\"inLanguage\":\"fr-FR\",\"potentialAction\":[{\"@type\":\"ReadAction\",\"target\":[\"https:\\\/\\\/e-veloboutique.fr\\\/?product=vtt-electrique-cube-reaction-hybrid-performance-500-allroad-adherence-optimale\"]}]},{\"@type\":\"ImageObject\",\"inLanguage\":\"fr-FR\",\"@id\":\"https:\\\/\\\/e-veloboutique.fr\\\/?product=vtt-electrique-cube-reaction-hybrid-performance-500-allroad-adherence-optimale#primaryimage\",\"url\":\"https:\\\/\\\/e-veloboutique.fr\\\/wp-content\\\/uploads\\\/2025\\\/03\\\/Vtt-electrique-Cube-reaction-hybrid-performance-500-allroad-adherence-optimale-e-veloboutique.fr_.jpg\",\"contentUrl\":\"https:\\\/\\\/e-veloboutique.fr\\\/wp-content\\\/uploads\\\/2025\\\/03\\\/Vtt-electrique-Cube-reaction-hybrid-performance-500-allroad-adherence-optimale-e-veloboutique.fr_.jpg\",\"width\":650,\"height\":376,\"caption\":\"Vtt-electrique-Cube-reaction-hybrid-performance-500-allroad-adherence-optimale-e-veloboutique.fr\"},{\"@type\":\"BreadcrumbList\",\"@id\":\"https:\\\/\\\/e-veloboutique.fr\\\/?product=vtt-electrique-cube-reaction-hybrid-performance-500-allroad-adherence-optimale#breadcrumb\",\"itemListElement\":[{\"@type\":\"ListItem\",\"position\":1,\"name\":\"Accueil\",\"item\":\"https:\\\/\\\/e-veloboutique.fr\\\/\"},{\"@type\":\"ListItem\",\"position\":2,\"name\":\"Produits\",\"item\":\"https:\\\/\\\/e-veloboutique.fr\\\/shop\\\/\"},{\"@type\":\"ListItem\",\"position\":3,\"name\":\"V\u00e9los \u00e9lectriques\",\"item\":\"https:\\\/\\\/e-veloboutique.fr\\\/?product_cat=velos\"},{\"@type\":\"ListItem\",\"position\":4,\"name\":\"Vtt \u00e9lectrique Cube reaction hybrid performance allroad 500 WH (Bleu ciel et blanc )\"}]},{\"@type\":\"WebSite\",\"@id\":\"https:\\\/\\\/e-veloboutique.fr\\\/#website\",\"url\":\"https:\\\/\\\/e-veloboutique.fr\\\/\",\"name\":\"E-velos\",\"description\":\"\",\"publisher\":{\"@id\":\"https:\\\/\\\/e-veloboutique.fr\\\/#organization\"},\"potentialAction\":[{\"@type\":\"SearchAction\",\"target\":{\"@type\":\"EntryPoint\",\"urlTemplate\":\"https:\\\/\\\/e-veloboutique.fr\\\/?s={search_term_string}\"},\"query-input\":{\"@type\":\"PropertyValueSpecification\",\"valueRequired\":true,\"valueName\":\"search_term_string\"}}],\"inLanguage\":\"fr-FR\"},{\"@type\":\"Organization\",\"@id\":\"https:\\\/\\\/e-veloboutique.fr\\\/#organization\",\"name\":\"e-veloboutique.fr\",\"url\":\"https:\\\/\\\/e-veloboutique.fr\\\/\",\"logo\":{\"@type\":\"ImageObject\",\"inLanguage\":\"fr-FR\",\"@id\":\"https:\\\/\\\/e-veloboutique.fr\\\/#\\\/schema\\\/logo\\\/image\\\/\",\"url\":\"https:\\\/\\\/e-veloboutique.fr\\\/wp-content\\\/uploads\\\/2024\\\/12\\\/evelos-boutique.jpg\",\"contentUrl\":\"https:\\\/\\\/e-veloboutique.fr\\\/wp-content\\\/uploads\\\/2024\\\/12\\\/evelos-boutique.jpg\",\"width\":75,\"height\":75,\"caption\":\"e-veloboutique.fr\"},\"image\":{\"@id\":\"https:\\\/\\\/e-veloboutique.fr\\\/#\\\/schema\\\/logo\\\/image\\\/\"}}]}<\/script>\n<!-- \/ Yoast SEO plugin. -->","yoast_head_json":{"title":"VTT \u00e9lectrique adh\u00e9rence optimale - Cube reaction hybrid allroad","description":"D\u00e9couvrez le Cube Reaction Hybrid Performance 500 Allroad, un VTT \u00e9lectrique alliant puissance, autonomie et adh\u00e9rence optimale !","robots":{"index":"index","follow":"follow","max-snippet":"max-snippet:-1","max-image-preview":"max-image-preview:large","max-video-preview":"max-video-preview:-1"},"canonical":"https:\/\/e-veloboutique.fr\/?product=vtt-electrique-cube-reaction-hybrid-performance-500-allroad-adherence-optimale","og_locale":"fr_FR","og_type":"article","og_title":"VTT \u00e9lectrique adh\u00e9rence optimale - Cube reaction hybrid allroad","og_description":"D\u00e9couvrez le Cube Reaction Hybrid Performance 500 Allroad, un VTT \u00e9lectrique alliant puissance, autonomie et adh\u00e9rence optimale !","og_url":"https:\/\/e-veloboutique.fr\/?product=vtt-electrique-cube-reaction-hybrid-performance-500-allroad-adherence-optimale","og_site_name":"e-veloboutique.fr","article_modified_time":"2025-05-01T17:33:33+00:00","og_image":[{"width":650,"height":376,"url":"https:\/\/e-veloboutique.fr\/wp-content\/uploads\/2025\/03\/Vtt-electrique-Cube-reaction-hybrid-performance-500-allroad-adherence-optimale-e-veloboutique.fr_.jpg","type":"image\/jpeg"}],"twitter_card":"summary_large_image","twitter_misc":{"Dur\u00e9e de lecture estim\u00e9e":"4 minutes"},"schema":{"@context":"https:\/\/schema.org","@graph":[{"@type":"WebPage","@id":"https:\/\/e-veloboutique.fr\/?product=vtt-electrique-cube-reaction-hybrid-performance-500-allroad-adherence-optimale","url":"https:\/\/e-veloboutique.fr\/?product=vtt-electrique-cube-reaction-hybrid-performance-500-allroad-adherence-optimale","name":"VTT \u00e9lectrique adh\u00e9rence optimale - Cube reaction hybrid allroad","isPartOf":{"@id":"https:\/\/e-veloboutique.fr\/#website"},"primaryImageOfPage":{"@id":"https:\/\/e-veloboutique.fr\/?product=vtt-electrique-cube-reaction-hybrid-performance-500-allroad-adherence-optimale#primaryimage"},"image":{"@id":"https:\/\/e-veloboutique.fr\/?product=vtt-electrique-cube-reaction-hybrid-performance-500-allroad-adherence-optimale#primaryimage"},"thumbnailUrl":"https:\/\/e-veloboutique.fr\/wp-content\/uploads\/2025\/03\/Vtt-electrique-Cube-reaction-hybrid-performance-500-allroad-adherence-optimale-e-veloboutique.fr_.jpg","datePublished":"2025-03-17T11:43:08+00:00","dateModified":"2025-05-01T17:33:33+00:00","description":"D\u00e9couvrez le Cube Reaction Hybrid Performance 500 Allroad, un VTT \u00e9lectrique alliant puissance, autonomie et adh\u00e9rence optimale !","breadcrumb":{"@id":"https:\/\/e-veloboutique.fr\/?product=vtt-electrique-cube-reaction-hybrid-performance-500-allroad-adherence-optimale#breadcrumb"},"inLanguage":"fr-FR","potentialAction":[{"@type":"ReadAction","target":["https:\/\/e-veloboutique.fr\/?product=vtt-electrique-cube-reaction-hybrid-performance-500-allroad-adherence-optimale"]}]},{"@type":"ImageObject","inLanguage":"fr-FR","@id":"https:\/\/e-veloboutique.fr\/?product=vtt-electrique-cube-reaction-hybrid-performance-500-allroad-adherence-optimale#primaryimage","url":"https:\/\/e-veloboutique.fr\/wp-content\/uploads\/2025\/03\/Vtt-electrique-Cube-reaction-hybrid-performance-500-allroad-adherence-optimale-e-veloboutique.fr_.jpg","contentUrl":"https:\/\/e-veloboutique.fr\/wp-content\/uploads\/2025\/03\/Vtt-electrique-Cube-reaction-hybrid-performance-500-allroad-adherence-optimale-e-veloboutique.fr_.jpg","width":650,"height":376,"caption":"Vtt-electrique-Cube-reaction-hybrid-performance-500-allroad-adherence-optimale-e-veloboutique.fr"},{"@type":"BreadcrumbList","@id":"https:\/\/e-veloboutique.fr\/?product=vtt-electrique-cube-reaction-hybrid-performance-500-allroad-adherence-optimale#breadcrumb","itemListElement":[{"@type":"ListItem","position":1,"name":"Accueil","item":"https:\/\/e-veloboutique.fr\/"},{"@type":"ListItem","position":2,"name":"Produits","item":"https:\/\/e-veloboutique.fr\/shop\/"},{"@type":"ListItem","position":3,"name":"V\u00e9los \u00e9lectriques","item":"https:\/\/e-veloboutique.fr\/?product_cat=velos"},{"@type":"ListItem","position":4,"name":"Vtt \u00e9lectrique Cube reaction hybrid performance allroad 500 WH (Bleu ciel et blanc )"}]},{"@type":"WebSite","@id":"https:\/\/e-veloboutique.fr\/#website","url":"https:\/\/e-veloboutique.fr\/","name":"E-velos","description":"","publisher":{"@id":"https:\/\/e-veloboutique.fr\/#organization"},"potentialAction":[{"@type":"SearchAction","target":{"@type":"EntryPoint","urlTemplate":"https:\/\/e-veloboutique.fr\/?s={search_term_string}"},"query-input":{"@type":"PropertyValueSpecification","valueRequired":true,"valueName":"search_term_string"}}],"inLanguage":"fr-FR"},{"@type":"Organization","@id":"https:\/\/e-veloboutique.fr\/#organization","name":"e-veloboutique.fr","url":"https:\/\/e-veloboutique.fr\/","logo":{"@type":"ImageObject","inLanguage":"fr-FR","@id":"https:\/\/e-veloboutique.fr\/#\/schema\/logo\/image\/","url":"https:\/\/e-veloboutique.fr\/wp-content\/uploads\/2024\/12\/evelos-boutique.jpg","contentUrl":"https:\/\/e-veloboutique.fr\/wp-content\/uploads\/2024\/12\/evelos-boutique.jpg","width":75,"height":75,"caption":"e-veloboutique.fr"},"image":{"@id":"https:\/\/e-veloboutique.fr\/#\/schema\/logo\/image\/"}}]}},"_links":{"self":[{"href":"https:\/\/e-veloboutique.fr\/index.php?rest_route=\/wp\/v2\/product\/17902","targetHints":{"allow":["GET"]}}],"collection":[{"href":"https:\/\/e-veloboutique.fr\/index.php?rest_route=\/wp\/v2\/product"}],"about":[{"href":"https:\/\/e-veloboutique.fr\/index.php?rest_route=\/wp\/v2\/types\/product"}],"replies":[{"embeddable":true,"href":"https:\/\/e-veloboutique.fr\/index.php?rest_route=%2Fwp%2Fv2%2Fcomments&post=17902"}],"version-history":[{"count":0,"href":"https:\/\/e-veloboutique.fr\/index.php?rest_route=\/wp\/v2\/product\/17902\/revisions"}],"wp:featuredmedia":[{"embeddable":true,"href":"https:\/\/e-veloboutique.fr\/index.php?rest_route=\/wp\/v2\/media\/17904"}],"wp:attachment":[{"href":"https:\/\/e-veloboutique.fr\/index.php?rest_route=%2Fwp%2Fv2%2Fmedia&parent=17902"}],"wp:term":[{"taxonomy":"product_brand","embeddable":true,"href":"https:\/\/e-veloboutique.fr\/index.php?rest_route=%2Fwp%2Fv2%2Fproduct_brand&post=17902"},{"taxonomy":"product_cat","embeddable":true,"href":"https:\/\/e-veloboutique.fr\/index.php?rest_route=%2Fwp%2Fv2%2Fproduct_cat&post=17902"},{"taxonomy":"product_tag","embeddable":true,"href":"https:\/\/e-veloboutique.fr\/index.php?rest_route=%2Fwp%2Fv2%2Fproduct_tag&post=17902"}],"curies":[{"name":"wp","href":"https:\/\/api.w.org\/{rel}","templated":true}]}}