{"id":21108,"date":"2025-06-12T10:56:15","date_gmt":"2025-06-12T10:56:15","guid":{"rendered":"https:\/\/e-veloboutique.fr\/home\/non%20class\u00e9\/velo-electrique-cargo-longtail-galian-le-formidable\/"},"modified":"2026-03-27T09:46:47","modified_gmt":"2026-03-27T09:46:47","slug":"velo-electrique-cargo-longtail-galian-le-formidable","status":"publish","type":"product","link":"https:\/\/e-veloboutique.fr\/?product=velo-electrique-cargo-longtail-galian-le-formidable","title":{"rendered":"V\u00e9lo Electrique Cargo\/Longtail -Galian &#8211; Le Formidable"},"content":{"rendered":"<h2 data-start=\"369\" data-end=\"441\">V\u00e9lo Cargo \u00c9lectrique 4 Places Galian \u2013 Le Formidable<\/h2>\n<p data-start=\"474\" data-end=\"813\">Besoin de transporter vos enfants, vos courses ou m\u00eame votre chien sans sacrifier votre mobilit\u00e9 ? Le V\u00e9lo \u00c9lectrique Cargo\/Longtail Galian \u2013 Le Formidable est fait pour vous ! Con\u00e7u pour accueillir jusqu\u2019\u00e0 4 personnes, ce mod\u00e8le longtail vous offre une solution \u00e9cologique, \u00e9conomique et ultra-pratique pour vos d\u00e9placements du quotidien.<\/p>\n<p data-start=\"815\" data-end=\"1111\">Avec son puissant moteur, sa batterie longue autonomie et sa conception robuste, le Galian s\u2019impose comme une r\u00e9f\u00e9rence incontournable dans l\u2019univers du \ud83d\udeb2 <strong data-start=\"971\" data-end=\"1005\">v\u00e9lo cargo \u00e9lectrique 4 places<\/strong>. Id\u00e9al pour les familles urbaines, les micro-entrepreneurs ou les amateurs de cyclotourisme avec enfants.<\/p>\n<p data-start=\"1113\" data-end=\"1270\">En plus de son excellent rapport qualit\u00e9\/prix, ce v\u00e9lo est livr\u00e9 avec de nombreux accessoires int\u00e9gr\u00e9s pour que vous soyez pr\u00eat \u00e0 rouler d\u00e8s le premier jour.<\/p>\n<ol start=\"2\" data-start=\"1426\" data-end=\"1472\">\n<li data-start=\"1426\" data-end=\"1472\">\n<h2 data-start=\"1429\" data-end=\"1472\">\ud83d\udee0\ufe0f Tableau des caract\u00e9ristiques techniques<\/h2>\n<\/li>\n<\/ol>\n<div class=\"_tableContainer_16hzy_1\">\n<div class=\"_tableWrapper_16hzy_14 group flex w-fit flex-col-reverse\" tabindex=\"-1\">\n<table class=\"w-fit min-w-(--thread-content-width)\" data-start=\"1474\" data-end=\"2775\">\n<thead data-start=\"1474\" data-end=\"1547\">\n<tr data-start=\"1474\" data-end=\"1547\">\n<th data-start=\"1474\" data-end=\"1503\" data-col-size=\"sm\">Caract\u00e9ristiques<\/th>\n<th data-start=\"1503\" data-end=\"1547\" data-col-size=\"md\">D\u00e9tails<\/th>\n<\/tr>\n<\/thead>\n<tbody data-start=\"1621\" data-end=\"2775\">\n<tr data-start=\"1621\" data-end=\"1693\">\n<td data-start=\"1621\" data-end=\"1649\" data-col-size=\"sm\">Type<\/td>\n<td data-start=\"1649\" data-end=\"1693\" data-col-size=\"md\">V\u00e9lo cargo \u00e9lectrique longtail 4 places<\/td>\n<\/tr>\n<tr data-start=\"1694\" data-end=\"1767\">\n<td data-start=\"1694\" data-end=\"1722\" data-col-size=\"sm\">Moteur<\/td>\n<td data-col-size=\"md\" data-start=\"1722\" data-end=\"1767\">Moteur p\u00e9dalier Bafang 250W \u2013 80 Nm<\/td>\n<\/tr>\n<tr data-start=\"1768\" data-end=\"1841\">\n<td data-start=\"1768\" data-end=\"1796\" data-col-size=\"sm\">Batterie<\/td>\n<td data-col-size=\"md\" data-start=\"1796\" data-end=\"1841\">Lithium-ion 48V \u2013 672 Wh (14 Ah)<\/td>\n<\/tr>\n<tr data-start=\"1842\" data-end=\"1915\">\n<td data-start=\"1842\" data-end=\"1870\" data-col-size=\"sm\">Autonomie<\/td>\n<td data-start=\"1870\" data-end=\"1915\" data-col-size=\"md\">Jusqu\u2019\u00e0 100 km selon l\u2019usage<\/td>\n<\/tr>\n<tr data-start=\"1916\" data-end=\"1989\">\n<td data-start=\"1916\" data-end=\"1944\" data-col-size=\"sm\">Transmission<\/td>\n<td data-start=\"1944\" data-end=\"1989\" data-col-size=\"md\"><a href=\"https:\/\/unbonvelo.com\/produit\/velo-electrique-velo-cargo-electrique-livraison-heta-2s-cues-di2\/\">Shimano 9 vitesses<\/a><\/td>\n<\/tr>\n<tr data-start=\"1990\" data-end=\"2062\">\n<td data-start=\"1990\" data-end=\"2018\" data-col-size=\"sm\">Freins<\/td>\n<td data-col-size=\"md\" data-start=\"2018\" data-end=\"2062\">Disques hydrauliques avant\/arri\u00e8re<\/td>\n<\/tr>\n<tr data-start=\"2063\" data-end=\"2135\">\n<td data-start=\"2063\" data-end=\"2091\" data-col-size=\"sm\">Poids<\/td>\n<td data-start=\"2091\" data-end=\"2135\" data-col-size=\"md\">35 kg (sans accessoires)<\/td>\n<\/tr>\n<tr data-start=\"2136\" data-end=\"2209\">\n<td data-start=\"2136\" data-end=\"2164\" data-col-size=\"sm\">Charge maximale<\/td>\n<td data-col-size=\"md\" data-start=\"2164\" data-end=\"2209\">200 kg<\/td>\n<\/tr>\n<tr data-start=\"2210\" data-end=\"2283\">\n<td data-start=\"2210\" data-end=\"2238\" data-col-size=\"sm\">Mat\u00e9riaux du cadre<\/td>\n<td data-col-size=\"md\" data-start=\"2238\" data-end=\"2283\">Aluminium renforc\u00e9<\/td>\n<\/tr>\n<tr data-start=\"2284\" data-end=\"2357\">\n<td data-start=\"2284\" data-end=\"2312\" data-col-size=\"sm\">Pneus<\/td>\n<td data-col-size=\"md\" data-start=\"2312\" data-end=\"2357\">Schwalbe Pick-Up 26 pouces renforc\u00e9s<\/td>\n<\/tr>\n<tr data-start=\"2358\" data-end=\"2476\">\n<td data-start=\"2358\" data-end=\"2386\" data-col-size=\"sm\">\u00c9quipements inclus<\/td>\n<td data-col-size=\"md\" data-start=\"2386\" data-end=\"2476\">Porte-bagages XXL, repose-pieds, garde-boue, \u00e9clairages LED, b\u00e9quille double renforc\u00e9e<\/td>\n<\/tr>\n<tr data-start=\"2477\" data-end=\"2554\">\n<td data-start=\"2477\" data-end=\"2505\" data-col-size=\"sm\">Si\u00e8ges enfants int\u00e9gr\u00e9s<\/td>\n<td data-col-size=\"md\" data-start=\"2505\" data-end=\"2554\">Oui (2 si\u00e8ges + banquette arri\u00e8re rembourr\u00e9e)<\/td>\n<\/tr>\n<tr data-start=\"2555\" data-end=\"2628\">\n<td data-start=\"2555\" data-end=\"2583\" data-col-size=\"sm\">Dimensions<\/td>\n<td data-col-size=\"md\" data-start=\"2583\" data-end=\"2628\">200 x 65 x 115 cm<\/td>\n<\/tr>\n<tr data-start=\"2629\" data-end=\"2702\">\n<td data-start=\"2629\" data-end=\"2657\" data-col-size=\"sm\">Temps de charge batterie<\/td>\n<td data-col-size=\"md\" data-start=\"2657\" data-end=\"2702\">5 \u00e0 6 heures<\/td>\n<\/tr>\n<tr data-start=\"2703\" data-end=\"2775\">\n<td data-start=\"2703\" data-end=\"2731\" data-col-size=\"sm\">Garantie<\/td>\n<td data-start=\"2731\" data-end=\"2775\" data-col-size=\"md\">2 ans (cadre, moteur, batterie)<\/td>\n<\/tr>\n<\/tbody>\n<\/table>\n<div class=\"sticky end-(--thread-content-margin) h-0 self-end select-none\">\n<div class=\"absolute end-0 flex items-end\"><\/div>\n<\/div>\n<\/div>\n<\/div>\n<p data-start=\"2777\" data-end=\"2868\">\ud83e\uddfe Manuel utilisateur disponible sur demande ou en t\u00e9l\u00e9chargement PDF sur <a class=\"\" href=\"http:\/\/www.unbonvelo.com\" target=\"_new\" rel=\"noopener\" data-start=\"2851\" data-end=\"2868\">www.unbonvelo.com<\/a><\/p>\n<p data-start=\"2870\" data-end=\"2871\">\u2014<\/p>\n<ol start=\"3\" data-start=\"2873\" data-end=\"2923\">\n<li data-start=\"2873\" data-end=\"2923\">\n<h3 data-start=\"2876\" data-end=\"2923\">\ud83d\udd0d Comparatif avec d\u2019autres mod\u00e8les concurrents<\/h3>\n<\/li>\n<\/ol>\n<div class=\"_tableContainer_16hzy_1\">\n<div class=\"_tableWrapper_16hzy_14 group flex w-fit flex-col-reverse\" tabindex=\"-1\">\n<table class=\"w-fit min-w-(--thread-content-width)\" data-start=\"2925\" data-end=\"3641\">\n<thead data-start=\"2925\" data-end=\"3040\">\n<tr data-start=\"2925\" data-end=\"3040\">\n<th data-start=\"2925\" data-end=\"2962\" data-col-size=\"sm\">Mod\u00e8le<\/th>\n<th data-start=\"2962\" data-end=\"2974\" data-col-size=\"sm\">Prix<\/th>\n<th data-start=\"2974\" data-end=\"2990\" data-col-size=\"sm\">Autonomie<\/th>\n<th data-start=\"2990\" data-end=\"3009\" data-col-size=\"sm\">Capacit\u00e9 enfants<\/th>\n<th data-start=\"3009\" data-end=\"3024\" data-col-size=\"sm\">Transmission<\/th>\n<th data-start=\"3024\" data-end=\"3040\" data-col-size=\"sm\">Moteur<\/th>\n<\/tr>\n<\/thead>\n<tbody data-start=\"3158\" data-end=\"3641\">\n<tr data-start=\"3158\" data-end=\"3274\">\n<td data-start=\"3158\" data-end=\"3194\" data-col-size=\"sm\">Galian Le Formidable<\/td>\n<td data-col-size=\"sm\" data-start=\"3194\" data-end=\"3206\">9 499 \u20ac<\/td>\n<td data-col-size=\"sm\" data-start=\"3206\" data-end=\"3223\">100 km max<\/td>\n<td data-col-size=\"sm\" data-start=\"3223\" data-end=\"3242\">Jusqu\u2019\u00e0 4<\/td>\n<td data-col-size=\"sm\" data-start=\"3242\" data-end=\"3258\">Shimano 9V<\/td>\n<td data-col-size=\"sm\" data-start=\"3258\" data-end=\"3274\">Bafang 80 Nm<\/td>\n<\/tr>\n<tr data-start=\"3275\" data-end=\"3396\">\n<td data-start=\"3275\" data-end=\"3311\" data-col-size=\"sm\">Yuba Spicy Curry V3<\/td>\n<td data-col-size=\"sm\" data-start=\"3311\" data-end=\"3323\">4 899 \u20ac<\/td>\n<td data-col-size=\"sm\" data-start=\"3323\" data-end=\"3340\">100-120 km<\/td>\n<td data-col-size=\"sm\" data-start=\"3340\" data-end=\"3359\">Jusqu\u2019\u00e0 3<\/td>\n<td data-col-size=\"sm\" data-start=\"3359\" data-end=\"3375\">Shimano Deore<\/td>\n<td data-col-size=\"sm\" data-start=\"3375\" data-end=\"3396\">Bosch Cargo 85 Nm<\/td>\n<\/tr>\n<tr data-start=\"3397\" data-end=\"3517\">\n<td data-start=\"3397\" data-end=\"3433\" data-col-size=\"sm\">Riese &amp; M\u00fcller Load 75 Touring<\/td>\n<td data-col-size=\"sm\" data-start=\"3433\" data-end=\"3445\">6 990 \u20ac<\/td>\n<td data-col-size=\"sm\" data-start=\"3445\" data-end=\"3462\">90-120 km<\/td>\n<td data-col-size=\"sm\" data-start=\"3462\" data-end=\"3481\">Jusqu\u2019\u00e0 3-4<\/td>\n<td data-col-size=\"sm\" data-start=\"3481\" data-end=\"3497\">Rohloff 14V<\/td>\n<td data-col-size=\"sm\" data-start=\"3497\" data-end=\"3517\">Bosch Cargo Line<\/td>\n<\/tr>\n<tr data-start=\"3518\" data-end=\"3641\">\n<td data-start=\"3518\" data-end=\"3554\" data-col-size=\"sm\">Decathlon R500E Longtail<\/td>\n<td data-col-size=\"sm\" data-start=\"3554\" data-end=\"3566\">2 999 \u20ac<\/td>\n<td data-col-size=\"sm\" data-start=\"3566\" data-end=\"3583\">70-90 km<\/td>\n<td data-col-size=\"sm\" data-start=\"3583\" data-end=\"3602\">Jusqu\u2019\u00e0 2-3<\/td>\n<td data-col-size=\"sm\" data-start=\"3602\" data-end=\"3618\">Shimano Altus<\/td>\n<td data-col-size=\"sm\" data-start=\"3618\" data-end=\"3641\">Moteur maison 58 Nm<\/td>\n<\/tr>\n<\/tbody>\n<\/table>\n<div class=\"sticky end-(--thread-content-margin) h-0 self-end select-none\">\n<div class=\"absolute end-0 flex items-end\"><\/div>\n<\/div>\n<\/div>\n<\/div>\n<p data-start=\"3643\" data-end=\"3753\">\u2714\ufe0f Le Galian se distingue par son excellent \u00e9quilibre entre performance, capacit\u00e9 d\u2019accueil et prix attractif.<\/p>\n<p data-start=\"3755\" data-end=\"3756\">\u2014<\/p>\n<ol start=\"4\" data-start=\"3758\" data-end=\"3807\">\n<li data-start=\"3758\" data-end=\"3807\">\n<h4 data-start=\"3761\" data-end=\"3807\">\u2705 Description approfondie et atouts du produit<\/h4>\n<\/li>\n<\/ol>\n<p data-start=\"3809\" data-end=\"4058\">Le Galian &#8211; Le Formidable, ce n\u2019est pas qu\u2019un simple v\u00e9lo cargo : c\u2019est un alli\u00e9 du quotidien. Pens\u00e9 pour la vie urbaine, il vous permet de dire adieu aux bouchons et aux frais de carburant tout en transportant jusqu\u2019\u00e0 4 personnes en toute s\u00e9curit\u00e9.<\/p>\n<p data-start=\"4060\" data-end=\"4305\">Sa motorisation Bafang centrale offre une assistance fluide, puissante et silencieuse, m\u00eame en mont\u00e9e. Le cadre en aluminium renforc\u00e9 et les freins \u00e0 disques hydrauliques assurent une stabilit\u00e9 et un freinage exemplaires, m\u00eame charg\u00e9 au maximum.<\/p>\n<p data-start=\"4307\" data-end=\"4480\">L\u2019autonomie de 100 km est id\u00e9ale pour les trajets maison-\u00e9cole-travail ou pour vos sorties du week-end. La batterie amovible se recharge facilement \u00e0 la maison ou au bureau.<\/p>\n<p data-start=\"4482\" data-end=\"4509\">Autres avantages notables :<\/p>\n<ul data-start=\"4510\" data-end=\"4750\">\n<li data-start=\"4510\" data-end=\"4590\">\n<p data-start=\"4512\" data-end=\"4590\">Une b\u00e9quille double ultra-stable pour faciliter le chargement et d\u00e9chargement.<\/p>\n<\/li>\n<li data-start=\"4591\" data-end=\"4679\">\n<p data-start=\"4593\" data-end=\"4679\">Des pneus renforc\u00e9s anti-crevaison adapt\u00e9s aux routes urbaines et chemins de campagne.<\/p>\n<\/li>\n<li data-start=\"4680\" data-end=\"4750\">\n<p data-start=\"4682\" data-end=\"4750\">Des \u00e9quipements inclus qui \u00e9vitent les frais additionnels \u00e0 l\u2019achat.<\/p>\n<\/li>\n<\/ul>\n<p data-start=\"4752\" data-end=\"4876\">\ud83d\udca1 En r\u00e9sum\u00e9, c\u2019est le v\u00e9lo utilitaire id\u00e9al pour ceux qui veulent allier <strong data-start=\"4826\" data-end=\"4844\">mobilit\u00e9 douce<\/strong>, s\u00e9curit\u00e9, et confort familial.<\/p>\n<h5 data-start=\"4878\" data-end=\"4879\">\u00a0 \u00a0 \u00a05-\u2753 FAQ \u2013 V\u00e9lo cargo \u00e9lectrique 4 places Galian<\/h5>\n<p data-start=\"5409\" data-end=\"5563\">\ud83d\udd39 Le v\u00e9lo est-il adapt\u00e9 aux trajets quotidiens en ville ?<br data-start=\"5467\" data-end=\"5470\" \/>Oui, il est parfait pour les trajets domicile-\u00e9cole-travail, m\u00eame avec 3 enfants \u00e0 l\u2019arri\u00e8re.<\/p>\n<p data-start=\"5565\" data-end=\"5681\">\ud83d\udd39 Peut-on installer un si\u00e8ge b\u00e9b\u00e9 \u00e0 l\u2019avant ?<br data-start=\"5611\" data-end=\"5614\" \/>Oui, un adaptateur est pr\u00e9vu pour ajouter un si\u00e8ge b\u00e9b\u00e9 compatible.<\/p>\n<p data-start=\"5683\" data-end=\"5864\">\ud83d\udd39 L\u2019autonomie est-elle suffisante pour une journ\u00e9e de livraison ?<br data-start=\"5749\" data-end=\"5752\" \/>Avec une autonomie allant jusqu\u2019\u00e0 100 km, vous pouvez effectuer plusieurs trajets dans la journ\u00e9e sans recharge.<\/p>\n<p data-start=\"5866\" data-end=\"5998\">\ud83d\udd39 Est-il possible de retirer la batterie pour la recharger ?<br data-start=\"5927\" data-end=\"5930\" \/>Oui, la batterie est amovible et se recharge sur une prise standard.<\/p>\n<p data-start=\"6000\" data-end=\"6135\">\ud83d\udd39 Le v\u00e9lo est-il livr\u00e9 mont\u00e9 ?<br data-start=\"6031\" data-end=\"6034\" \/>Il est livr\u00e9 95 % mont\u00e9, avec un guide de montage simple pour les derni\u00e8res pi\u00e8ces (guidon, p\u00e9dales).<\/p>\n<p data-start=\"6137\" data-end=\"6138\">\n<p>Views: 2<\/p>","protected":false},"excerpt":{"rendered":"<p>V\u00e9lo Cargo \u00c9lectrique 4 Places Galian \u2013 Le Formidable Besoin de transporter vos enfants, vos courses ou m\u00eame votre chien<\/p>\n","protected":false},"featured_media":21107,"comment_status":"open","ping_status":"closed","template":"","meta":[],"product_brand":[],"product_cat":[246,17],"product_tag":[],"class_list":{"0":"post-21108","1":"product","2":"type-product","3":"status-publish","4":"has-post-thumbnail","6":"product_cat-velo-de-ville-cargo-longtail-electrique","7":"product_cat-velos","9":"first","10":"instock","11":"taxable","12":"shipping-taxable","13":"product-type-simple"},"yoast_head":"<!-- This site is optimized with the Yoast SEO plugin v27.5 - https:\/\/yoast.com\/product\/yoast-seo-wordpress\/ -->\n<title>V\u00e9lo cargo \u00e9lectrique 4 places Galian - Le Formidable - e-veloboutique.fr<\/title>\n<meta name=\"description\" content=\"Transportez toute la famille avec le v\u00e9lo cargo \u00e9lectrique 4 places Galian - puissant, confortable et id\u00e9al pour la mobilit\u00e9 urbaine. en promo a 6175\u20ac\" \/>\n<meta name=\"robots\" content=\"index, follow, max-snippet:-1, max-image-preview:large, max-video-preview:-1\" \/>\n<link rel=\"canonical\" href=\"https:\/\/e-veloboutique.fr\/?product=velo-electrique-cargo-longtail-galian-le-formidable\" \/>\n<meta property=\"og:locale\" content=\"fr_FR\" \/>\n<meta property=\"og:type\" content=\"article\" \/>\n<meta property=\"og:title\" content=\"V\u00e9lo cargo \u00e9lectrique 4 places Galian - Le Formidable - e-veloboutique.fr\" \/>\n<meta property=\"og:description\" content=\"Transportez toute la famille avec le v\u00e9lo cargo \u00e9lectrique 4 places Galian - puissant, confortable et id\u00e9al pour la mobilit\u00e9 urbaine. en promo a 6175\u20ac\" \/>\n<meta property=\"og:url\" content=\"https:\/\/e-veloboutique.fr\/?product=velo-electrique-cargo-longtail-galian-le-formidable\" \/>\n<meta property=\"og:site_name\" content=\"e-veloboutique.fr\" \/>\n<meta property=\"article:modified_time\" content=\"2026-03-27T09:46:47+00:00\" \/>\n<meta property=\"og:image\" content=\"https:\/\/e-veloboutique.fr\/wp-content\/uploads\/2025\/06\/Galian-Le-Formidable-5.webp\" \/>\n\t<meta property=\"og:image:width\" content=\"700\" \/>\n\t<meta property=\"og:image:height\" content=\"700\" \/>\n\t<meta property=\"og:image:type\" content=\"image\/webp\" \/>\n<meta name=\"twitter:card\" content=\"summary_large_image\" \/>\n<meta name=\"twitter:label1\" content=\"Dur\u00e9e de lecture estim\u00e9e\" \/>\n\t<meta name=\"twitter:data1\" content=\"4 minutes\" \/>\n<script type=\"application\/ld+json\" class=\"yoast-schema-graph\">{\"@context\":\"https:\\\/\\\/schema.org\",\"@graph\":[{\"@type\":\"WebPage\",\"@id\":\"https:\\\/\\\/e-veloboutique.fr\\\/?product=velo-electrique-cargo-longtail-galian-le-formidable\",\"url\":\"https:\\\/\\\/e-veloboutique.fr\\\/?product=velo-electrique-cargo-longtail-galian-le-formidable\",\"name\":\"V\u00e9lo cargo \u00e9lectrique 4 places Galian - Le Formidable - e-veloboutique.fr\",\"isPartOf\":{\"@id\":\"https:\\\/\\\/e-veloboutique.fr\\\/#website\"},\"primaryImageOfPage\":{\"@id\":\"https:\\\/\\\/e-veloboutique.fr\\\/?product=velo-electrique-cargo-longtail-galian-le-formidable#primaryimage\"},\"image\":{\"@id\":\"https:\\\/\\\/e-veloboutique.fr\\\/?product=velo-electrique-cargo-longtail-galian-le-formidable#primaryimage\"},\"thumbnailUrl\":\"https:\\\/\\\/e-veloboutique.fr\\\/wp-content\\\/uploads\\\/2025\\\/06\\\/Galian-Le-Formidable-5.webp\",\"datePublished\":\"2025-06-12T10:56:15+00:00\",\"dateModified\":\"2026-03-27T09:46:47+00:00\",\"description\":\"Transportez toute la famille avec le v\u00e9lo cargo \u00e9lectrique 4 places Galian - puissant, confortable et id\u00e9al pour la mobilit\u00e9 urbaine. en promo a 6175\u20ac\",\"breadcrumb\":{\"@id\":\"https:\\\/\\\/e-veloboutique.fr\\\/?product=velo-electrique-cargo-longtail-galian-le-formidable#breadcrumb\"},\"inLanguage\":\"fr-FR\",\"potentialAction\":[{\"@type\":\"ReadAction\",\"target\":[\"https:\\\/\\\/e-veloboutique.fr\\\/?product=velo-electrique-cargo-longtail-galian-le-formidable\"]}]},{\"@type\":\"ImageObject\",\"inLanguage\":\"fr-FR\",\"@id\":\"https:\\\/\\\/e-veloboutique.fr\\\/?product=velo-electrique-cargo-longtail-galian-le-formidable#primaryimage\",\"url\":\"https:\\\/\\\/e-veloboutique.fr\\\/wp-content\\\/uploads\\\/2025\\\/06\\\/Galian-Le-Formidable-5.webp\",\"contentUrl\":\"https:\\\/\\\/e-veloboutique.fr\\\/wp-content\\\/uploads\\\/2025\\\/06\\\/Galian-Le-Formidable-5.webp\",\"width\":700,\"height\":700},{\"@type\":\"BreadcrumbList\",\"@id\":\"https:\\\/\\\/e-veloboutique.fr\\\/?product=velo-electrique-cargo-longtail-galian-le-formidable#breadcrumb\",\"itemListElement\":[{\"@type\":\"ListItem\",\"position\":1,\"name\":\"Accueil\",\"item\":\"https:\\\/\\\/e-veloboutique.fr\\\/\"},{\"@type\":\"ListItem\",\"position\":2,\"name\":\"Produits\",\"item\":\"https:\\\/\\\/e-veloboutique.fr\\\/shop\\\/\"},{\"@type\":\"ListItem\",\"position\":3,\"name\":\"V\u00e9los \u00e9lectriques\",\"item\":\"https:\\\/\\\/e-veloboutique.fr\\\/?product_cat=velos\"},{\"@type\":\"ListItem\",\"position\":4,\"name\":\"V\u00e9los Cargo\\\/longtail \u00c9lectriques\",\"item\":\"https:\\\/\\\/e-veloboutique.fr\\\/?product_cat=velo-de-ville-cargo-longtail-electrique\"},{\"@type\":\"ListItem\",\"position\":5,\"name\":\"V\u00e9lo Electrique Cargo\\\/Longtail -Galian &#8211; Le Formidable\"}]},{\"@type\":\"WebSite\",\"@id\":\"https:\\\/\\\/e-veloboutique.fr\\\/#website\",\"url\":\"https:\\\/\\\/e-veloboutique.fr\\\/\",\"name\":\"E-velos\",\"description\":\"\",\"publisher\":{\"@id\":\"https:\\\/\\\/e-veloboutique.fr\\\/#organization\"},\"potentialAction\":[{\"@type\":\"SearchAction\",\"target\":{\"@type\":\"EntryPoint\",\"urlTemplate\":\"https:\\\/\\\/e-veloboutique.fr\\\/?s={search_term_string}\"},\"query-input\":{\"@type\":\"PropertyValueSpecification\",\"valueRequired\":true,\"valueName\":\"search_term_string\"}}],\"inLanguage\":\"fr-FR\"},{\"@type\":\"Organization\",\"@id\":\"https:\\\/\\\/e-veloboutique.fr\\\/#organization\",\"name\":\"e-veloboutique.fr\",\"url\":\"https:\\\/\\\/e-veloboutique.fr\\\/\",\"logo\":{\"@type\":\"ImageObject\",\"inLanguage\":\"fr-FR\",\"@id\":\"https:\\\/\\\/e-veloboutique.fr\\\/#\\\/schema\\\/logo\\\/image\\\/\",\"url\":\"https:\\\/\\\/e-veloboutique.fr\\\/wp-content\\\/uploads\\\/2024\\\/12\\\/evelos-boutique.jpg\",\"contentUrl\":\"https:\\\/\\\/e-veloboutique.fr\\\/wp-content\\\/uploads\\\/2024\\\/12\\\/evelos-boutique.jpg\",\"width\":75,\"height\":75,\"caption\":\"e-veloboutique.fr\"},\"image\":{\"@id\":\"https:\\\/\\\/e-veloboutique.fr\\\/#\\\/schema\\\/logo\\\/image\\\/\"}}]}<\/script>\n<!-- \/ Yoast SEO plugin. -->","yoast_head_json":{"title":"V\u00e9lo cargo \u00e9lectrique 4 places Galian - Le Formidable - e-veloboutique.fr","description":"Transportez toute la famille avec le v\u00e9lo cargo \u00e9lectrique 4 places Galian - puissant, confortable et id\u00e9al pour la mobilit\u00e9 urbaine. en promo a 6175\u20ac","robots":{"index":"index","follow":"follow","max-snippet":"max-snippet:-1","max-image-preview":"max-image-preview:large","max-video-preview":"max-video-preview:-1"},"canonical":"https:\/\/e-veloboutique.fr\/?product=velo-electrique-cargo-longtail-galian-le-formidable","og_locale":"fr_FR","og_type":"article","og_title":"V\u00e9lo cargo \u00e9lectrique 4 places Galian - Le Formidable - e-veloboutique.fr","og_description":"Transportez toute la famille avec le v\u00e9lo cargo \u00e9lectrique 4 places Galian - puissant, confortable et id\u00e9al pour la mobilit\u00e9 urbaine. en promo a 6175\u20ac","og_url":"https:\/\/e-veloboutique.fr\/?product=velo-electrique-cargo-longtail-galian-le-formidable","og_site_name":"e-veloboutique.fr","article_modified_time":"2026-03-27T09:46:47+00:00","og_image":[{"width":700,"height":700,"url":"https:\/\/e-veloboutique.fr\/wp-content\/uploads\/2025\/06\/Galian-Le-Formidable-5.webp","type":"image\/webp"}],"twitter_card":"summary_large_image","twitter_misc":{"Dur\u00e9e de lecture estim\u00e9e":"4 minutes"},"schema":{"@context":"https:\/\/schema.org","@graph":[{"@type":"WebPage","@id":"https:\/\/e-veloboutique.fr\/?product=velo-electrique-cargo-longtail-galian-le-formidable","url":"https:\/\/e-veloboutique.fr\/?product=velo-electrique-cargo-longtail-galian-le-formidable","name":"V\u00e9lo cargo \u00e9lectrique 4 places Galian - Le Formidable - e-veloboutique.fr","isPartOf":{"@id":"https:\/\/e-veloboutique.fr\/#website"},"primaryImageOfPage":{"@id":"https:\/\/e-veloboutique.fr\/?product=velo-electrique-cargo-longtail-galian-le-formidable#primaryimage"},"image":{"@id":"https:\/\/e-veloboutique.fr\/?product=velo-electrique-cargo-longtail-galian-le-formidable#primaryimage"},"thumbnailUrl":"https:\/\/e-veloboutique.fr\/wp-content\/uploads\/2025\/06\/Galian-Le-Formidable-5.webp","datePublished":"2025-06-12T10:56:15+00:00","dateModified":"2026-03-27T09:46:47+00:00","description":"Transportez toute la famille avec le v\u00e9lo cargo \u00e9lectrique 4 places Galian - puissant, confortable et id\u00e9al pour la mobilit\u00e9 urbaine. en promo a 6175\u20ac","breadcrumb":{"@id":"https:\/\/e-veloboutique.fr\/?product=velo-electrique-cargo-longtail-galian-le-formidable#breadcrumb"},"inLanguage":"fr-FR","potentialAction":[{"@type":"ReadAction","target":["https:\/\/e-veloboutique.fr\/?product=velo-electrique-cargo-longtail-galian-le-formidable"]}]},{"@type":"ImageObject","inLanguage":"fr-FR","@id":"https:\/\/e-veloboutique.fr\/?product=velo-electrique-cargo-longtail-galian-le-formidable#primaryimage","url":"https:\/\/e-veloboutique.fr\/wp-content\/uploads\/2025\/06\/Galian-Le-Formidable-5.webp","contentUrl":"https:\/\/e-veloboutique.fr\/wp-content\/uploads\/2025\/06\/Galian-Le-Formidable-5.webp","width":700,"height":700},{"@type":"BreadcrumbList","@id":"https:\/\/e-veloboutique.fr\/?product=velo-electrique-cargo-longtail-galian-le-formidable#breadcrumb","itemListElement":[{"@type":"ListItem","position":1,"name":"Accueil","item":"https:\/\/e-veloboutique.fr\/"},{"@type":"ListItem","position":2,"name":"Produits","item":"https:\/\/e-veloboutique.fr\/shop\/"},{"@type":"ListItem","position":3,"name":"V\u00e9los \u00e9lectriques","item":"https:\/\/e-veloboutique.fr\/?product_cat=velos"},{"@type":"ListItem","position":4,"name":"V\u00e9los Cargo\/longtail \u00c9lectriques","item":"https:\/\/e-veloboutique.fr\/?product_cat=velo-de-ville-cargo-longtail-electrique"},{"@type":"ListItem","position":5,"name":"V\u00e9lo Electrique Cargo\/Longtail -Galian &#8211; Le Formidable"}]},{"@type":"WebSite","@id":"https:\/\/e-veloboutique.fr\/#website","url":"https:\/\/e-veloboutique.fr\/","name":"E-velos","description":"","publisher":{"@id":"https:\/\/e-veloboutique.fr\/#organization"},"potentialAction":[{"@type":"SearchAction","target":{"@type":"EntryPoint","urlTemplate":"https:\/\/e-veloboutique.fr\/?s={search_term_string}"},"query-input":{"@type":"PropertyValueSpecification","valueRequired":true,"valueName":"search_term_string"}}],"inLanguage":"fr-FR"},{"@type":"Organization","@id":"https:\/\/e-veloboutique.fr\/#organization","name":"e-veloboutique.fr","url":"https:\/\/e-veloboutique.fr\/","logo":{"@type":"ImageObject","inLanguage":"fr-FR","@id":"https:\/\/e-veloboutique.fr\/#\/schema\/logo\/image\/","url":"https:\/\/e-veloboutique.fr\/wp-content\/uploads\/2024\/12\/evelos-boutique.jpg","contentUrl":"https:\/\/e-veloboutique.fr\/wp-content\/uploads\/2024\/12\/evelos-boutique.jpg","width":75,"height":75,"caption":"e-veloboutique.fr"},"image":{"@id":"https:\/\/e-veloboutique.fr\/#\/schema\/logo\/image\/"}}]}},"_links":{"self":[{"href":"https:\/\/e-veloboutique.fr\/index.php?rest_route=\/wp\/v2\/product\/21108","targetHints":{"allow":["GET"]}}],"collection":[{"href":"https:\/\/e-veloboutique.fr\/index.php?rest_route=\/wp\/v2\/product"}],"about":[{"href":"https:\/\/e-veloboutique.fr\/index.php?rest_route=\/wp\/v2\/types\/product"}],"replies":[{"embeddable":true,"href":"https:\/\/e-veloboutique.fr\/index.php?rest_route=%2Fwp%2Fv2%2Fcomments&post=21108"}],"version-history":[{"count":1,"href":"https:\/\/e-veloboutique.fr\/index.php?rest_route=\/wp\/v2\/product\/21108\/revisions"}],"predecessor-version":[{"id":37747,"href":"https:\/\/e-veloboutique.fr\/index.php?rest_route=\/wp\/v2\/product\/21108\/revisions\/37747"}],"wp:featuredmedia":[{"embeddable":true,"href":"https:\/\/e-veloboutique.fr\/index.php?rest_route=\/wp\/v2\/media\/21107"}],"wp:attachment":[{"href":"https:\/\/e-veloboutique.fr\/index.php?rest_route=%2Fwp%2Fv2%2Fmedia&parent=21108"}],"wp:term":[{"taxonomy":"product_brand","embeddable":true,"href":"https:\/\/e-veloboutique.fr\/index.php?rest_route=%2Fwp%2Fv2%2Fproduct_brand&post=21108"},{"taxonomy":"product_cat","embeddable":true,"href":"https:\/\/e-veloboutique.fr\/index.php?rest_route=%2Fwp%2Fv2%2Fproduct_cat&post=21108"},{"taxonomy":"product_tag","embeddable":true,"href":"https:\/\/e-veloboutique.fr\/index.php?rest_route=%2Fwp%2Fv2%2Fproduct_tag&post=21108"}],"curies":[{"name":"wp","href":"https:\/\/api.w.org\/{rel}","templated":true}]}}