{"id":21172,"date":"2025-06-12T10:56:36","date_gmt":"2025-06-12T10:56:36","guid":{"rendered":"https:\/\/e-veloboutique.fr\/home\/non%20class\u00e9\/velo-electrique-cargo-longtail-tern-gsd-s00\/"},"modified":"2026-03-29T20:58:41","modified_gmt":"2026-03-29T20:58:41","slug":"velo-electrique-cargo-longtail-tern-gsd-s00","status":"publish","type":"product","link":"https:\/\/e-veloboutique.fr\/?product=velo-electrique-cargo-longtail-tern-gsd-s00","title":{"rendered":"V\u00e9lo Electrique Cargo\/Longtail -Tern GSD S00"},"content":{"rendered":"<h1 data-start=\"194\" data-end=\"244\">\u00a0Tern GSD S00<\/h1>\n<h2 data-start=\"246\" data-end=\"275\"><\/h2>\n<p data-start=\"277\" data-end=\"667\">Vous \u00eates \u00e0 la recherche du <strong data-start=\"305\" data-end=\"332\">v\u00e9lo cargo pour famille<\/strong> id\u00e9al, capable de remplacer votre voiture en ville tout en vous offrant confort, s\u00e9curit\u00e9 et performance\u202f? Ne cherchez plus ! Le <strong data-start=\"462\" data-end=\"478\">Tern GSD S00<\/strong> coche toutes les cases : un <strong data-start=\"507\" data-end=\"541\">v\u00e9lo \u00e9lectrique cargo longtail<\/strong> ultra-robuste, compact, performant et pr\u00eat \u00e0 vous accompagner au quotidien avec vos enfants, vos courses ou m\u00eame votre chien.<\/p>\n<p data-start=\"669\" data-end=\"984\">Avec sa motorisation puissante Bosch Cargo Line, son syst\u00e8me de transmission Enviolo, et ses multiples possibilit\u00e9s de chargement, il r\u00e9pond parfaitement aux besoins des familles urbaines comme des professionnels. En plus, son format compact une fois repli\u00e9 permet de le ranger facilement chez soi ou dans un local.<\/p>\n<h2 data-start=\"1324\" data-end=\"1369\">2. Tableau des caract\u00e9ristiques techniques<\/h2>\n<div class=\"_tableContainer_16hzy_1\">\n<div class=\"_tableWrapper_16hzy_14 group flex w-fit flex-col-reverse\" tabindex=\"-1\">\n<table class=\"w-fit min-w-(--thread-content-width)\" data-start=\"1371\" data-end=\"3278\">\n<thead data-start=\"1371\" data-end=\"1478\">\n<tr data-start=\"1371\" data-end=\"1478\">\n<th data-start=\"1371\" data-end=\"1404\" data-col-size=\"sm\">Caract\u00e9ristique<\/th>\n<th data-start=\"1404\" data-end=\"1478\" data-col-size=\"md\">D\u00e9tail<\/th>\n<\/tr>\n<\/thead>\n<tbody data-start=\"1586\" data-end=\"3278\">\n<tr data-start=\"1586\" data-end=\"1692\">\n<td data-start=\"1586\" data-end=\"1619\" data-col-size=\"sm\">Mod\u00e8le<\/td>\n<td data-col-size=\"md\" data-start=\"1619\" data-end=\"1692\">Tern GSD S00<\/td>\n<\/tr>\n<tr data-start=\"1693\" data-end=\"1798\">\n<td data-start=\"1693\" data-end=\"1726\" data-col-size=\"sm\">Type<\/td>\n<td data-col-size=\"md\" data-start=\"1726\" data-end=\"1798\"><strong data-start=\"1728\" data-end=\"1755\"><a href=\"https:\/\/e-veloboutique.fr\/velos-electrique-nos-meilleurs-velos-cargo-electrique-4-places-2025\/\">V\u00e9lo cargo<\/a> pour famille<\/strong>, \u00e9lectrique longtail<\/td>\n<\/tr>\n<tr data-start=\"1799\" data-end=\"1905\">\n<td data-start=\"1799\" data-end=\"1832\" data-col-size=\"sm\">Motorisation<\/td>\n<td data-col-size=\"md\" data-start=\"1832\" data-end=\"1905\">Bosch Cargo Line (85 Nm, 250W, 25 km\/h)<\/td>\n<\/tr>\n<tr data-start=\"1906\" data-end=\"2012\">\n<td data-start=\"1906\" data-end=\"1939\" data-col-size=\"sm\">Batterie<\/td>\n<td data-start=\"1939\" data-end=\"2012\" data-col-size=\"md\">Bosch Dual Battery (500Wh x2 = 1000 Wh)<\/td>\n<\/tr>\n<tr data-start=\"2013\" data-end=\"2118\">\n<td data-start=\"2013\" data-end=\"2046\" data-col-size=\"sm\">Autonomie<\/td>\n<td data-col-size=\"md\" data-start=\"2046\" data-end=\"2118\">Jusqu\u2019\u00e0 200 km (selon usage)<\/td>\n<\/tr>\n<tr data-start=\"2119\" data-end=\"2224\">\n<td data-start=\"2119\" data-end=\"2152\" data-col-size=\"sm\">Transmission<\/td>\n<td data-col-size=\"md\" data-start=\"2152\" data-end=\"2224\">Enviolo Heavy Duty (variation continue), courroie carbone Gates<\/td>\n<\/tr>\n<tr data-start=\"2225\" data-end=\"2329\">\n<td data-start=\"2225\" data-end=\"2258\" data-col-size=\"sm\">Freins<\/td>\n<td data-col-size=\"md\" data-start=\"2258\" data-end=\"2329\">Freins \u00e0 disque hydrauliques Magura MT5<\/td>\n<\/tr>\n<tr data-start=\"2330\" data-end=\"2435\">\n<td data-start=\"2330\" data-end=\"2363\" data-col-size=\"sm\">Charge utile<\/td>\n<td data-start=\"2363\" data-end=\"2435\" data-col-size=\"md\">Jusqu\u2019\u00e0 200 kg (conducteur + chargement)<\/td>\n<\/tr>\n<tr data-start=\"2436\" data-end=\"2541\">\n<td data-start=\"2436\" data-end=\"2469\" data-col-size=\"sm\">Porte-bagages arri\u00e8re<\/td>\n<td data-col-size=\"md\" data-start=\"2469\" data-end=\"2541\">Int\u00e9gr\u00e9, compatible enfants (2 si\u00e8ges ou banc + repose-pieds)<\/td>\n<\/tr>\n<tr data-start=\"2542\" data-end=\"2647\">\n<td data-start=\"2542\" data-end=\"2575\" data-col-size=\"sm\">Pneus<\/td>\n<td data-col-size=\"md\" data-start=\"2575\" data-end=\"2647\">Schwalbe Super Moto-X 20\u201d renforc\u00e9s<\/td>\n<\/tr>\n<tr data-start=\"2648\" data-end=\"2753\">\n<td data-start=\"2648\" data-end=\"2681\" data-col-size=\"sm\">Poids du v\u00e9lo<\/td>\n<td data-col-size=\"md\" data-start=\"2681\" data-end=\"2753\">37,5 kg (sans batteries)<\/td>\n<\/tr>\n<tr data-start=\"2754\" data-end=\"2858\">\n<td data-start=\"2754\" data-end=\"2786\" data-col-size=\"sm\">Dimensions (pli\u00e9)<\/td>\n<td data-col-size=\"md\" data-start=\"2786\" data-end=\"2858\">176 \u00d7 40 \u00d7 83 cm<\/td>\n<\/tr>\n<tr data-start=\"2859\" data-end=\"2964\">\n<td data-start=\"2859\" data-end=\"2892\" data-col-size=\"sm\">Accessoires inclus<\/td>\n<td data-col-size=\"md\" data-start=\"2892\" data-end=\"2964\">\u00c9clairage int\u00e9gr\u00e9, b\u00e9quille double, antivol cadre Abus, garde-boue<\/td>\n<\/tr>\n<tr data-start=\"2965\" data-end=\"3069\">\n<td data-start=\"2965\" data-end=\"2997\" data-col-size=\"sm\">Compatibilit\u00e9 remorque<\/td>\n<td data-col-size=\"md\" data-start=\"2997\" data-end=\"3069\">Oui<\/td>\n<\/tr>\n<tr data-start=\"3070\" data-end=\"3174\">\n<td data-start=\"3070\" data-end=\"3103\" data-col-size=\"sm\">Garantie constructeur<\/td>\n<td data-col-size=\"md\" data-start=\"3103\" data-end=\"3174\">10 ans cadre \/ 2 ans composants \u00e9lectroniques<\/td>\n<\/tr>\n<tr data-start=\"3175\" data-end=\"3278\">\n<td data-start=\"3175\" data-end=\"3207\" data-col-size=\"sm\">Disponible chez<\/td>\n<td data-col-size=\"md\" data-start=\"3207\" data-end=\"3278\"><\/td>\n<\/tr>\n<\/tbody>\n<\/table>\n<div class=\"sticky end-(--thread-content-margin) h-0 self-end select-none\">\n<div class=\"absolute end-0 flex items-end\"><\/div>\n<\/div>\n<\/div>\n<\/div>\n<p data-start=\"3280\" data-end=\"3374\">\ud83d\udcc4 Fiche technique compl\u00e8te disponible <a class=\"cursor-pointer\" href=\"http:\/\/ici\" target=\"_new\" rel=\"noopener\" data-start=\"3319\" data-end=\"3374\">ici<\/a><\/p>\n<h2 data-start=\"3381\" data-end=\"3422\">3. Comparatif avec mod\u00e8les concurrents<\/h2>\n<div class=\"_tableContainer_16hzy_1\">\n<div class=\"_tableWrapper_16hzy_14 group flex w-fit flex-col-reverse\" tabindex=\"-1\">\n<table class=\"w-fit min-w-(--thread-content-width)\" data-start=\"3424\" data-end=\"4029\">\n<thead data-start=\"3424\" data-end=\"3542\">\n<tr data-start=\"3424\" data-end=\"3542\">\n<th data-start=\"3424\" data-end=\"3451\" data-col-size=\"sm\">Mod\u00e8le<\/th>\n<th data-start=\"3451\" data-end=\"3472\" data-col-size=\"sm\">Moteur<\/th>\n<th data-start=\"3472\" data-end=\"3491\" data-col-size=\"sm\">Batterie<\/th>\n<th data-start=\"3491\" data-end=\"3507\" data-col-size=\"sm\">Autonomie<\/th>\n<th data-start=\"3507\" data-end=\"3522\" data-col-size=\"sm\">Charge utile<\/th>\n<th data-start=\"3522\" data-end=\"3542\" data-col-size=\"sm\">Prix (indicatif)<\/th>\n<\/tr>\n<\/thead>\n<tbody data-start=\"3662\" data-end=\"4029\">\n<tr data-start=\"3662\" data-end=\"3780\">\n<td data-start=\"3662\" data-end=\"3689\" data-col-size=\"sm\">Tern GSD S00<\/td>\n<td data-start=\"3689\" data-end=\"3710\" data-col-size=\"sm\"><a href=\"https:\/\/unbonvelo.com\/produit\/velo-electrique-cargo-cube-cargo-hybrid-sport-dual-1000-velo-cargo-livraison\/\">Bosch Cargo Line<\/a><\/td>\n<td data-col-size=\"sm\" data-start=\"3710\" data-end=\"3729\">1000 Wh (x2)<\/td>\n<td data-col-size=\"sm\" data-start=\"3729\" data-end=\"3745\">jusqu\u2019\u00e0 200 km<\/td>\n<td data-col-size=\"sm\" data-start=\"3745\" data-end=\"3760\">200 kg<\/td>\n<td data-col-size=\"sm\" data-start=\"3760\" data-end=\"3780\">6 499 \u20ac<\/td>\n<\/tr>\n<tr data-start=\"3781\" data-end=\"3910\">\n<td data-start=\"3781\" data-end=\"3817\" data-col-size=\"sm\"><a href=\"https:\/\/e-veloboutique.fr\/home\/velos-electrique-bh\/velo-electrique-cargo-longtail-tern-quick-haul-d8\/\">Riese &amp; M\u00fcller Multicharger Mixte<\/a><\/td>\n<td data-col-size=\"sm\" data-start=\"3817\" data-end=\"3840\">Bosch Performance CX<\/td>\n<td data-col-size=\"sm\" data-start=\"3840\" data-end=\"3859\">625 Wh<\/td>\n<td data-col-size=\"sm\" data-start=\"3859\" data-end=\"3875\">jusqu\u2019\u00e0 120 km<\/td>\n<td data-col-size=\"sm\" data-start=\"3875\" data-end=\"3890\">160 kg<\/td>\n<td data-col-size=\"sm\" data-start=\"3890\" data-end=\"3910\">6 199 \u20ac<\/td>\n<\/tr>\n<tr data-start=\"3911\" data-end=\"4029\">\n<td data-start=\"3911\" data-end=\"3938\" data-col-size=\"sm\"><a href=\"https:\/\/unbonvelo.com\/produit\/velo-electrique-cargo-yuba-spicy-curry-v4-velo-cargo-electrique-3-places\/\">Yuba Spicy Curry V3<\/a><\/td>\n<td data-col-size=\"sm\" data-start=\"3938\" data-end=\"3959\">Bosch Cargo Line<\/td>\n<td data-col-size=\"sm\" data-start=\"3959\" data-end=\"3978\">500 Wh<\/td>\n<td data-col-size=\"sm\" data-start=\"3978\" data-end=\"3994\">80-120 km<\/td>\n<td data-col-size=\"sm\" data-start=\"3994\" data-end=\"4009\">180 kg<\/td>\n<td data-col-size=\"sm\" data-start=\"4009\" data-end=\"4029\">4 999 \u20ac<\/td>\n<\/tr>\n<\/tbody>\n<\/table>\n<div class=\"sticky end-(--thread-content-margin) h-0 self-end select-none\">\n<div class=\"absolute end-0 flex items-end\"><\/div>\n<\/div>\n<\/div>\n<\/div>\n<p data-start=\"4031\" data-end=\"4220\">\u27a1\ufe0f Le <strong data-start=\"4037\" data-end=\"4053\">Tern GSD S00<\/strong> se distingue par son autonomie exceptionnelle gr\u00e2ce \u00e0 sa double batterie, son confort de conduite et sa polyvalence maximale pour les familles nombreuses ou les pros.<\/p>\n<h2 data-start=\"4227\" data-end=\"4276\">4. Description approfondie &amp; atouts du produit<\/h2>\n<p data-start=\"4786\" data-end=\"4977\">\ud83d\udeb2 Design compact et intelligent : malgr\u00e9 sa capacit\u00e9 de charge, il ne prend pas plus de place qu\u2019un VAE classique. Il se tient debout \u00e0 la verticale et se transporte facilement en ascenseur.<\/p>\n<p data-start=\"4979\" data-end=\"5185\">\ud83d\udc76 S\u00e9curit\u00e9 enfant : possibilit\u00e9 d\u2019ajouter 2 si\u00e8ges enfants, un banc, des coussins, des repose-pieds, et des barres de protection Clubhouse. Parfait pour transporter vos bambins \u00e0 l\u2019\u00e9cole en toute s\u00e9r\u00e9nit\u00e9.<\/p>\n<p data-start=\"5187\" data-end=\"5367\">\ud83d\udca1 \u00c9quipements haut de gamme inclus : b\u00e9quille ultra-stable, lumi\u00e8res puissantes int\u00e9gr\u00e9es, garde-boue larges, antivol de cadre, compatibilit\u00e9 avec remorque ou coffre de transport.<\/p>\n<p data-start=\"5369\" data-end=\"5514\">\ud83d\udee0 Fabrication solide : cadre en aluminium renforc\u00e9, pneus larges anti-crevaison, freins Magura 4 pistons \u2013 vous roulez sereinement et longtemps.<\/p>\n<p data-start=\"5516\" data-end=\"5691\">Ce <strong data-start=\"5519\" data-end=\"5547\">v\u00e9lo familial \u00e9lectrique<\/strong> est le compagnon r\u00eav\u00e9 pour les trajets domicile-\u00e9cole-boulot, les balades du week-end, ou m\u00eame pour les professionnels de la livraison urbaine.<\/p>\n<h2 data-start=\"6380\" data-end=\"6404\">6. FAQ \u2013 Tern GSD S00<\/h2>\n<p data-start=\"6406\" data-end=\"6609\">\ud83d\udd39 Quelle est la diff\u00e9rence entre le Tern GSD S00 et le S10 ?<br data-start=\"6467\" data-end=\"6470\" \/>\u2192 Le S00 poss\u00e8de une transmission Enviolo \u00e0 variation continue et une courroie carbone, contrairement au S10 qui a un d\u00e9railleur classique.<\/p>\n<p data-start=\"6611\" data-end=\"6782\">\ud83d\udd39 Est-ce que je peux transporter deux enfants ?<br data-start=\"6659\" data-end=\"6662\" \/>\u2192 Oui, le porte-bagages arri\u00e8re accepte jusqu\u2019\u00e0 deux si\u00e8ges enfants (Thule, Yepp, etc.) ou le syst\u00e8me Clubhouse de Tern.<\/p>\n<p data-start=\"6784\" data-end=\"6957\">\ud83d\udd39 Peut-on l\u2019utiliser en hiver ?<br data-start=\"6816\" data-end=\"6819\" \/>\u2192 Absolument, il est parfaitement adapt\u00e9 \u00e0 un usage toute saison avec ses pneus renforc\u00e9s, son moteur coupleux et ses lumi\u00e8res puissantes.<\/p>\n<p data-start=\"6959\" data-end=\"7138\">\ud83d\udd39 Est-il adapt\u00e9 pour les personnes de petite taille ?<br data-start=\"7013\" data-end=\"7016\" \/>\u2192 Oui, sa potence et sa tige de selle r\u00e9glables permettent une conduite confortable pour des cyclistes entre 1m50 et 1m95.<\/p>\n<p data-start=\"7140\" data-end=\"7324\">\ud83d\udd39 Est-ce un bon choix pour remplacer une voiture ?<br data-start=\"7191\" data-end=\"7194\" \/>\u2192 Oui, avec ses 200 kg de capacit\u00e9, sa double batterie et ses accessoires enfant, il peut totalement remplacer un second v\u00e9hicule.<\/p>\n<h2 data-start=\"7331\" data-end=\"7370\"><\/h2>\n<p data-start=\"7542\" data-end=\"7595\">\n<p>Views: 43<\/p>","protected":false},"excerpt":{"rendered":"<p data-start=\"4278\" data-end=\"4430\"><span style=\"color: #808000;\">Le <strong data-start=\"4281\" data-end=\"4297\">Tern GSD S00<\/strong> a \u00e9t\u00e9 pens\u00e9 pour r\u00e9volutionner votre mobilit\u00e9 urbaine. Ce <strong data-start=\"4356\" data-end=\"4383\">v\u00e9lo cargo pour famille<\/strong> embarque la cr\u00e8me des technologies actuelles :<\/span><\/p>\n<p data-start=\"4432\" data-end=\"4587\"><span style=\"color: #808000;\">\ud83d\udd0b Motorisation Bosch Cargo Line, con\u00e7ue sp\u00e9cifiquement pour les cargos lourds : 85 Nm de couple pour gravir n\u2019importe quelle c\u00f4te, m\u00eame charg\u00e9 au maximum.<\/span><\/p>\n<p data-start=\"4589\" data-end=\"4784\"><span style=\"color: #808000;\">\ud83d\udd01 Transmission Enviolo \u00e0 variation continue : fluide, sans \u00e0-coups, parfaite pour les trajets en ville avec ou sans enfants. La courroie carbone remplace la cha\u00eene, z\u00e9ro graisse, z\u00e9ro entretien.<\/span><\/p>\n<p data-start=\"4589\" data-end=\"4784\"><strong>\ud83d\udc49 C&rsquo;est le moment d&rsquo;investir dans un v\u00e9lo utilitaire \u00e9lectrique fiable, durable et pens\u00e9 pour les ann\u00e9es \u00e0 venir, avec un excellent rapport qualit\u00e9\/prix et des services premium sur eveloboutique.<\/strong><\/p>\n","protected":false},"featured_media":21171,"comment_status":"open","ping_status":"closed","template":"","meta":[],"product_brand":[],"product_cat":[246,17],"product_tag":[912,961,968],"class_list":{"0":"post-21172","1":"product","2":"type-product","3":"status-publish","4":"has-post-thumbnail","6":"product_cat-velo-de-ville-cargo-longtail-electrique","7":"product_cat-velos","8":"product_tag-meilleur-velo-electrique-100-km","9":"product_tag-velo-de-ville-electrique","10":"product_tag-velos-electrique-cargo","12":"first","13":"instock","14":"sale","15":"taxable","16":"shipping-taxable","17":"purchasable","18":"product-type-simple"},"yoast_head":"<!-- This site is optimized with the Yoast SEO plugin v27.5 - https:\/\/yoast.com\/product\/yoast-seo-wordpress\/ -->\n<title>Tern GSD S00 \u2013 V\u00e9lo electrique cargo pour famille puissant &amp; s\u00fbr - e-veloboutique.fr<\/title>\n<meta name=\"description\" content=\"V\u00e9lo electrique longtail pour famille , le Tern GSD S00 allie puissance, autonomie &amp; confort. Profitez de -35% et payer \u00e0 4224 \u20ac au lieu de 6 499 \u20ac !\" \/>\n<meta name=\"robots\" content=\"index, follow, max-snippet:-1, max-image-preview:large, max-video-preview:-1\" \/>\n<link rel=\"canonical\" href=\"https:\/\/e-veloboutique.fr\/?product=velo-electrique-cargo-longtail-tern-gsd-s00\" \/>\n<meta property=\"og:locale\" content=\"fr_FR\" \/>\n<meta property=\"og:type\" content=\"article\" \/>\n<meta property=\"og:title\" content=\"Tern GSD S00 \u2013 V\u00e9lo electrique cargo pour famille puissant &amp; s\u00fbr - e-veloboutique.fr\" \/>\n<meta property=\"og:description\" content=\"V\u00e9lo electrique longtail pour famille , le Tern GSD S00 allie puissance, autonomie &amp; confort. Profitez de -35% et payer \u00e0 4224 \u20ac au lieu de 6 499 \u20ac !\" \/>\n<meta property=\"og:url\" content=\"https:\/\/e-veloboutique.fr\/?product=velo-electrique-cargo-longtail-tern-gsd-s00\" \/>\n<meta property=\"og:site_name\" content=\"e-veloboutique.fr\" \/>\n<meta property=\"article:modified_time\" content=\"2026-03-29T20:58:41+00:00\" \/>\n<meta property=\"og:image\" content=\"https:\/\/e-veloboutique.fr\/wp-content\/uploads\/2025\/06\/Velo-Electrique-CargoLongtail-Tern-GSD-S00-1.jpg\" \/>\n\t<meta property=\"og:image:width\" content=\"800\" \/>\n\t<meta property=\"og:image:height\" content=\"532\" \/>\n\t<meta property=\"og:image:type\" content=\"image\/jpeg\" \/>\n<meta name=\"twitter:card\" content=\"summary_large_image\" \/>\n<meta name=\"twitter:label1\" content=\"Dur\u00e9e de lecture estim\u00e9e\" \/>\n\t<meta name=\"twitter:data1\" content=\"4 minutes\" \/>\n<script type=\"application\/ld+json\" class=\"yoast-schema-graph\">{\"@context\":\"https:\\\/\\\/schema.org\",\"@graph\":[{\"@type\":\"WebPage\",\"@id\":\"https:\\\/\\\/e-veloboutique.fr\\\/?product=velo-electrique-cargo-longtail-tern-gsd-s00\",\"url\":\"https:\\\/\\\/e-veloboutique.fr\\\/?product=velo-electrique-cargo-longtail-tern-gsd-s00\",\"name\":\"Tern GSD S00 \u2013 V\u00e9lo electrique cargo pour famille puissant & s\u00fbr - e-veloboutique.fr\",\"isPartOf\":{\"@id\":\"https:\\\/\\\/e-veloboutique.fr\\\/#website\"},\"primaryImageOfPage\":{\"@id\":\"https:\\\/\\\/e-veloboutique.fr\\\/?product=velo-electrique-cargo-longtail-tern-gsd-s00#primaryimage\"},\"image\":{\"@id\":\"https:\\\/\\\/e-veloboutique.fr\\\/?product=velo-electrique-cargo-longtail-tern-gsd-s00#primaryimage\"},\"thumbnailUrl\":\"https:\\\/\\\/e-veloboutique.fr\\\/wp-content\\\/uploads\\\/2025\\\/06\\\/Velo-Electrique-CargoLongtail-Tern-GSD-S00-1.jpg\",\"datePublished\":\"2025-06-12T10:56:36+00:00\",\"dateModified\":\"2026-03-29T20:58:41+00:00\",\"description\":\"V\u00e9lo electrique longtail pour famille , le Tern GSD S00 allie puissance, autonomie & confort. Profitez de -35% et payer \u00e0 4224 \u20ac au lieu de 6 499 \u20ac !\",\"breadcrumb\":{\"@id\":\"https:\\\/\\\/e-veloboutique.fr\\\/?product=velo-electrique-cargo-longtail-tern-gsd-s00#breadcrumb\"},\"inLanguage\":\"fr-FR\",\"potentialAction\":[{\"@type\":\"ReadAction\",\"target\":[\"https:\\\/\\\/e-veloboutique.fr\\\/?product=velo-electrique-cargo-longtail-tern-gsd-s00\"]}]},{\"@type\":\"ImageObject\",\"inLanguage\":\"fr-FR\",\"@id\":\"https:\\\/\\\/e-veloboutique.fr\\\/?product=velo-electrique-cargo-longtail-tern-gsd-s00#primaryimage\",\"url\":\"https:\\\/\\\/e-veloboutique.fr\\\/wp-content\\\/uploads\\\/2025\\\/06\\\/Velo-Electrique-CargoLongtail-Tern-GSD-S00-1.jpg\",\"contentUrl\":\"https:\\\/\\\/e-veloboutique.fr\\\/wp-content\\\/uploads\\\/2025\\\/06\\\/Velo-Electrique-CargoLongtail-Tern-GSD-S00-1.jpg\",\"width\":800,\"height\":532},{\"@type\":\"BreadcrumbList\",\"@id\":\"https:\\\/\\\/e-veloboutique.fr\\\/?product=velo-electrique-cargo-longtail-tern-gsd-s00#breadcrumb\",\"itemListElement\":[{\"@type\":\"ListItem\",\"position\":1,\"name\":\"Accueil\",\"item\":\"https:\\\/\\\/e-veloboutique.fr\\\/\"},{\"@type\":\"ListItem\",\"position\":2,\"name\":\"Produits\",\"item\":\"https:\\\/\\\/e-veloboutique.fr\\\/shop\\\/\"},{\"@type\":\"ListItem\",\"position\":3,\"name\":\"V\u00e9los \u00e9lectriques\",\"item\":\"https:\\\/\\\/e-veloboutique.fr\\\/?product_cat=velos\"},{\"@type\":\"ListItem\",\"position\":4,\"name\":\"V\u00e9lo Electrique Cargo\\\/Longtail -Tern GSD S00\"}]},{\"@type\":\"WebSite\",\"@id\":\"https:\\\/\\\/e-veloboutique.fr\\\/#website\",\"url\":\"https:\\\/\\\/e-veloboutique.fr\\\/\",\"name\":\"E-velos\",\"description\":\"\",\"publisher\":{\"@id\":\"https:\\\/\\\/e-veloboutique.fr\\\/#organization\"},\"potentialAction\":[{\"@type\":\"SearchAction\",\"target\":{\"@type\":\"EntryPoint\",\"urlTemplate\":\"https:\\\/\\\/e-veloboutique.fr\\\/?s={search_term_string}\"},\"query-input\":{\"@type\":\"PropertyValueSpecification\",\"valueRequired\":true,\"valueName\":\"search_term_string\"}}],\"inLanguage\":\"fr-FR\"},{\"@type\":\"Organization\",\"@id\":\"https:\\\/\\\/e-veloboutique.fr\\\/#organization\",\"name\":\"e-veloboutique.fr\",\"url\":\"https:\\\/\\\/e-veloboutique.fr\\\/\",\"logo\":{\"@type\":\"ImageObject\",\"inLanguage\":\"fr-FR\",\"@id\":\"https:\\\/\\\/e-veloboutique.fr\\\/#\\\/schema\\\/logo\\\/image\\\/\",\"url\":\"https:\\\/\\\/e-veloboutique.fr\\\/wp-content\\\/uploads\\\/2024\\\/12\\\/evelos-boutique.jpg\",\"contentUrl\":\"https:\\\/\\\/e-veloboutique.fr\\\/wp-content\\\/uploads\\\/2024\\\/12\\\/evelos-boutique.jpg\",\"width\":75,\"height\":75,\"caption\":\"e-veloboutique.fr\"},\"image\":{\"@id\":\"https:\\\/\\\/e-veloboutique.fr\\\/#\\\/schema\\\/logo\\\/image\\\/\"}}]}<\/script>\n<!-- \/ Yoast SEO plugin. -->","yoast_head_json":{"title":"Tern GSD S00 \u2013 V\u00e9lo electrique cargo pour famille puissant & s\u00fbr - e-veloboutique.fr","description":"V\u00e9lo electrique longtail pour famille , le Tern GSD S00 allie puissance, autonomie & confort. Profitez de -35% et payer \u00e0 4224 \u20ac au lieu de 6 499 \u20ac !","robots":{"index":"index","follow":"follow","max-snippet":"max-snippet:-1","max-image-preview":"max-image-preview:large","max-video-preview":"max-video-preview:-1"},"canonical":"https:\/\/e-veloboutique.fr\/?product=velo-electrique-cargo-longtail-tern-gsd-s00","og_locale":"fr_FR","og_type":"article","og_title":"Tern GSD S00 \u2013 V\u00e9lo electrique cargo pour famille puissant & s\u00fbr - e-veloboutique.fr","og_description":"V\u00e9lo electrique longtail pour famille , le Tern GSD S00 allie puissance, autonomie & confort. Profitez de -35% et payer \u00e0 4224 \u20ac au lieu de 6 499 \u20ac !","og_url":"https:\/\/e-veloboutique.fr\/?product=velo-electrique-cargo-longtail-tern-gsd-s00","og_site_name":"e-veloboutique.fr","article_modified_time":"2026-03-29T20:58:41+00:00","og_image":[{"width":800,"height":532,"url":"https:\/\/e-veloboutique.fr\/wp-content\/uploads\/2025\/06\/Velo-Electrique-CargoLongtail-Tern-GSD-S00-1.jpg","type":"image\/jpeg"}],"twitter_card":"summary_large_image","twitter_misc":{"Dur\u00e9e de lecture estim\u00e9e":"4 minutes"},"schema":{"@context":"https:\/\/schema.org","@graph":[{"@type":"WebPage","@id":"https:\/\/e-veloboutique.fr\/?product=velo-electrique-cargo-longtail-tern-gsd-s00","url":"https:\/\/e-veloboutique.fr\/?product=velo-electrique-cargo-longtail-tern-gsd-s00","name":"Tern GSD S00 \u2013 V\u00e9lo electrique cargo pour famille puissant & s\u00fbr - e-veloboutique.fr","isPartOf":{"@id":"https:\/\/e-veloboutique.fr\/#website"},"primaryImageOfPage":{"@id":"https:\/\/e-veloboutique.fr\/?product=velo-electrique-cargo-longtail-tern-gsd-s00#primaryimage"},"image":{"@id":"https:\/\/e-veloboutique.fr\/?product=velo-electrique-cargo-longtail-tern-gsd-s00#primaryimage"},"thumbnailUrl":"https:\/\/e-veloboutique.fr\/wp-content\/uploads\/2025\/06\/Velo-Electrique-CargoLongtail-Tern-GSD-S00-1.jpg","datePublished":"2025-06-12T10:56:36+00:00","dateModified":"2026-03-29T20:58:41+00:00","description":"V\u00e9lo electrique longtail pour famille , le Tern GSD S00 allie puissance, autonomie & confort. Profitez de -35% et payer \u00e0 4224 \u20ac au lieu de 6 499 \u20ac !","breadcrumb":{"@id":"https:\/\/e-veloboutique.fr\/?product=velo-electrique-cargo-longtail-tern-gsd-s00#breadcrumb"},"inLanguage":"fr-FR","potentialAction":[{"@type":"ReadAction","target":["https:\/\/e-veloboutique.fr\/?product=velo-electrique-cargo-longtail-tern-gsd-s00"]}]},{"@type":"ImageObject","inLanguage":"fr-FR","@id":"https:\/\/e-veloboutique.fr\/?product=velo-electrique-cargo-longtail-tern-gsd-s00#primaryimage","url":"https:\/\/e-veloboutique.fr\/wp-content\/uploads\/2025\/06\/Velo-Electrique-CargoLongtail-Tern-GSD-S00-1.jpg","contentUrl":"https:\/\/e-veloboutique.fr\/wp-content\/uploads\/2025\/06\/Velo-Electrique-CargoLongtail-Tern-GSD-S00-1.jpg","width":800,"height":532},{"@type":"BreadcrumbList","@id":"https:\/\/e-veloboutique.fr\/?product=velo-electrique-cargo-longtail-tern-gsd-s00#breadcrumb","itemListElement":[{"@type":"ListItem","position":1,"name":"Accueil","item":"https:\/\/e-veloboutique.fr\/"},{"@type":"ListItem","position":2,"name":"Produits","item":"https:\/\/e-veloboutique.fr\/shop\/"},{"@type":"ListItem","position":3,"name":"V\u00e9los \u00e9lectriques","item":"https:\/\/e-veloboutique.fr\/?product_cat=velos"},{"@type":"ListItem","position":4,"name":"V\u00e9lo Electrique Cargo\/Longtail -Tern GSD S00"}]},{"@type":"WebSite","@id":"https:\/\/e-veloboutique.fr\/#website","url":"https:\/\/e-veloboutique.fr\/","name":"E-velos","description":"","publisher":{"@id":"https:\/\/e-veloboutique.fr\/#organization"},"potentialAction":[{"@type":"SearchAction","target":{"@type":"EntryPoint","urlTemplate":"https:\/\/e-veloboutique.fr\/?s={search_term_string}"},"query-input":{"@type":"PropertyValueSpecification","valueRequired":true,"valueName":"search_term_string"}}],"inLanguage":"fr-FR"},{"@type":"Organization","@id":"https:\/\/e-veloboutique.fr\/#organization","name":"e-veloboutique.fr","url":"https:\/\/e-veloboutique.fr\/","logo":{"@type":"ImageObject","inLanguage":"fr-FR","@id":"https:\/\/e-veloboutique.fr\/#\/schema\/logo\/image\/","url":"https:\/\/e-veloboutique.fr\/wp-content\/uploads\/2024\/12\/evelos-boutique.jpg","contentUrl":"https:\/\/e-veloboutique.fr\/wp-content\/uploads\/2024\/12\/evelos-boutique.jpg","width":75,"height":75,"caption":"e-veloboutique.fr"},"image":{"@id":"https:\/\/e-veloboutique.fr\/#\/schema\/logo\/image\/"}}]}},"_links":{"self":[{"href":"https:\/\/e-veloboutique.fr\/index.php?rest_route=\/wp\/v2\/product\/21172","targetHints":{"allow":["GET"]}}],"collection":[{"href":"https:\/\/e-veloboutique.fr\/index.php?rest_route=\/wp\/v2\/product"}],"about":[{"href":"https:\/\/e-veloboutique.fr\/index.php?rest_route=\/wp\/v2\/types\/product"}],"replies":[{"embeddable":true,"href":"https:\/\/e-veloboutique.fr\/index.php?rest_route=%2Fwp%2Fv2%2Fcomments&post=21172"}],"version-history":[{"count":5,"href":"https:\/\/e-veloboutique.fr\/index.php?rest_route=\/wp\/v2\/product\/21172\/revisions"}],"predecessor-version":[{"id":37817,"href":"https:\/\/e-veloboutique.fr\/index.php?rest_route=\/wp\/v2\/product\/21172\/revisions\/37817"}],"wp:featuredmedia":[{"embeddable":true,"href":"https:\/\/e-veloboutique.fr\/index.php?rest_route=\/wp\/v2\/media\/21171"}],"wp:attachment":[{"href":"https:\/\/e-veloboutique.fr\/index.php?rest_route=%2Fwp%2Fv2%2Fmedia&parent=21172"}],"wp:term":[{"taxonomy":"product_brand","embeddable":true,"href":"https:\/\/e-veloboutique.fr\/index.php?rest_route=%2Fwp%2Fv2%2Fproduct_brand&post=21172"},{"taxonomy":"product_cat","embeddable":true,"href":"https:\/\/e-veloboutique.fr\/index.php?rest_route=%2Fwp%2Fv2%2Fproduct_cat&post=21172"},{"taxonomy":"product_tag","embeddable":true,"href":"https:\/\/e-veloboutique.fr\/index.php?rest_route=%2Fwp%2Fv2%2Fproduct_tag&post=21172"}],"curies":[{"name":"wp","href":"https:\/\/api.w.org\/{rel}","templated":true}]}}