{"id":21203,"date":"2025-06-12T10:56:43","date_gmt":"2025-06-12T10:56:43","guid":{"rendered":"https:\/\/e-veloboutique.fr\/home\/non%20class\u00e9\/velo-electrique-cargo-longtail-tern-hsd-p10\/"},"modified":"2026-03-27T09:44:02","modified_gmt":"2026-03-27T09:44:02","slug":"velo-electrique-cargo-longtail-tern-hsd-p10","status":"publish","type":"product","link":"https:\/\/e-veloboutique.fr\/?product=velo-electrique-cargo-longtail-tern-hsd-p10","title":{"rendered":"V\u00e9lo Electrique Cargo\/Longtail -TERN HSD P10"},"content":{"rendered":"<h2 data-start=\"0\" data-end=\"71\">\u00a0Tern HSD P10<\/h2>\n<p data-start=\"0\" data-end=\"71\">\n<p data-start=\"104\" data-end=\"481\">Le \ud83d\udeb2 v\u00e9lo cargo Tern HSD P10 est un concentr\u00e9 d\u2019innovation, de compacit\u00e9 et de robustesse pour celles et ceux qui cherchent un moyen de transport fiable, polyvalent et \u00e9cologique. Con\u00e7u pour r\u00e9pondre aux besoins quotidiens des familles, des v\u00e9lotafeurs ou des professionnels urbains, ce longtail \u00e9lectrique impressionne par sa puissance, sa stabilit\u00e9 et sa capacit\u00e9 de charge.<\/p>\n<p data-start=\"483\" data-end=\"814\">Gr\u00e2ce \u00e0 son moteur Bosch Performance Line, son autonomie allant jusqu\u2019\u00e0 120 km, et son design ultra-r\u00e9duit, le v\u00e9lo cargo Tern HSD P10 se faufile partout avec la souplesse d\u2019un v\u00e9lo classique, mais transporte comme un utilitaire. Il allie l\u2019efficacit\u00e9 d\u2019un v\u00e9lo cargo \u00e9lectrique compact \u00e0 la praticit\u00e9 d\u2019un v\u00e9lo urbain intelligent.<\/p>\n<p data-start=\"816\" data-end=\"1018\">\u2728 Rapport qualit\u00e9-prix imbattable pour un longtail haut de gamme<br \/>\n\ud83d\udef5 Id\u00e9al pour transporter un enfant, des courses, ou du mat\u00e9riel pro<br \/>\n\ud83d\udca1 Livr\u00e9 avec de nombreux accessoires pour une utilisation imm\u00e9diate<\/p>\n<p data-start=\"1139\" data-end=\"1140\">\n<ol start=\"2\" data-start=\"1142\" data-end=\"1187\">\n<li data-start=\"1142\" data-end=\"1187\">\n<h3 data-start=\"1145\" data-end=\"1187\">\ud83d\udccb Tableau des caract\u00e9ristiques techniques<\/h3>\n<\/li>\n<\/ol>\n<div class=\"_tableContainer_16hzy_1\">\n<div class=\"_tableWrapper_16hzy_14 group flex w-fit flex-col-reverse\" tabindex=\"-1\">\n<table class=\"w-fit min-w-(--thread-content-width)\" data-start=\"1189\" data-end=\"3171\">\n<thead data-start=\"1189\" data-end=\"1300\">\n<tr data-start=\"1189\" data-end=\"1300\">\n<th data-start=\"1189\" data-end=\"1225\" data-col-size=\"sm\">Caract\u00e9ristiques<\/th>\n<th data-start=\"1225\" data-end=\"1300\" data-col-size=\"md\">D\u00e9tails<\/th>\n<\/tr>\n<\/thead>\n<tbody data-start=\"1412\" data-end=\"3171\">\n<tr data-start=\"1412\" data-end=\"1522\">\n<td data-start=\"1412\" data-end=\"1447\" data-col-size=\"sm\">Mod\u00e8le<\/td>\n<td data-col-size=\"md\" data-start=\"1447\" data-end=\"1522\">Tern HSD P10<\/td>\n<\/tr>\n<tr data-start=\"1523\" data-end=\"1632\">\n<td data-start=\"1523\" data-end=\"1558\" data-col-size=\"sm\">Type<\/td>\n<td data-col-size=\"md\" data-start=\"1558\" data-end=\"1632\">V\u00e9lo cargo \u00e9lectrique compact (longtail)<\/td>\n<\/tr>\n<tr data-start=\"1633\" data-end=\"1742\">\n<td data-start=\"1633\" data-end=\"1668\" data-col-size=\"sm\">Moteur<\/td>\n<td data-col-size=\"md\" data-start=\"1668\" data-end=\"1742\">Bosch Performance Line Gen 3 \u2013 65 Nm<\/td>\n<\/tr>\n<tr data-start=\"1743\" data-end=\"1852\">\n<td data-start=\"1743\" data-end=\"1778\" data-col-size=\"sm\">Batterie<\/td>\n<td data-start=\"1778\" data-end=\"1852\" data-col-size=\"md\">Bosch PowerPack 500 Wh<\/td>\n<\/tr>\n<tr data-start=\"1853\" data-end=\"1962\">\n<td data-start=\"1853\" data-end=\"1888\" data-col-size=\"sm\">Autonomie<\/td>\n<td data-start=\"1888\" data-end=\"1962\" data-col-size=\"md\">Jusqu\u2019\u00e0 120 km<\/td>\n<\/tr>\n<tr data-start=\"1963\" data-end=\"2071\">\n<td data-start=\"1963\" data-end=\"1997\" data-col-size=\"sm\">Transmission<\/td>\n<td data-col-size=\"md\" data-start=\"1997\" data-end=\"2071\">Shimano Deore 10 vitesses<\/td>\n<\/tr>\n<tr data-start=\"2072\" data-end=\"2181\">\n<td data-start=\"2072\" data-end=\"2107\" data-col-size=\"sm\">Freins<\/td>\n<td data-col-size=\"md\" data-start=\"2107\" data-end=\"2181\">Freins \u00e0 disque hydrauliques Tektro HD-T275<\/td>\n<\/tr>\n<tr data-start=\"2182\" data-end=\"2290\">\n<td data-start=\"2182\" data-end=\"2217\" data-col-size=\"sm\">Roues<\/td>\n<td data-col-size=\"md\" data-start=\"2217\" data-end=\"2290\">20 pouces Schwalbe Big Ben Plus<\/td>\n<\/tr>\n<tr data-start=\"2291\" data-end=\"2400\">\n<td data-start=\"2291\" data-end=\"2326\" data-col-size=\"sm\">Cadre<\/td>\n<td data-col-size=\"md\" data-start=\"2326\" data-end=\"2400\">Aluminium hydroform\u00e9 \u2013 Taille unique adapt\u00e9e de 150 \u00e0 195 cm<\/td>\n<\/tr>\n<tr data-start=\"2401\" data-end=\"2510\">\n<td data-start=\"2401\" data-end=\"2436\" data-col-size=\"sm\">Charge utile (cycliste inclus)<\/td>\n<td data-col-size=\"md\" data-start=\"2436\" data-end=\"2510\">170 kg<\/td>\n<\/tr>\n<tr data-start=\"2511\" data-end=\"2620\">\n<td data-start=\"2511\" data-end=\"2546\" data-col-size=\"sm\">Porte-bagages arri\u00e8re<\/td>\n<td data-col-size=\"md\" data-start=\"2546\" data-end=\"2620\">Atlas H Rack \u2013 charge utile jusqu\u2019\u00e0 60 kg<\/td>\n<\/tr>\n<tr data-start=\"2621\" data-end=\"2730\">\n<td data-start=\"2621\" data-end=\"2656\" data-col-size=\"sm\">Poids total<\/td>\n<td data-col-size=\"md\" data-start=\"2656\" data-end=\"2730\">26,2 kg<\/td>\n<\/tr>\n<tr data-start=\"2731\" data-end=\"2840\">\n<td data-start=\"2731\" data-end=\"2766\" data-col-size=\"sm\">Accessoires inclus<\/td>\n<td data-col-size=\"md\" data-start=\"2766\" data-end=\"2840\">B\u00e9quille double, garde-boue, \u00e9clairage LED, antivol de cadre Abus<\/td>\n<\/tr>\n<tr data-start=\"2841\" data-end=\"2950\">\n<td data-start=\"2841\" data-end=\"2876\" data-col-size=\"sm\">Garantie<\/td>\n<td data-col-size=\"md\" data-start=\"2876\" data-end=\"2950\">Cadre 10 ans \/ Batterie 2 ans<\/td>\n<\/tr>\n<tr data-start=\"2951\" data-end=\"3060\">\n<td data-start=\"2951\" data-end=\"2986\" data-col-size=\"sm\">Dimensions<\/td>\n<td data-col-size=\"md\" data-start=\"2986\" data-end=\"3060\">163 x 42 x 114 cm (peut se ranger verticalement)<\/td>\n<\/tr>\n<tr data-start=\"3061\" data-end=\"3171\">\n<td data-start=\"3061\" data-end=\"3097\" data-col-size=\"sm\">\ud83d\udcc4 Fiche technique compl\u00e8te<\/td>\n<td data-col-size=\"md\" data-start=\"3097\" data-end=\"3171\">\u2192 [Lien vers la fiche technique PDF (exemple)]<\/td>\n<\/tr>\n<\/tbody>\n<\/table>\n<div class=\"sticky end-(--thread-content-margin) h-0 self-end select-none\">\n<div class=\"absolute end-0 flex items-end\"><\/div>\n<\/div>\n<\/div>\n<\/div>\n<p data-start=\"3173\" data-end=\"3174\">\u2014<\/p>\n<ol start=\"3\" data-start=\"3176\" data-end=\"3224\">\n<li data-start=\"3176\" data-end=\"3224\">\n<h3 data-start=\"3179\" data-end=\"3224\">\ud83d\udd0d Tableau comparatif des produits similaires<\/h3>\n<\/li>\n<\/ol>\n<div class=\"_tableContainer_16hzy_1\">\n<div class=\"_tableWrapper_16hzy_14 group flex w-fit flex-col-reverse\" tabindex=\"-1\">\n<table class=\"w-fit min-w-(--thread-content-width)\" data-start=\"3226\" data-end=\"3888\">\n<thead data-start=\"3226\" data-end=\"3355\">\n<tr data-start=\"3226\" data-end=\"3355\">\n<th data-start=\"3226\" data-end=\"3259\" data-col-size=\"sm\">Mod\u00e8le<\/th>\n<th data-start=\"3259\" data-end=\"3289\" data-col-size=\"sm\">Moteur<\/th>\n<th data-start=\"3289\" data-end=\"3304\" data-col-size=\"sm\">Batterie<\/th>\n<th data-start=\"3304\" data-end=\"3320\" data-col-size=\"sm\">Autonomie<\/th>\n<th data-start=\"3320\" data-end=\"3338\" data-col-size=\"sm\">Capacit\u00e9 charge<\/th>\n<th data-start=\"3338\" data-end=\"3355\" data-col-size=\"sm\">Prix TTC<\/th>\n<\/tr>\n<\/thead>\n<tbody data-start=\"3487\" data-end=\"3888\">\n<tr data-start=\"3487\" data-end=\"3618\">\n<td data-start=\"3487\" data-end=\"3519\" data-col-size=\"sm\">\ud83d\udeb2 Tern HSD P10<\/td>\n<td data-col-size=\"sm\" data-start=\"3519\" data-end=\"3549\">Bosch Perf. Line \u2013 65 Nm<\/td>\n<td data-col-size=\"sm\" data-start=\"3549\" data-end=\"3564\">500 Wh<\/td>\n<td data-col-size=\"sm\" data-start=\"3564\" data-end=\"3580\">Jusqu\u2019\u00e0 120 km<\/td>\n<td data-col-size=\"sm\" data-start=\"3580\" data-end=\"3600\">170 kg<\/td>\n<td data-col-size=\"sm\" data-start=\"3600\" data-end=\"3618\">4 399 \u20ac<\/td>\n<\/tr>\n<tr data-start=\"3619\" data-end=\"3756\">\n<td data-start=\"3619\" data-end=\"3660\" data-col-size=\"sm\">\ud83d\udeb2 <a href=\"https:\/\/unbonvelo.com\/produit\/velo-electrique-cargo-riese-muller-packster-70-velo-cargo-electrique-compact\/\">Riese &amp; M\u00fcller<\/a> Multicharger Touring<\/td>\n<td data-col-size=\"sm\" data-start=\"3660\" data-end=\"3687\">Bosch CX \u2013 85 Nm<\/td>\n<td data-col-size=\"sm\" data-start=\"3687\" data-end=\"3702\">625 Wh<\/td>\n<td data-col-size=\"sm\" data-start=\"3702\" data-end=\"3718\">Jusqu\u2019\u00e0 130 km<\/td>\n<td data-col-size=\"sm\" data-start=\"3718\" data-end=\"3738\">180 kg<\/td>\n<td data-col-size=\"sm\" data-start=\"3738\" data-end=\"3756\">5 699 \u20ac<\/td>\n<\/tr>\n<tr data-start=\"3757\" data-end=\"3888\">\n<td data-start=\"3757\" data-end=\"3789\" data-col-size=\"sm\">\ud83d\udeb2 Yuba Kombi E5<\/td>\n<td data-col-size=\"sm\" data-start=\"3789\" data-end=\"3819\">Shimano E5000 \u2013 40 Nm<\/td>\n<td data-col-size=\"sm\" data-start=\"3819\" data-end=\"3834\">418 Wh<\/td>\n<td data-col-size=\"sm\" data-start=\"3834\" data-end=\"3850\">Jusqu\u2019\u00e0 75 km<\/td>\n<td data-col-size=\"sm\" data-start=\"3850\" data-end=\"3870\">200 kg<\/td>\n<td data-col-size=\"sm\" data-start=\"3870\" data-end=\"3888\">3 299 \u20ac<\/td>\n<\/tr>\n<\/tbody>\n<\/table>\n<div class=\"sticky end-(--thread-content-margin) h-0 self-end select-none\">\n<div class=\"absolute end-0 flex items-end\"><\/div>\n<\/div>\n<\/div>\n<\/div>\n<p data-start=\"3890\" data-end=\"4079\">\ud83d\udfe2 Verdict : Le v\u00e9lo cargo Tern HSD P10 offre un excellent \u00e9quilibre entre performance, compacit\u00e9 et prix. Plus maniable que les gros mod\u00e8les, il conserve une tr\u00e8s bonne capacit\u00e9 de charge.<\/p>\n<p data-start=\"4081\" data-end=\"4082\">\u2014<\/p>\n<ol start=\"4\" data-start=\"4084\" data-end=\"4138\">\n<li data-start=\"4084\" data-end=\"4138\">\n<h4 data-start=\"4087\" data-end=\"4138\">\ud83d\udd27 Description approfondie &amp; atouts du Tern HSD P10<\/h4>\n<\/li>\n<\/ol>\n<p data-start=\"4140\" data-end=\"4436\">Le v\u00e9lo cargo Tern HSD P10 a \u00e9t\u00e9 con\u00e7u pour simplifier vos d\u00e9placements quotidiens sans faire de compromis sur la performance ni sur le confort. Son ch\u00e2ssis aluminium renforc\u00e9 supporte jusqu\u2019\u00e0 170 kg de charge utile, tout en restant suffisamment l\u00e9ger et maniable pour les trajets urbains denses.<\/p>\n<p data-start=\"4438\" data-end=\"4707\">Le moteur Bosch Performance Line (65 Nm) offre une assistance fluide et r\u00e9active, id\u00e9ale pour d\u00e9marrer \u00e0 pleine charge ou affronter des pentes en douceur. La batterie PowerPack 500 vous assure une autonomie g\u00e9n\u00e9reuse, jusqu\u2019\u00e0 120 km selon le niveau d\u2019assistance choisi.<\/p>\n<p data-start=\"4709\" data-end=\"4970\">Les roues de 20 pouces permettent un centre de gravit\u00e9 bas, parfait pour le transport d\u2019un enfant ou de charges volumineuses, tout en conservant une excellente maniabilit\u00e9. Les freins \u00e0 disque hydrauliques assurent un freinage puissant, m\u00eame par temps de pluie.<\/p>\n<p data-start=\"4972\" data-end=\"4990\">\ud83d\udee0\ufe0f Points forts :<\/p>\n<ul data-start=\"4992\" data-end=\"5313\">\n<li data-start=\"4992\" data-end=\"5056\">\n<p data-start=\"4994\" data-end=\"5056\">\u2705 V\u00e9lo \u00e9lectrique compact id\u00e9al pour un usage urbain quotidien<\/p>\n<\/li>\n<li data-start=\"5057\" data-end=\"5119\">\n<p data-start=\"5059\" data-end=\"5119\">\u2705 Capacit\u00e9 de charge exceptionnelle pour un format si r\u00e9duit<\/p>\n<\/li>\n<li data-start=\"5120\" data-end=\"5209\">\n<p data-start=\"5122\" data-end=\"5209\">\u2705 Transport s\u00e9curis\u00e9 pour enfants gr\u00e2ce \u00e0 la compatibilit\u00e9 avec les si\u00e8ges Yepp \/ Thule<\/p>\n<\/li>\n<li data-start=\"5210\" data-end=\"5264\">\n<p data-start=\"5212\" data-end=\"5264\">\u2705 Cadre compatible pour cyclistes de 1,50 m \u00e0 1,95 m<\/p>\n<\/li>\n<li data-start=\"5265\" data-end=\"5313\">\n<p data-start=\"5267\" data-end=\"5313\">\u2705 Peut se ranger verticalement (gain de place)<\/p>\n<\/li>\n<\/ul>\n<p data-start=\"5315\" data-end=\"5452\">Mots-cl\u00e9s secondaires int\u00e9gr\u00e9s : v\u00e9lo cargo compact, v\u00e9lo familial \u00e9lectrique, v\u00e9lo cargo urbain, assistance Bosch, v\u00e9lo longtail pliable<\/p>\n<p data-start=\"5454\" data-end=\"5455\">\n<ol start=\"5\" data-start=\"5457\" data-end=\"5507\">\n<li data-start=\"5457\" data-end=\"5507\">\n<h4>\u2753 FAQ \u2013 V\u00e9lo cargo Tern HSD P10<\/h4>\n<\/li>\n<\/ol>\n<p data-start=\"6286\" data-end=\"6463\">Q : Peut-on transporter un enfant \u00e0 l\u2019arri\u00e8re du Tern HSD P10 ?<br \/>\nR : Oui, le porte-bagages Atlas H Rack est compatible avec la majorit\u00e9 des si\u00e8ges enfants (Yepp, Thule, Qibbel\u2026).<\/p>\n<p data-start=\"6465\" data-end=\"6672\">Q : Est-ce que le Tern HSD P10 peut \u00eatre stock\u00e9 \u00e0 la verticale ?<br \/>\nR : Absolument ! Il est con\u00e7u pour se tenir debout \u00e0 la verticale afin de gagner de la place, parfait pour les petits garages ou appartements.<\/p>\n<p data-start=\"6674\" data-end=\"6860\">Q : Est-il adapt\u00e9 \u00e0 tous les cyclistes ?<br \/>\nR : Oui, le cadre est universel et convient aux cyclistes mesurant de 1,50 m \u00e0 1,95 m. La tige de selle et la potence sont r\u00e9glables sans outils.<\/p>\n<p data-start=\"6862\" data-end=\"7059\">Q : Peut-on l\u2019utiliser pour des livraisons professionnelles ?<br \/>\nR : Oui, sa capacit\u00e9 de charge et sa maniabilit\u00e9 en font un excellent v\u00e9lo utilitaire pour les coursiers, artisans ou livreurs urbains.<\/p>\n<p data-start=\"7061\" data-end=\"7250\">Q : L\u2019assistance \u00e9lectrique est-elle suffisante pour les mont\u00e9es ?<br \/>\nR : Le moteur Bosch Performance Line d\u00e9veloppe 65 Nm de couple, ce qui permet de grimper sans effort m\u00eame \u00e0 pleine charge.<\/p>\n<p>Views: 2<\/p>","protected":false},"excerpt":{"rendered":"<p>\u00a0Tern HSD P10 Le \ud83d\udeb2 v\u00e9lo cargo Tern HSD P10 est un concentr\u00e9 d\u2019innovation, de compacit\u00e9 et de robustesse pour<\/p>\n","protected":false},"featured_media":21202,"comment_status":"open","ping_status":"closed","template":"","meta":[],"product_brand":[],"product_cat":[246,17],"product_tag":[],"class_list":{"0":"post-21203","1":"product","2":"type-product","3":"status-publish","4":"has-post-thumbnail","6":"product_cat-velo-de-ville-cargo-longtail-electrique","7":"product_cat-velos","9":"first","10":"instock","11":"taxable","12":"shipping-taxable","13":"product-type-simple"},"yoast_head":"<!-- This site is optimized with the Yoast SEO plugin v27.5 - https:\/\/yoast.com\/product\/yoast-seo-wordpress\/ -->\n<title>V\u00e9lo cargo Tern HSD P10 \u2013 Compact, puissant &amp; promo 2025 - e-veloboutique.fr<\/title>\n<meta name=\"description\" content=\"V\u00e9lo cargo Tern HSD P10 \u00e0 4099 \u20ac : compact, puissant et fiable pour la ville. Transportez enfants ou charges avec autonomie jusqu\u2019\u00e0 120 km. !\" \/>\n<meta name=\"robots\" content=\"index, follow, max-snippet:-1, max-image-preview:large, max-video-preview:-1\" \/>\n<link rel=\"canonical\" href=\"https:\/\/e-veloboutique.fr\/?product=velo-electrique-cargo-longtail-tern-hsd-p10\" \/>\n<meta property=\"og:locale\" content=\"fr_FR\" \/>\n<meta property=\"og:type\" content=\"article\" \/>\n<meta property=\"og:title\" content=\"V\u00e9lo cargo Tern HSD P10 \u2013 Compact, puissant &amp; promo 2025 - e-veloboutique.fr\" \/>\n<meta property=\"og:description\" content=\"V\u00e9lo cargo Tern HSD P10 \u00e0 4099 \u20ac : compact, puissant et fiable pour la ville. Transportez enfants ou charges avec autonomie jusqu\u2019\u00e0 120 km. !\" \/>\n<meta property=\"og:url\" content=\"https:\/\/e-veloboutique.fr\/?product=velo-electrique-cargo-longtail-tern-hsd-p10\" \/>\n<meta property=\"og:site_name\" content=\"e-veloboutique.fr\" \/>\n<meta property=\"article:modified_time\" content=\"2026-03-27T09:44:02+00:00\" \/>\n<meta property=\"og:image\" content=\"https:\/\/e-veloboutique.fr\/wp-content\/uploads\/2025\/06\/HSD-P10-2.jpg\" \/>\n\t<meta property=\"og:image:width\" content=\"800\" \/>\n\t<meta property=\"og:image:height\" content=\"532\" \/>\n\t<meta property=\"og:image:type\" content=\"image\/jpeg\" \/>\n<meta name=\"twitter:card\" content=\"summary_large_image\" \/>\n<meta name=\"twitter:label1\" content=\"Dur\u00e9e de lecture estim\u00e9e\" \/>\n\t<meta name=\"twitter:data1\" content=\"5 minutes\" \/>\n<script type=\"application\/ld+json\" class=\"yoast-schema-graph\">{\"@context\":\"https:\\\/\\\/schema.org\",\"@graph\":[{\"@type\":\"WebPage\",\"@id\":\"https:\\\/\\\/e-veloboutique.fr\\\/?product=velo-electrique-cargo-longtail-tern-hsd-p10\",\"url\":\"https:\\\/\\\/e-veloboutique.fr\\\/?product=velo-electrique-cargo-longtail-tern-hsd-p10\",\"name\":\"V\u00e9lo cargo Tern HSD P10 \u2013 Compact, puissant &amp; promo 2025 - e-veloboutique.fr\",\"isPartOf\":{\"@id\":\"https:\\\/\\\/e-veloboutique.fr\\\/#website\"},\"primaryImageOfPage\":{\"@id\":\"https:\\\/\\\/e-veloboutique.fr\\\/?product=velo-electrique-cargo-longtail-tern-hsd-p10#primaryimage\"},\"image\":{\"@id\":\"https:\\\/\\\/e-veloboutique.fr\\\/?product=velo-electrique-cargo-longtail-tern-hsd-p10#primaryimage\"},\"thumbnailUrl\":\"https:\\\/\\\/e-veloboutique.fr\\\/wp-content\\\/uploads\\\/2025\\\/06\\\/HSD-P10-2.jpg\",\"datePublished\":\"2025-06-12T10:56:43+00:00\",\"dateModified\":\"2026-03-27T09:44:02+00:00\",\"description\":\"V\u00e9lo cargo Tern HSD P10 \u00e0 4099 \u20ac : compact, puissant et fiable pour la ville. Transportez enfants ou charges avec autonomie jusqu\u2019\u00e0 120 km. !\",\"breadcrumb\":{\"@id\":\"https:\\\/\\\/e-veloboutique.fr\\\/?product=velo-electrique-cargo-longtail-tern-hsd-p10#breadcrumb\"},\"inLanguage\":\"fr-FR\",\"potentialAction\":[{\"@type\":\"ReadAction\",\"target\":[\"https:\\\/\\\/e-veloboutique.fr\\\/?product=velo-electrique-cargo-longtail-tern-hsd-p10\"]}]},{\"@type\":\"ImageObject\",\"inLanguage\":\"fr-FR\",\"@id\":\"https:\\\/\\\/e-veloboutique.fr\\\/?product=velo-electrique-cargo-longtail-tern-hsd-p10#primaryimage\",\"url\":\"https:\\\/\\\/e-veloboutique.fr\\\/wp-content\\\/uploads\\\/2025\\\/06\\\/HSD-P10-2.jpg\",\"contentUrl\":\"https:\\\/\\\/e-veloboutique.fr\\\/wp-content\\\/uploads\\\/2025\\\/06\\\/HSD-P10-2.jpg\",\"width\":800,\"height\":532},{\"@type\":\"BreadcrumbList\",\"@id\":\"https:\\\/\\\/e-veloboutique.fr\\\/?product=velo-electrique-cargo-longtail-tern-hsd-p10#breadcrumb\",\"itemListElement\":[{\"@type\":\"ListItem\",\"position\":1,\"name\":\"Accueil\",\"item\":\"https:\\\/\\\/e-veloboutique.fr\\\/\"},{\"@type\":\"ListItem\",\"position\":2,\"name\":\"Produits\",\"item\":\"https:\\\/\\\/e-veloboutique.fr\\\/shop\\\/\"},{\"@type\":\"ListItem\",\"position\":3,\"name\":\"V\u00e9los \u00e9lectriques\",\"item\":\"https:\\\/\\\/e-veloboutique.fr\\\/?product_cat=velos\"},{\"@type\":\"ListItem\",\"position\":4,\"name\":\"V\u00e9los Cargo\\\/longtail \u00c9lectriques\",\"item\":\"https:\\\/\\\/e-veloboutique.fr\\\/?product_cat=velo-de-ville-cargo-longtail-electrique\"},{\"@type\":\"ListItem\",\"position\":5,\"name\":\"V\u00e9lo Electrique Cargo\\\/Longtail -TERN HSD P10\"}]},{\"@type\":\"WebSite\",\"@id\":\"https:\\\/\\\/e-veloboutique.fr\\\/#website\",\"url\":\"https:\\\/\\\/e-veloboutique.fr\\\/\",\"name\":\"E-velos\",\"description\":\"\",\"publisher\":{\"@id\":\"https:\\\/\\\/e-veloboutique.fr\\\/#organization\"},\"potentialAction\":[{\"@type\":\"SearchAction\",\"target\":{\"@type\":\"EntryPoint\",\"urlTemplate\":\"https:\\\/\\\/e-veloboutique.fr\\\/?s={search_term_string}\"},\"query-input\":{\"@type\":\"PropertyValueSpecification\",\"valueRequired\":true,\"valueName\":\"search_term_string\"}}],\"inLanguage\":\"fr-FR\"},{\"@type\":\"Organization\",\"@id\":\"https:\\\/\\\/e-veloboutique.fr\\\/#organization\",\"name\":\"e-veloboutique.fr\",\"url\":\"https:\\\/\\\/e-veloboutique.fr\\\/\",\"logo\":{\"@type\":\"ImageObject\",\"inLanguage\":\"fr-FR\",\"@id\":\"https:\\\/\\\/e-veloboutique.fr\\\/#\\\/schema\\\/logo\\\/image\\\/\",\"url\":\"https:\\\/\\\/e-veloboutique.fr\\\/wp-content\\\/uploads\\\/2024\\\/12\\\/evelos-boutique.jpg\",\"contentUrl\":\"https:\\\/\\\/e-veloboutique.fr\\\/wp-content\\\/uploads\\\/2024\\\/12\\\/evelos-boutique.jpg\",\"width\":75,\"height\":75,\"caption\":\"e-veloboutique.fr\"},\"image\":{\"@id\":\"https:\\\/\\\/e-veloboutique.fr\\\/#\\\/schema\\\/logo\\\/image\\\/\"}}]}<\/script>\n<!-- \/ Yoast SEO plugin. -->","yoast_head_json":{"title":"V\u00e9lo cargo Tern HSD P10 \u2013 Compact, puissant &amp; promo 2025 - e-veloboutique.fr","description":"V\u00e9lo cargo Tern HSD P10 \u00e0 4099 \u20ac : compact, puissant et fiable pour la ville. Transportez enfants ou charges avec autonomie jusqu\u2019\u00e0 120 km. !","robots":{"index":"index","follow":"follow","max-snippet":"max-snippet:-1","max-image-preview":"max-image-preview:large","max-video-preview":"max-video-preview:-1"},"canonical":"https:\/\/e-veloboutique.fr\/?product=velo-electrique-cargo-longtail-tern-hsd-p10","og_locale":"fr_FR","og_type":"article","og_title":"V\u00e9lo cargo Tern HSD P10 \u2013 Compact, puissant &amp; promo 2025 - e-veloboutique.fr","og_description":"V\u00e9lo cargo Tern HSD P10 \u00e0 4099 \u20ac : compact, puissant et fiable pour la ville. Transportez enfants ou charges avec autonomie jusqu\u2019\u00e0 120 km. !","og_url":"https:\/\/e-veloboutique.fr\/?product=velo-electrique-cargo-longtail-tern-hsd-p10","og_site_name":"e-veloboutique.fr","article_modified_time":"2026-03-27T09:44:02+00:00","og_image":[{"width":800,"height":532,"url":"https:\/\/e-veloboutique.fr\/wp-content\/uploads\/2025\/06\/HSD-P10-2.jpg","type":"image\/jpeg"}],"twitter_card":"summary_large_image","twitter_misc":{"Dur\u00e9e de lecture estim\u00e9e":"5 minutes"},"schema":{"@context":"https:\/\/schema.org","@graph":[{"@type":"WebPage","@id":"https:\/\/e-veloboutique.fr\/?product=velo-electrique-cargo-longtail-tern-hsd-p10","url":"https:\/\/e-veloboutique.fr\/?product=velo-electrique-cargo-longtail-tern-hsd-p10","name":"V\u00e9lo cargo Tern HSD P10 \u2013 Compact, puissant &amp; promo 2025 - e-veloboutique.fr","isPartOf":{"@id":"https:\/\/e-veloboutique.fr\/#website"},"primaryImageOfPage":{"@id":"https:\/\/e-veloboutique.fr\/?product=velo-electrique-cargo-longtail-tern-hsd-p10#primaryimage"},"image":{"@id":"https:\/\/e-veloboutique.fr\/?product=velo-electrique-cargo-longtail-tern-hsd-p10#primaryimage"},"thumbnailUrl":"https:\/\/e-veloboutique.fr\/wp-content\/uploads\/2025\/06\/HSD-P10-2.jpg","datePublished":"2025-06-12T10:56:43+00:00","dateModified":"2026-03-27T09:44:02+00:00","description":"V\u00e9lo cargo Tern HSD P10 \u00e0 4099 \u20ac : compact, puissant et fiable pour la ville. Transportez enfants ou charges avec autonomie jusqu\u2019\u00e0 120 km. !","breadcrumb":{"@id":"https:\/\/e-veloboutique.fr\/?product=velo-electrique-cargo-longtail-tern-hsd-p10#breadcrumb"},"inLanguage":"fr-FR","potentialAction":[{"@type":"ReadAction","target":["https:\/\/e-veloboutique.fr\/?product=velo-electrique-cargo-longtail-tern-hsd-p10"]}]},{"@type":"ImageObject","inLanguage":"fr-FR","@id":"https:\/\/e-veloboutique.fr\/?product=velo-electrique-cargo-longtail-tern-hsd-p10#primaryimage","url":"https:\/\/e-veloboutique.fr\/wp-content\/uploads\/2025\/06\/HSD-P10-2.jpg","contentUrl":"https:\/\/e-veloboutique.fr\/wp-content\/uploads\/2025\/06\/HSD-P10-2.jpg","width":800,"height":532},{"@type":"BreadcrumbList","@id":"https:\/\/e-veloboutique.fr\/?product=velo-electrique-cargo-longtail-tern-hsd-p10#breadcrumb","itemListElement":[{"@type":"ListItem","position":1,"name":"Accueil","item":"https:\/\/e-veloboutique.fr\/"},{"@type":"ListItem","position":2,"name":"Produits","item":"https:\/\/e-veloboutique.fr\/shop\/"},{"@type":"ListItem","position":3,"name":"V\u00e9los \u00e9lectriques","item":"https:\/\/e-veloboutique.fr\/?product_cat=velos"},{"@type":"ListItem","position":4,"name":"V\u00e9los Cargo\/longtail \u00c9lectriques","item":"https:\/\/e-veloboutique.fr\/?product_cat=velo-de-ville-cargo-longtail-electrique"},{"@type":"ListItem","position":5,"name":"V\u00e9lo Electrique Cargo\/Longtail -TERN HSD P10"}]},{"@type":"WebSite","@id":"https:\/\/e-veloboutique.fr\/#website","url":"https:\/\/e-veloboutique.fr\/","name":"E-velos","description":"","publisher":{"@id":"https:\/\/e-veloboutique.fr\/#organization"},"potentialAction":[{"@type":"SearchAction","target":{"@type":"EntryPoint","urlTemplate":"https:\/\/e-veloboutique.fr\/?s={search_term_string}"},"query-input":{"@type":"PropertyValueSpecification","valueRequired":true,"valueName":"search_term_string"}}],"inLanguage":"fr-FR"},{"@type":"Organization","@id":"https:\/\/e-veloboutique.fr\/#organization","name":"e-veloboutique.fr","url":"https:\/\/e-veloboutique.fr\/","logo":{"@type":"ImageObject","inLanguage":"fr-FR","@id":"https:\/\/e-veloboutique.fr\/#\/schema\/logo\/image\/","url":"https:\/\/e-veloboutique.fr\/wp-content\/uploads\/2024\/12\/evelos-boutique.jpg","contentUrl":"https:\/\/e-veloboutique.fr\/wp-content\/uploads\/2024\/12\/evelos-boutique.jpg","width":75,"height":75,"caption":"e-veloboutique.fr"},"image":{"@id":"https:\/\/e-veloboutique.fr\/#\/schema\/logo\/image\/"}}]}},"_links":{"self":[{"href":"https:\/\/e-veloboutique.fr\/index.php?rest_route=\/wp\/v2\/product\/21203","targetHints":{"allow":["GET"]}}],"collection":[{"href":"https:\/\/e-veloboutique.fr\/index.php?rest_route=\/wp\/v2\/product"}],"about":[{"href":"https:\/\/e-veloboutique.fr\/index.php?rest_route=\/wp\/v2\/types\/product"}],"replies":[{"embeddable":true,"href":"https:\/\/e-veloboutique.fr\/index.php?rest_route=%2Fwp%2Fv2%2Fcomments&post=21203"}],"version-history":[{"count":1,"href":"https:\/\/e-veloboutique.fr\/index.php?rest_route=\/wp\/v2\/product\/21203\/revisions"}],"predecessor-version":[{"id":37739,"href":"https:\/\/e-veloboutique.fr\/index.php?rest_route=\/wp\/v2\/product\/21203\/revisions\/37739"}],"wp:featuredmedia":[{"embeddable":true,"href":"https:\/\/e-veloboutique.fr\/index.php?rest_route=\/wp\/v2\/media\/21202"}],"wp:attachment":[{"href":"https:\/\/e-veloboutique.fr\/index.php?rest_route=%2Fwp%2Fv2%2Fmedia&parent=21203"}],"wp:term":[{"taxonomy":"product_brand","embeddable":true,"href":"https:\/\/e-veloboutique.fr\/index.php?rest_route=%2Fwp%2Fv2%2Fproduct_brand&post=21203"},{"taxonomy":"product_cat","embeddable":true,"href":"https:\/\/e-veloboutique.fr\/index.php?rest_route=%2Fwp%2Fv2%2Fproduct_cat&post=21203"},{"taxonomy":"product_tag","embeddable":true,"href":"https:\/\/e-veloboutique.fr\/index.php?rest_route=%2Fwp%2Fv2%2Fproduct_tag&post=21203"}],"curies":[{"name":"wp","href":"https:\/\/api.w.org\/{rel}","templated":true}]}}