{"id":2275,"date":"2024-11-20T18:44:43","date_gmt":"2024-11-20T18:44:43","guid":{"rendered":"https:\/\/e-veloboutique.fr\/?post_type=product&#038;p=2275"},"modified":"2024-11-20T18:44:43","modified_gmt":"2024-11-20T18:44:43","slug":"vtt-electrique-bmc-fourstroke-amp-lt-three","status":"publish","type":"product","link":"https:\/\/e-veloboutique.fr\/?product=vtt-electrique-bmc-fourstroke-amp-lt-three","title":{"rendered":"Vtt \u00e9lectrique Bmc fourstroke amp lt three"},"content":{"rendered":"<section class=\"descriptif-velo\">\n<h2>VTT \u00e9lectrique l\u00e9ger et fiable; Bmc fourstroke amp lt three<\/h2>\n<p>&nbsp;<\/p>\n<p>&nbsp;<\/p>\n<table>\n<tbody>\n<tr>\n<td>Cadre<\/td>\n<td>Fourstroke LT AMP Carbon | APS Suspension System | 120mm Travel | Integrated Battery | Fully Guided Internal Cable Routing | Post Mount Disc | 12 x 148mm Boost Thru-Axle VTT \u00e9lectrique l\u00e9ger et fiable<\/td>\n<\/tr>\n<tr>\n<td>Amortisseur<\/td>\n<td>RockShox SIDLUXE Select+ 3P<\/td>\n<\/tr>\n<tr>\n<td>Fourche<\/td>\n<td>RockShox SID 3P<\/td>\n<\/tr>\n<tr>\n<td>Cintre<\/td>\n<td>BMC MRB 03 Riser Bar | 760mm<\/td>\n<\/tr>\n<tr>\n<td>Tige de selle<\/td>\n<td>BMC MSP 03 | 31.6mm | 0mm Offset<\/td>\n<\/tr>\n<tr>\n<td>Selle<\/td>\n<td>Fizik Antares R5<\/td>\n<\/tr>\n<tr>\n<td>P\u00e9dalier<\/td>\n<td>Praxis Alloy eCrank | SRAM X Sync 180 \/ 180mm<\/td>\n<\/tr>\n<tr>\n<td>Cassette<\/td>\n<td>SRAM NX PG-1230 Eagle<\/td>\n<\/tr>\n<tr>\n<td>Cha\u00eene<\/td>\n<td>SRAM NX Eagle<\/td>\n<\/tr>\n<tr>\n<td>Plateau<\/td>\n<td>34T<\/td>\n<\/tr>\n<tr>\n<td>D\u00e9railleur arri\u00e8re<\/td>\n<td>SRAM NX Eagle<\/td>\n<\/tr>\n<tr>\n<td>Manettes<\/td>\n<td>SRAM NX Eagle<\/td>\n<\/tr>\n<tr>\n<td>Vitesses<\/td>\n<td>1 x 12<\/td>\n<\/tr>\n<tr>\n<td>Leviers de frein<\/td>\n<td>SRAM G2 R<\/td>\n<\/tr>\n<tr>\n<td>Disques<\/td>\n<td>SRAM Centerline | 6-Bolt<\/td>\n<\/tr>\n<tr>\n<td>Jantes<\/td>\n<td>Alex MD30 | 30mm Inner Width<\/td>\n<\/tr>\n<tr>\n<td>Moyeux<\/td>\n<td>DC-711 (F) | DC-3248 (R)<\/td>\n<\/tr>\n<tr>\n<td>Pneus<\/td>\n<td>Maxxis Rekon 2.4&Prime; | EXO TR<\/td>\n<\/tr>\n<tr>\n<td>Potence<\/td>\n<td>Truvativ Atmos 6K<\/td>\n<\/tr>\n<tr>\n<td>Moteur<\/td>\n<td>TQ-HPR50 Drive Unit<\/td>\n<\/tr>\n<tr>\n<td>Affichage<\/td>\n<td>TQ Display | 2&Prime; O-LED | Bluetooth \/ ANT+<\/td>\n<\/tr>\n<tr>\n<td>Chargeur<\/td>\n<td>TQ HPR-50 4A Charger<\/td>\n<\/tr>\n<tr>\n<td>Batterie<\/td>\n<td>TQ Battery | 360 Wh<\/td>\n<\/tr>\n<tr>\n<td>Gamme<\/td>\n<td>2024<\/td>\n<\/tr>\n<\/tbody>\n<\/table>\n<p>Code produit fabriquant :\u00a0<span id=\"codeproduit\">BMC-24-10204-002<\/span><\/section>\n<div id=\"ff_below-product\">\n<div class=\"autogrid\">\n<div>\n<h2>taille des v\u00e9los BMC<\/h2>\n<p><img decoding=\"async\" src=\"https:\/\/www.culturevelo.com\/shop\/images\/design\/campagnes\/marques\/bmc-taille-velo-2020.png\" alt=\"taille v\u00e9lo bmc\" width=\"max-width:800px\" \/><\/div>\n<\/div>\n<\/div>\n<p>Views: 0<\/p>","protected":false},"excerpt":{"rendered":"<p>VTT \u00e9lectrique l\u00e9ger et fiable; Bmc fourstroke amp lt three &nbsp; &nbsp; Cadre Fourstroke LT AMP Carbon | APS Suspension<\/p>\n","protected":false},"featured_media":2276,"comment_status":"open","ping_status":"closed","template":"","meta":[],"product_brand":[],"product_cat":[25],"product_tag":[],"class_list":{"0":"post-2275","1":"product","2":"type-product","3":"status-publish","4":"has-post-thumbnail","6":"product_cat-vtt-electrique-tout-terrain-a-moteur-puissant","8":"first","9":"instock","10":"taxable","11":"shipping-taxable","12":"product-type-simple"},"yoast_head":"<!-- This site is optimized with the Yoast SEO plugin v27.5 - https:\/\/yoast.com\/product\/yoast-seo-wordpress\/ -->\n<title>Vtt \u00e9lectrique Bmc fourstroke amp lt three - e-veloboutique.fr<\/title>\n<meta name=\"robots\" content=\"index, follow, max-snippet:-1, max-image-preview:large, max-video-preview:-1\" \/>\n<link rel=\"canonical\" href=\"https:\/\/e-veloboutique.fr\/?product=vtt-electrique-bmc-fourstroke-amp-lt-three\" \/>\n<meta property=\"og:locale\" content=\"fr_FR\" \/>\n<meta property=\"og:type\" content=\"article\" \/>\n<meta property=\"og:title\" content=\"Vtt \u00e9lectrique Bmc fourstroke amp lt three - e-veloboutique.fr\" \/>\n<meta property=\"og:description\" content=\"VTT \u00e9lectrique l\u00e9ger et fiable; Bmc fourstroke amp lt three &nbsp; &nbsp; Cadre Fourstroke LT AMP Carbon | APS Suspension\" \/>\n<meta property=\"og:url\" content=\"https:\/\/e-veloboutique.fr\/?product=vtt-electrique-bmc-fourstroke-amp-lt-three\" \/>\n<meta property=\"og:site_name\" content=\"e-veloboutique.fr\" \/>\n<meta property=\"og:image\" content=\"https:\/\/e-veloboutique.fr\/wp-content\/uploads\/2024\/11\/Vtt-electrique-Bmc-fourstroke-amp-lt-three.jpg\" \/>\n\t<meta property=\"og:image:width\" content=\"800\" \/>\n\t<meta property=\"og:image:height\" content=\"442\" \/>\n\t<meta property=\"og:image:type\" content=\"image\/jpeg\" \/>\n<meta name=\"twitter:card\" content=\"summary_large_image\" \/>\n<meta name=\"twitter:label1\" content=\"Dur\u00e9e de lecture estim\u00e9e\" \/>\n\t<meta name=\"twitter:data1\" content=\"1 minute\" \/>\n<script type=\"application\/ld+json\" class=\"yoast-schema-graph\">{\"@context\":\"https:\\\/\\\/schema.org\",\"@graph\":[{\"@type\":\"WebPage\",\"@id\":\"https:\\\/\\\/e-veloboutique.fr\\\/?product=vtt-electrique-bmc-fourstroke-amp-lt-three\",\"url\":\"https:\\\/\\\/e-veloboutique.fr\\\/?product=vtt-electrique-bmc-fourstroke-amp-lt-three\",\"name\":\"Vtt \u00e9lectrique Bmc fourstroke amp lt three - e-veloboutique.fr\",\"isPartOf\":{\"@id\":\"https:\\\/\\\/e-veloboutique.fr\\\/#website\"},\"primaryImageOfPage\":{\"@id\":\"https:\\\/\\\/e-veloboutique.fr\\\/?product=vtt-electrique-bmc-fourstroke-amp-lt-three#primaryimage\"},\"image\":{\"@id\":\"https:\\\/\\\/e-veloboutique.fr\\\/?product=vtt-electrique-bmc-fourstroke-amp-lt-three#primaryimage\"},\"thumbnailUrl\":\"https:\\\/\\\/e-veloboutique.fr\\\/wp-content\\\/uploads\\\/2024\\\/11\\\/Vtt-electrique-Bmc-fourstroke-amp-lt-three.jpg\",\"datePublished\":\"2024-11-20T18:44:43+00:00\",\"breadcrumb\":{\"@id\":\"https:\\\/\\\/e-veloboutique.fr\\\/?product=vtt-electrique-bmc-fourstroke-amp-lt-three#breadcrumb\"},\"inLanguage\":\"fr-FR\",\"potentialAction\":[{\"@type\":\"ReadAction\",\"target\":[\"https:\\\/\\\/e-veloboutique.fr\\\/?product=vtt-electrique-bmc-fourstroke-amp-lt-three\"]}]},{\"@type\":\"ImageObject\",\"inLanguage\":\"fr-FR\",\"@id\":\"https:\\\/\\\/e-veloboutique.fr\\\/?product=vtt-electrique-bmc-fourstroke-amp-lt-three#primaryimage\",\"url\":\"https:\\\/\\\/e-veloboutique.fr\\\/wp-content\\\/uploads\\\/2024\\\/11\\\/Vtt-electrique-Bmc-fourstroke-amp-lt-three.jpg\",\"contentUrl\":\"https:\\\/\\\/e-veloboutique.fr\\\/wp-content\\\/uploads\\\/2024\\\/11\\\/Vtt-electrique-Bmc-fourstroke-amp-lt-three.jpg\",\"width\":800,\"height\":442,\"caption\":\"VTT \u00e9lectrique l\u00e9ger et fiable\"},{\"@type\":\"BreadcrumbList\",\"@id\":\"https:\\\/\\\/e-veloboutique.fr\\\/?product=vtt-electrique-bmc-fourstroke-amp-lt-three#breadcrumb\",\"itemListElement\":[{\"@type\":\"ListItem\",\"position\":1,\"name\":\"Accueil\",\"item\":\"https:\\\/\\\/e-veloboutique.fr\\\/\"},{\"@type\":\"ListItem\",\"position\":2,\"name\":\"Produits\",\"item\":\"https:\\\/\\\/e-veloboutique.fr\\\/shop\\\/\"},{\"@type\":\"ListItem\",\"position\":3,\"name\":\"V\u00e9los \u00e9lectriques\",\"item\":\"https:\\\/\\\/e-veloboutique.fr\\\/?product_cat=velos\"},{\"@type\":\"ListItem\",\"position\":4,\"name\":\"VTT \u00e9lectriques\",\"item\":\"https:\\\/\\\/e-veloboutique.fr\\\/?product_cat=vtt-electrique-tout-terrain-a-moteur-puissant\"},{\"@type\":\"ListItem\",\"position\":5,\"name\":\"Vtt \u00e9lectrique Bmc fourstroke amp lt three\"}]},{\"@type\":\"WebSite\",\"@id\":\"https:\\\/\\\/e-veloboutique.fr\\\/#website\",\"url\":\"https:\\\/\\\/e-veloboutique.fr\\\/\",\"name\":\"E-velos\",\"description\":\"\",\"publisher\":{\"@id\":\"https:\\\/\\\/e-veloboutique.fr\\\/#organization\"},\"potentialAction\":[{\"@type\":\"SearchAction\",\"target\":{\"@type\":\"EntryPoint\",\"urlTemplate\":\"https:\\\/\\\/e-veloboutique.fr\\\/?s={search_term_string}\"},\"query-input\":{\"@type\":\"PropertyValueSpecification\",\"valueRequired\":true,\"valueName\":\"search_term_string\"}}],\"inLanguage\":\"fr-FR\"},{\"@type\":\"Organization\",\"@id\":\"https:\\\/\\\/e-veloboutique.fr\\\/#organization\",\"name\":\"e-veloboutique.fr\",\"url\":\"https:\\\/\\\/e-veloboutique.fr\\\/\",\"logo\":{\"@type\":\"ImageObject\",\"inLanguage\":\"fr-FR\",\"@id\":\"https:\\\/\\\/e-veloboutique.fr\\\/#\\\/schema\\\/logo\\\/image\\\/\",\"url\":\"https:\\\/\\\/e-veloboutique.fr\\\/wp-content\\\/uploads\\\/2024\\\/12\\\/evelos-boutique.jpg\",\"contentUrl\":\"https:\\\/\\\/e-veloboutique.fr\\\/wp-content\\\/uploads\\\/2024\\\/12\\\/evelos-boutique.jpg\",\"width\":75,\"height\":75,\"caption\":\"e-veloboutique.fr\"},\"image\":{\"@id\":\"https:\\\/\\\/e-veloboutique.fr\\\/#\\\/schema\\\/logo\\\/image\\\/\"}}]}<\/script>\n<!-- \/ Yoast SEO plugin. -->","yoast_head_json":{"title":"Vtt \u00e9lectrique Bmc fourstroke amp lt three - e-veloboutique.fr","robots":{"index":"index","follow":"follow","max-snippet":"max-snippet:-1","max-image-preview":"max-image-preview:large","max-video-preview":"max-video-preview:-1"},"canonical":"https:\/\/e-veloboutique.fr\/?product=vtt-electrique-bmc-fourstroke-amp-lt-three","og_locale":"fr_FR","og_type":"article","og_title":"Vtt \u00e9lectrique Bmc fourstroke amp lt three - e-veloboutique.fr","og_description":"VTT \u00e9lectrique l\u00e9ger et fiable; Bmc fourstroke amp lt three &nbsp; &nbsp; Cadre Fourstroke LT AMP Carbon | APS Suspension","og_url":"https:\/\/e-veloboutique.fr\/?product=vtt-electrique-bmc-fourstroke-amp-lt-three","og_site_name":"e-veloboutique.fr","og_image":[{"width":800,"height":442,"url":"https:\/\/e-veloboutique.fr\/wp-content\/uploads\/2024\/11\/Vtt-electrique-Bmc-fourstroke-amp-lt-three.jpg","type":"image\/jpeg"}],"twitter_card":"summary_large_image","twitter_misc":{"Dur\u00e9e de lecture estim\u00e9e":"1 minute"},"schema":{"@context":"https:\/\/schema.org","@graph":[{"@type":"WebPage","@id":"https:\/\/e-veloboutique.fr\/?product=vtt-electrique-bmc-fourstroke-amp-lt-three","url":"https:\/\/e-veloboutique.fr\/?product=vtt-electrique-bmc-fourstroke-amp-lt-three","name":"Vtt \u00e9lectrique Bmc fourstroke amp lt three - e-veloboutique.fr","isPartOf":{"@id":"https:\/\/e-veloboutique.fr\/#website"},"primaryImageOfPage":{"@id":"https:\/\/e-veloboutique.fr\/?product=vtt-electrique-bmc-fourstroke-amp-lt-three#primaryimage"},"image":{"@id":"https:\/\/e-veloboutique.fr\/?product=vtt-electrique-bmc-fourstroke-amp-lt-three#primaryimage"},"thumbnailUrl":"https:\/\/e-veloboutique.fr\/wp-content\/uploads\/2024\/11\/Vtt-electrique-Bmc-fourstroke-amp-lt-three.jpg","datePublished":"2024-11-20T18:44:43+00:00","breadcrumb":{"@id":"https:\/\/e-veloboutique.fr\/?product=vtt-electrique-bmc-fourstroke-amp-lt-three#breadcrumb"},"inLanguage":"fr-FR","potentialAction":[{"@type":"ReadAction","target":["https:\/\/e-veloboutique.fr\/?product=vtt-electrique-bmc-fourstroke-amp-lt-three"]}]},{"@type":"ImageObject","inLanguage":"fr-FR","@id":"https:\/\/e-veloboutique.fr\/?product=vtt-electrique-bmc-fourstroke-amp-lt-three#primaryimage","url":"https:\/\/e-veloboutique.fr\/wp-content\/uploads\/2024\/11\/Vtt-electrique-Bmc-fourstroke-amp-lt-three.jpg","contentUrl":"https:\/\/e-veloboutique.fr\/wp-content\/uploads\/2024\/11\/Vtt-electrique-Bmc-fourstroke-amp-lt-three.jpg","width":800,"height":442,"caption":"VTT \u00e9lectrique l\u00e9ger et fiable"},{"@type":"BreadcrumbList","@id":"https:\/\/e-veloboutique.fr\/?product=vtt-electrique-bmc-fourstroke-amp-lt-three#breadcrumb","itemListElement":[{"@type":"ListItem","position":1,"name":"Accueil","item":"https:\/\/e-veloboutique.fr\/"},{"@type":"ListItem","position":2,"name":"Produits","item":"https:\/\/e-veloboutique.fr\/shop\/"},{"@type":"ListItem","position":3,"name":"V\u00e9los \u00e9lectriques","item":"https:\/\/e-veloboutique.fr\/?product_cat=velos"},{"@type":"ListItem","position":4,"name":"VTT \u00e9lectriques","item":"https:\/\/e-veloboutique.fr\/?product_cat=vtt-electrique-tout-terrain-a-moteur-puissant"},{"@type":"ListItem","position":5,"name":"Vtt \u00e9lectrique Bmc fourstroke amp lt three"}]},{"@type":"WebSite","@id":"https:\/\/e-veloboutique.fr\/#website","url":"https:\/\/e-veloboutique.fr\/","name":"E-velos","description":"","publisher":{"@id":"https:\/\/e-veloboutique.fr\/#organization"},"potentialAction":[{"@type":"SearchAction","target":{"@type":"EntryPoint","urlTemplate":"https:\/\/e-veloboutique.fr\/?s={search_term_string}"},"query-input":{"@type":"PropertyValueSpecification","valueRequired":true,"valueName":"search_term_string"}}],"inLanguage":"fr-FR"},{"@type":"Organization","@id":"https:\/\/e-veloboutique.fr\/#organization","name":"e-veloboutique.fr","url":"https:\/\/e-veloboutique.fr\/","logo":{"@type":"ImageObject","inLanguage":"fr-FR","@id":"https:\/\/e-veloboutique.fr\/#\/schema\/logo\/image\/","url":"https:\/\/e-veloboutique.fr\/wp-content\/uploads\/2024\/12\/evelos-boutique.jpg","contentUrl":"https:\/\/e-veloboutique.fr\/wp-content\/uploads\/2024\/12\/evelos-boutique.jpg","width":75,"height":75,"caption":"e-veloboutique.fr"},"image":{"@id":"https:\/\/e-veloboutique.fr\/#\/schema\/logo\/image\/"}}]}},"_links":{"self":[{"href":"https:\/\/e-veloboutique.fr\/index.php?rest_route=\/wp\/v2\/product\/2275","targetHints":{"allow":["GET"]}}],"collection":[{"href":"https:\/\/e-veloboutique.fr\/index.php?rest_route=\/wp\/v2\/product"}],"about":[{"href":"https:\/\/e-veloboutique.fr\/index.php?rest_route=\/wp\/v2\/types\/product"}],"replies":[{"embeddable":true,"href":"https:\/\/e-veloboutique.fr\/index.php?rest_route=%2Fwp%2Fv2%2Fcomments&post=2275"}],"version-history":[{"count":0,"href":"https:\/\/e-veloboutique.fr\/index.php?rest_route=\/wp\/v2\/product\/2275\/revisions"}],"wp:featuredmedia":[{"embeddable":true,"href":"https:\/\/e-veloboutique.fr\/index.php?rest_route=\/wp\/v2\/media\/2276"}],"wp:attachment":[{"href":"https:\/\/e-veloboutique.fr\/index.php?rest_route=%2Fwp%2Fv2%2Fmedia&parent=2275"}],"wp:term":[{"taxonomy":"product_brand","embeddable":true,"href":"https:\/\/e-veloboutique.fr\/index.php?rest_route=%2Fwp%2Fv2%2Fproduct_brand&post=2275"},{"taxonomy":"product_cat","embeddable":true,"href":"https:\/\/e-veloboutique.fr\/index.php?rest_route=%2Fwp%2Fv2%2Fproduct_cat&post=2275"},{"taxonomy":"product_tag","embeddable":true,"href":"https:\/\/e-veloboutique.fr\/index.php?rest_route=%2Fwp%2Fv2%2Fproduct_tag&post=2275"}],"curies":[{"name":"wp","href":"https:\/\/api.w.org\/{rel}","templated":true}]}}