{"id":27578,"date":"2025-06-12T15:47:06","date_gmt":"2025-06-12T15:47:06","guid":{"rendered":"https:\/\/e-veloboutique.fr\/home\/non%20class\u00e9\/produit-reconditionne-%c2%b7-cannondale-habit-neo-3-carbon-nx-2020-velo-vtt-cannondale-tres-bon-etat-4\/"},"modified":"2025-11-12T15:21:35","modified_gmt":"2025-11-12T15:21:35","slug":"vtt-cannondale-autonomie-puissante-habit-neo-3-625-wh-2020","status":"publish","type":"product","link":"https:\/\/e-veloboutique.fr\/?product=vtt-cannondale-autonomie-puissante-habit-neo-3-625-wh-2020","title":{"rendered":"VTT \u00c9lectrique Tout-Suspendu Cannondale Habit Neo 3 Carbon NX\/630 Wh (2020)"},"content":{"rendered":"<h2 data-start=\"622\" data-end=\"668\">3. Description d\u00e9taill\u00e9e technique et usage<\/h2>\n<p>&nbsp;<\/p>\n<p data-start=\"670\" data-end=\"1159\">Le <strong data-start=\"673\" data-end=\"752\"><a href=\"https:\/\/e-veloboutique.fr\/vtt-electrique-tout-suspendu-notre-selection-des-10-modeles-phares\/\">VTT \u00c9lectrique Tout-Suspendu<\/a> Cannondale Habit Neo 3 Carbon NX\/630 Wh (2020)<\/strong> incarne l\u2019\u00e9quilibre id\u00e9al entre performance, autonomie et plaisir. Ce tout-suspendu (Full Suspension) de montagne est con\u00e7u pour les sentiers techniques. Gr\u00e2ce \u00e0 une <strong data-start=\"919\" data-end=\"942\">autonomie puissante<\/strong> prodigu\u00e9e par la batterie Bosch PowerTube de 625 Wh et le moteur Bosch Performance Line CX, vous b\u00e9n\u00e9ficiez d\u2019un rayon d\u2019action important jusqu\u2019\u00e0 environ 100 km selon le terrain .<\/p>\n<p data-start=\"1161\" data-end=\"1467\">Sa g\u00e9om\u00e9trie <strong data-start=\"1174\" data-end=\"1199\">Proportional Response<\/strong>, sur-mesure selon la taille du cadre, assure un comportement pr\u00e9cis en mont\u00e9e comme en descente . Le cadre BallisTec Carbon avant et aluminium SmartForm arri\u00e8re allient l\u00e9g\u00e8ret\u00e9 et robustesse .<\/p>\n<p data-start=\"1469\" data-end=\"1778\">Parfait pour les pratiquants cherchant une assistance fiable pour affronter les mont\u00e9es raides, tout en conservant la maniabilit\u00e9 pour les descentes rapides. Sa transmission 12 vitesses Shimano Deore\/SLX et ses freins Magura MTThirty garantissent performance et ma\u00eetrise .<\/p>\n<h2 data-start=\"1785\" data-end=\"1808\"><\/h2>\n<h2 data-start=\"1785\" data-end=\"1808\">4. Tableau technique<\/h2>\n<div class=\"_tableContainer_1rjym_1\">\n<div class=\"_tableWrapper_1rjym_13 group flex w-fit flex-col-reverse\" tabindex=\"-1\">\n<table class=\"w-fit min-w-(--thread-content-width)\" data-start=\"1810\" data-end=\"2167\">\n<thead data-start=\"1810\" data-end=\"1844\">\n<tr data-start=\"1810\" data-end=\"1844\">\n<th data-start=\"1810\" data-end=\"1827\" data-col-size=\"sm\">\u00c9l\u00e9ment<\/th>\n<th data-start=\"1827\" data-end=\"1844\" data-col-size=\"md\">Sp\u00e9cification<\/th>\n<\/tr>\n<\/thead>\n<tbody data-start=\"1880\" data-end=\"2167\">\n<tr data-start=\"1880\" data-end=\"1934\">\n<td data-start=\"1880\" data-end=\"1902\" data-col-size=\"sm\"><strong data-start=\"1882\" data-end=\"1901\">Type de produit<\/strong><\/td>\n<td data-start=\"1902\" data-end=\"1934\" data-col-size=\"md\"><a href=\"https:\/\/e-veloboutique.fr\/vtt-electrique-le-guide-complet-2025-pour-bien-choisir\/\">VTT \u00c9lectrique Tout-Suspendu<\/a><\/td>\n<\/tr>\n<tr data-start=\"1935\" data-end=\"2048\">\n<td data-start=\"1935\" data-end=\"1957\" data-col-size=\"sm\"><strong data-start=\"1937\" data-end=\"1948\">Tailles<\/strong><\/td>\n<td data-col-size=\"md\" data-start=\"1957\" data-end=\"2048\">XS, S, M, L, XL (g\u00e9om\u00e9trie Proportional Response)<\/td>\n<\/tr>\n<tr data-start=\"2049\" data-end=\"2167\">\n<td data-start=\"2049\" data-end=\"2071\" data-col-size=\"sm\"><strong data-start=\"2051\" data-end=\"2061\">Moteur<\/strong><\/td>\n<td data-start=\"2071\" data-end=\"2167\" data-col-size=\"md\">Bosch Performance Line CX 250 W, couple jusqu\u2019\u00e0 ~85 Nm<\/td>\n<\/tr>\n<\/tbody>\n<\/table>\n<\/div>\n<\/div>\n<div><img fetchpriority=\"high\" decoding=\"async\" class=\"bg-token-main-surface-tertiary m-0 h-full w-full object-cover alignnone\" src=\"https:\/\/embed.widencdn.net\/img\/dorelrl\/pubnmx74zg\/2000px%401x\/C21_C65351M_Habit_Neo_3_ELB_PD.png\" alt=\"VTT Cannondale autonomie puissante\" width=\"758\" height=\"422\" \/><\/div>\n<p data-start=\"2211\" data-end=\"3056\">|<br \/>\n| <strong data-start=\"2215\" data-end=\"2224\">Cadre<\/strong> | BallisTec Carbon triangle avant, alu SmartForm C1 arri\u00e8re, batterie PowerTube 625 Wh, Ai offset \u00a0|<br \/>\n| <strong data-start=\"2375\" data-end=\"2386\">Fourche<\/strong> | RockShox Yari RC 140 mm travel \u00a0|<br \/>\n| <strong data-start=\"2470\" data-end=\"2479\">Roues<\/strong> | 29\u2033, jantes WTB ST i30 TCS, moyeux Formula front\/rear, rayons DT Swiss Champion \u00a0|<br \/>\n| <strong data-start=\"2616\" data-end=\"2625\">Pneus<\/strong> | Maxxis Dissector (AV) &amp; Rekon (AR) 29\u00d72.6\u2033 tubeless ready \u00a0|<br \/>\n| <strong data-start=\"2740\" data-end=\"2752\">Cassette<\/strong> | Shimano Deore M6100 10-51, 12-vitesses \u00a0|<br \/>\n| <strong data-start=\"2845\" data-end=\"2857\">P\u00e9dalier<\/strong> | FSA Bosch E-Bike Ai offset, 34T |<br \/>\n| <strong data-start=\"2943\" data-end=\"2957\">D\u00e9railleur<\/strong> | Arri\u00e8re Shimano SLX 12 vitesses \u2013 fiabilit\u00e9 trail<\/p>\n<div><img decoding=\"async\" class=\"bg-token-main-surface-tertiary m-0 h-full w-full object-cover alignright\" src=\"https:\/\/embed.widencdn.net\/img\/dorelrl\/pubnmx74zg\/2000px%401x\/C21_C65351M_Habit_Neo_3_ELB_PD.png\" alt=\"VTT Cannondale autonomie puissante\" width=\"300\" height=\"167\" \/><\/div>\n<p data-start=\"3102\" data-end=\"3345\">|<br \/>\n| <strong data-start=\"3106\" data-end=\"3118\">Manettes<\/strong> | Shimano Deore M6100, 12 vitesses \u00a0|<br \/>\n| <strong data-start=\"3205\" data-end=\"3215\">Freins<\/strong> | Magura MTThirty, hydrauliques (4-piston AV, 2-piston AR), disques 220\/203 mm<\/p>\n<div><img decoding=\"async\" class=\"bg-token-main-surface-tertiary m-0 h-full w-full object-cover alignright\" src=\"https:\/\/embed.widencdn.net\/img\/dorelrl\/pubnmx74zg\/2000px%401x\/C21_C65351M_Habit_Neo_3_ELB_PD.png\" alt=\"VTT Cannondale autonomie puissante\" width=\"300\" height=\"167\" \/><\/div>\n<p data-start=\"3391\" data-end=\"3982\">|<br \/>\n| <strong data-start=\"3395\" data-end=\"3404\">Selle<\/strong> | Fabric Scoop Shallow Sport avec rails acier \u00a0|<br \/>\n| <strong data-start=\"3505\" data-end=\"3522\">Tige de selle<\/strong> | TranzX dropper interne, 125-130 mm selon taille \u00a0|<br \/>\n| <strong data-start=\"3619\" data-end=\"3630\">Potence<\/strong> | Cannondale 3, alliage 6061, 0\u00b0 \u00a0|<br \/>\n| <strong data-start=\"3716\" data-end=\"3726\">Cintre<\/strong> | Cannondale 3 Riser, alliage 6061, 780 mm, sweep 8\u00b0, rise 15 mm \u00a0|<br \/>\n| <strong data-start=\"3845\" data-end=\"3857\">Batterie<\/strong> | Bosch PowerTube 625 Wh, 36 V environ \u2013 int\u00e9gr\u00e9e, prot\u00e9g\u00e9e et rechargeable<\/p>\n<p data-start=\"3391\" data-end=\"3982\">| <strong data-start=\"4032\" data-end=\"4045\">Affichage<\/strong> | Bosch Purion \u2013 simple et fonctionnel \u00a0|<br \/>\n| <strong data-start=\"4135\" data-end=\"4155\">Mati\u00e8re du cadre<\/strong>| Carbone\/Aluminium mix (voir plus haut) \u00a0|<br \/>\n| <strong data-start=\"4240\" data-end=\"4257\">Gamme \/ Ann\u00e9e<\/strong> | Habit Neo 3 \u2013 2020 \u2013 Full e-Mountain Trail \u00a0|<\/p>\n<h2 data-start=\"4353\" data-end=\"4445\"><\/h2>\n<h2 data-start=\"4353\" data-end=\"4445\">5. Tableau comparatif avec 2 mod\u00e8les concurrents similaires (prix constructeur conseill\u00e9)<\/h2>\n<div class=\"_tableContainer_1rjym_1\">\n<div class=\"_tableWrapper_1rjym_13 group flex w-fit flex-col-reverse\" tabindex=\"-1\">\n<table class=\"w-fit min-w-(--thread-content-width)\" data-start=\"4447\" data-end=\"5220\">\n<thead data-start=\"4447\" data-end=\"4600\">\n<tr data-start=\"4447\" data-end=\"4600\">\n<th data-start=\"4447\" data-end=\"4479\" data-col-size=\"sm\">Mod\u00e8le<\/th>\n<th data-start=\"4479\" data-end=\"4503\" data-col-size=\"sm\">Moteur<\/th>\n<th data-start=\"4503\" data-end=\"4518\" data-col-size=\"sm\">Batterie<\/th>\n<th data-start=\"4518\" data-end=\"4541\" data-col-size=\"sm\">Transmission<\/th>\n<th data-start=\"4541\" data-end=\"4563\" data-col-size=\"sm\">Suspension<\/th>\n<th data-start=\"4563\" data-end=\"4578\" data-col-size=\"sm\">Poids estim\u00e9<\/th>\n<th data-start=\"4578\" data-end=\"4600\" data-col-size=\"sm\">Prix TTC conseill\u00e9<\/th>\n<\/tr>\n<\/thead>\n<tbody data-start=\"4756\" data-end=\"5220\">\n<tr data-start=\"4756\" data-end=\"4910\">\n<td data-start=\"4756\" data-end=\"4787\" data-col-size=\"sm\"><strong data-start=\"4758\" data-end=\"4784\">Cannondale Habit Neo 3<\/strong><\/td>\n<td data-start=\"4787\" data-end=\"4812\" data-col-size=\"sm\"><a href=\"https:\/\/e-veloboutique.fr\/home\/pieces-detachees\/moteur-de-velo-electrique-puissant\/le-moteur-velos-haute-performance-bosch-performance-line-cx-smart-system\/\">Bosch Performance CX<\/a><\/td>\n<td data-start=\"4812\" data-end=\"4827\" data-col-size=\"sm\">625 Wh<\/td>\n<td data-start=\"4827\" data-end=\"4851\" data-col-size=\"sm\">Shimano Deore\/SLX 12v<\/td>\n<td data-col-size=\"sm\" data-start=\"4851\" data-end=\"4874\">130 mm AR, 140 mm AV<\/td>\n<td data-col-size=\"sm\" data-start=\"4874\" data-end=\"4888\">\u2248 23\u201324 kg*<\/td>\n<td data-col-size=\"sm\" data-start=\"4888\" data-end=\"4910\">~4 499 \u20ac (PCC)<\/td>\n<\/tr>\n<tr data-start=\"4911\" data-end=\"5065\">\n<td data-start=\"4911\" data-end=\"4944\" data-col-size=\"sm\">Specialized Turbo Levo SL 2020<\/td>\n<td data-col-size=\"sm\" data-start=\"4944\" data-end=\"4971\">Specialized SL 1.1 240 W<\/td>\n<td data-col-size=\"sm\" data-start=\"4971\" data-end=\"4982\">320 Wh<\/td>\n<td data-col-size=\"sm\" data-start=\"4982\" data-end=\"5006\">SRAM NX Eagle 12v<\/td>\n<td data-col-size=\"sm\" data-start=\"5006\" data-end=\"5029\">150 mm AR\/AV<\/td>\n<td data-col-size=\"sm\" data-start=\"5029\" data-end=\"5043\">\u2248 17 kg<\/td>\n<td data-col-size=\"sm\" data-start=\"5043\" data-end=\"5065\">~6 000 \u20ac<\/td>\n<\/tr>\n<tr data-start=\"5066\" data-end=\"5220\">\n<td data-start=\"5066\" data-end=\"5097\" data-col-size=\"sm\">Trek Rail 5 2020<\/td>\n<td data-start=\"5097\" data-end=\"5122\" data-col-size=\"sm\"><a href=\"https:\/\/e-veloboutique.fr\/home\/pieces-detachees\/moteur-de-velo-electrique-puissant\/le-moteur-velos-haute-performance-bosch-performance-line-cx-smart-system\/\">Bosch Performance CX<\/a><\/td>\n<td data-start=\"5122\" data-end=\"5137\" data-col-size=\"sm\">625 Wh<\/td>\n<td data-col-size=\"sm\" data-start=\"5137\" data-end=\"5161\">Shimano Deore 12v<\/td>\n<td data-col-size=\"sm\" data-start=\"5161\" data-end=\"5184\">150 mm AR\/AV<\/td>\n<td data-col-size=\"sm\" data-start=\"5184\" data-end=\"5198\">\u2248 24 kg<\/td>\n<td data-col-size=\"sm\" data-start=\"5198\" data-end=\"5220\">~5 999 \u20ac<\/td>\n<\/tr>\n<\/tbody>\n<\/table>\n<\/div>\n<\/div>\n<p data-start=\"5222\" data-end=\"5341\">*Poids estim\u00e9 via sources similaires . Prix constructeur approximatif (France).<\/p>\n<h2 data-start=\"5348\" data-end=\"5383\"><\/h2>\n<h2 data-start=\"5348\" data-end=\"5383\">6. Conclusion &amp; Appel \u00e0 l\u2019action<\/h2>\n<p data-start=\"5385\" data-end=\"5867\">Le <strong data-start=\"5388\" data-end=\"5443\">VTT Cannondale autonomie puissante Habit Neo 3 2020<\/strong> incarne l\u2019\u00e9quilibre parfait entre performance, robustesse et autonomie. Son moteur Bosch puissant, la batterie 625 Wh, la suspension tout-suspendu et la g\u00e9om\u00e9trie Proportional Response en font un choix id\u00e9al pour les passionn\u00e9s de trail exigeants. Si vous recherchez un VTT \u00e9lectrique fun, agile, et capable d\u2019encha\u00eener les kilom\u00e8tres, ne cherchez plus : <strong data-start=\"5799\" data-end=\"5842\">commandez d\u00e8s maintenant le Habit Neo 3<\/strong>, vous ne serez pas d\u00e9\u00e7u.<\/p>\n<h2 data-start=\"5874\" data-end=\"5883\"><\/h2>\n<h2 data-start=\"5874\" data-end=\"5883\">7. FAQ<\/h2>\n<p data-start=\"5885\" data-end=\"6065\"><strong data-start=\"5885\" data-end=\"5932\">Q1 : Quelle est l\u2019autonomie r\u00e9elle du VTT ?<\/strong><br data-start=\"5932\" data-end=\"5935\" \/>R : En usage mixte, comptez jusqu\u2019\u00e0 100 km selon pilotage, niveau d\u2019assistance et terrain.<\/p>\n<p data-start=\"6067\" data-end=\"6197\"><strong data-start=\"6067\" data-end=\"6107\">Q2 : Peut-on remplacer la batterie ?<\/strong><br data-start=\"6107\" data-end=\"6110\" \/>R : Oui, la batterie Bosch PowerTube est rempla\u00e7able par un revendeur Cannondale agr\u00e9\u00e9.<\/p>\n<p data-start=\"6199\" data-end=\"6358\"><strong data-start=\"6199\" data-end=\"6231\">Q3 : Quelle taille choisir ?<\/strong><br data-start=\"6231\" data-end=\"6234\" \/>R : La g\u00e9om\u00e9trie Proportional Response adapte la suspension \u00e0 chaque taille (XS-XL) .<\/p>\n<p data-start=\"6360\" data-end=\"6523\"><strong data-start=\"6360\" data-end=\"6409\">Q4 : Ce VTT est-il adapt\u00e9 aux trail engag\u00e9s ?<\/strong><br data-start=\"6409\" data-end=\"6412\" \/>R : Oui, avec 140 mm de d\u00e9battement AV\/130 mm AR, c\u2019est un v\u00e9lo trail performant pour les descentes techniques.<\/p>\n<p>Views: 2<\/p>","protected":false},"excerpt":{"rendered":"<ol data-start=\"6586\" data-end=\"6985\">\n<li data-start=\"6586\" data-end=\"6701\">\n<p data-start=\"6589\" data-end=\"6701\"><span style=\"color: #808000;\"><strong data-start=\"6589\" data-end=\"6613\">Puissant et autonome<\/strong> : moteur Bosch Performance CX + batterie 625 Wh \u2013 VTT Cannondale autonomie puissante.<\/span><\/p>\n<\/li>\n<li data-start=\"6702\" data-end=\"6801\">\n<p data-start=\"6705\" data-end=\"6801\"><span style=\"color: #808000;\"><strong data-start=\"6705\" data-end=\"6728\">Tout-suspendu agile<\/strong> : d\u00e9battement 130 mm AR \/ 140 mm AV + g\u00e9om\u00e9trie Proportional Response.<\/span><\/p>\n<\/li>\n<li data-start=\"6802\" data-end=\"6887\">\n<p data-start=\"6805\" data-end=\"6887\"><span style=\"color: #808000;\"><strong data-start=\"6805\" data-end=\"6828\">Transmission fiable<\/strong> : Shimano Deore\/SLX 12 vitesses, freins Magura MTThirty.<\/span><\/p>\n<\/li>\n<li data-start=\"6888\" data-end=\"6985\">\n<p data-start=\"6891\" data-end=\"6985\"><span style=\"color: #808000;\"><strong data-start=\"6891\" data-end=\"6921\">Construction haut de gamme<\/strong> : cadre BallisTec Carbon &amp; alu, Ai offset, composants robustes.<\/span><\/p>\n<\/li>\n<\/ol>\n","protected":false},"featured_media":26299,"comment_status":"open","ping_status":"closed","template":"","meta":[],"product_brand":[],"product_cat":[17,249,25],"product_tag":[],"class_list":{"0":"post-27578","1":"product","2":"type-product","3":"status-publish","4":"has-post-thumbnail","6":"product_cat-velos","7":"product_cat-vtt-electrique-tout-suspendu","8":"product_cat-vtt-electrique-tout-terrain-a-moteur-puissant","10":"first","11":"instock","12":"sale","13":"taxable","14":"shipping-taxable","15":"purchasable","16":"product-type-variable"},"yoast_head":"<!-- This site is optimized with the Yoast SEO plugin v27.5 - https:\/\/yoast.com\/product\/yoast-seo-wordpress\/ -->\n<title>VTT Cannondale autonomie puissante \u2013 Habit Neo 3\/ 625Wh\/ 2020 - e-veloboutique.fr<\/title>\n<meta name=\"description\" content=\"D\u00e9couvrez le VTT Cannondale autonomie puissante Habit Neo 3 2020 \u2013 tout-suspendu performant avec moteur Bosch et batterie 625 Wh, prix promo 3299 \u20ac .\" \/>\n<meta name=\"robots\" content=\"index, follow, max-snippet:-1, max-image-preview:large, max-video-preview:-1\" \/>\n<link rel=\"canonical\" href=\"https:\/\/e-veloboutique.fr\/?product=vtt-cannondale-autonomie-puissante-habit-neo-3-625-wh-2020\" \/>\n<meta property=\"og:locale\" content=\"fr_FR\" \/>\n<meta property=\"og:type\" content=\"article\" \/>\n<meta property=\"og:title\" content=\"VTT Cannondale autonomie puissante \u2013 Habit Neo 3\/ 625Wh\/ 2020 - e-veloboutique.fr\" \/>\n<meta property=\"og:description\" content=\"D\u00e9couvrez le VTT Cannondale autonomie puissante Habit Neo 3 2020 \u2013 tout-suspendu performant avec moteur Bosch et batterie 625 Wh, prix promo 3299 \u20ac .\" \/>\n<meta property=\"og:url\" content=\"https:\/\/e-veloboutique.fr\/?product=vtt-cannondale-autonomie-puissante-habit-neo-3-625-wh-2020\" \/>\n<meta property=\"og:site_name\" content=\"e-veloboutique.fr\" \/>\n<meta property=\"article:modified_time\" content=\"2025-11-12T15:21:35+00:00\" \/>\n<meta property=\"og:image\" content=\"https:\/\/e-veloboutique.fr\/wp-content\/uploads\/2025\/06\/PRODUI1-3.jpg\" \/>\n\t<meta property=\"og:image:width\" content=\"546\" \/>\n\t<meta property=\"og:image:height\" content=\"408\" \/>\n\t<meta property=\"og:image:type\" content=\"image\/jpeg\" \/>\n<meta name=\"twitter:card\" content=\"summary_large_image\" \/>\n<meta name=\"twitter:label1\" content=\"Dur\u00e9e de lecture estim\u00e9e\" \/>\n\t<meta name=\"twitter:data1\" content=\"5 minutes\" \/>\n<script type=\"application\/ld+json\" class=\"yoast-schema-graph\">{\"@context\":\"https:\\\/\\\/schema.org\",\"@graph\":[{\"@type\":\"WebPage\",\"@id\":\"https:\\\/\\\/e-veloboutique.fr\\\/?product=vtt-cannondale-autonomie-puissante-habit-neo-3-625-wh-2020\",\"url\":\"https:\\\/\\\/e-veloboutique.fr\\\/?product=vtt-cannondale-autonomie-puissante-habit-neo-3-625-wh-2020\",\"name\":\"VTT Cannondale autonomie puissante \u2013 Habit Neo 3\\\/ 625Wh\\\/ 2020 - e-veloboutique.fr\",\"isPartOf\":{\"@id\":\"https:\\\/\\\/e-veloboutique.fr\\\/#website\"},\"primaryImageOfPage\":{\"@id\":\"https:\\\/\\\/e-veloboutique.fr\\\/?product=vtt-cannondale-autonomie-puissante-habit-neo-3-625-wh-2020#primaryimage\"},\"image\":{\"@id\":\"https:\\\/\\\/e-veloboutique.fr\\\/?product=vtt-cannondale-autonomie-puissante-habit-neo-3-625-wh-2020#primaryimage\"},\"thumbnailUrl\":\"https:\\\/\\\/e-veloboutique.fr\\\/wp-content\\\/uploads\\\/2025\\\/06\\\/PRODUI1-3.jpg\",\"datePublished\":\"2025-06-12T15:47:06+00:00\",\"dateModified\":\"2025-11-12T15:21:35+00:00\",\"description\":\"D\u00e9couvrez le VTT Cannondale autonomie puissante Habit Neo 3 2020 \u2013 tout-suspendu performant avec moteur Bosch et batterie 625 Wh, prix promo 3299 \u20ac .\",\"breadcrumb\":{\"@id\":\"https:\\\/\\\/e-veloboutique.fr\\\/?product=vtt-cannondale-autonomie-puissante-habit-neo-3-625-wh-2020#breadcrumb\"},\"inLanguage\":\"fr-FR\",\"potentialAction\":[{\"@type\":\"ReadAction\",\"target\":[\"https:\\\/\\\/e-veloboutique.fr\\\/?product=vtt-cannondale-autonomie-puissante-habit-neo-3-625-wh-2020\"]}]},{\"@type\":\"ImageObject\",\"inLanguage\":\"fr-FR\",\"@id\":\"https:\\\/\\\/e-veloboutique.fr\\\/?product=vtt-cannondale-autonomie-puissante-habit-neo-3-625-wh-2020#primaryimage\",\"url\":\"https:\\\/\\\/e-veloboutique.fr\\\/wp-content\\\/uploads\\\/2025\\\/06\\\/PRODUI1-3.jpg\",\"contentUrl\":\"https:\\\/\\\/e-veloboutique.fr\\\/wp-content\\\/uploads\\\/2025\\\/06\\\/PRODUI1-3.jpg\",\"width\":546,\"height\":408,\"caption\":\"VTT Cannondale puissante autonomie\"},{\"@type\":\"BreadcrumbList\",\"@id\":\"https:\\\/\\\/e-veloboutique.fr\\\/?product=vtt-cannondale-autonomie-puissante-habit-neo-3-625-wh-2020#breadcrumb\",\"itemListElement\":[{\"@type\":\"ListItem\",\"position\":1,\"name\":\"Accueil\",\"item\":\"https:\\\/\\\/e-veloboutique.fr\\\/\"},{\"@type\":\"ListItem\",\"position\":2,\"name\":\"Produits\",\"item\":\"https:\\\/\\\/e-veloboutique.fr\\\/shop\\\/\"},{\"@type\":\"ListItem\",\"position\":3,\"name\":\"V\u00e9los \u00e9lectriques\",\"item\":\"https:\\\/\\\/e-veloboutique.fr\\\/?product_cat=velos\"},{\"@type\":\"ListItem\",\"position\":4,\"name\":\"VTT \u00c9lectrique Tout-Suspendu Cannondale Habit Neo 3 Carbon NX\\\/630 Wh (2020)\"}]},{\"@type\":\"WebSite\",\"@id\":\"https:\\\/\\\/e-veloboutique.fr\\\/#website\",\"url\":\"https:\\\/\\\/e-veloboutique.fr\\\/\",\"name\":\"E-velos\",\"description\":\"\",\"publisher\":{\"@id\":\"https:\\\/\\\/e-veloboutique.fr\\\/#organization\"},\"potentialAction\":[{\"@type\":\"SearchAction\",\"target\":{\"@type\":\"EntryPoint\",\"urlTemplate\":\"https:\\\/\\\/e-veloboutique.fr\\\/?s={search_term_string}\"},\"query-input\":{\"@type\":\"PropertyValueSpecification\",\"valueRequired\":true,\"valueName\":\"search_term_string\"}}],\"inLanguage\":\"fr-FR\"},{\"@type\":\"Organization\",\"@id\":\"https:\\\/\\\/e-veloboutique.fr\\\/#organization\",\"name\":\"e-veloboutique.fr\",\"url\":\"https:\\\/\\\/e-veloboutique.fr\\\/\",\"logo\":{\"@type\":\"ImageObject\",\"inLanguage\":\"fr-FR\",\"@id\":\"https:\\\/\\\/e-veloboutique.fr\\\/#\\\/schema\\\/logo\\\/image\\\/\",\"url\":\"https:\\\/\\\/e-veloboutique.fr\\\/wp-content\\\/uploads\\\/2024\\\/12\\\/evelos-boutique.jpg\",\"contentUrl\":\"https:\\\/\\\/e-veloboutique.fr\\\/wp-content\\\/uploads\\\/2024\\\/12\\\/evelos-boutique.jpg\",\"width\":75,\"height\":75,\"caption\":\"e-veloboutique.fr\"},\"image\":{\"@id\":\"https:\\\/\\\/e-veloboutique.fr\\\/#\\\/schema\\\/logo\\\/image\\\/\"}}]}<\/script>\n<!-- \/ Yoast SEO plugin. -->","yoast_head_json":{"title":"VTT Cannondale autonomie puissante \u2013 Habit Neo 3\/ 625Wh\/ 2020 - e-veloboutique.fr","description":"D\u00e9couvrez le VTT Cannondale autonomie puissante Habit Neo 3 2020 \u2013 tout-suspendu performant avec moteur Bosch et batterie 625 Wh, prix promo 3299 \u20ac .","robots":{"index":"index","follow":"follow","max-snippet":"max-snippet:-1","max-image-preview":"max-image-preview:large","max-video-preview":"max-video-preview:-1"},"canonical":"https:\/\/e-veloboutique.fr\/?product=vtt-cannondale-autonomie-puissante-habit-neo-3-625-wh-2020","og_locale":"fr_FR","og_type":"article","og_title":"VTT Cannondale autonomie puissante \u2013 Habit Neo 3\/ 625Wh\/ 2020 - e-veloboutique.fr","og_description":"D\u00e9couvrez le VTT Cannondale autonomie puissante Habit Neo 3 2020 \u2013 tout-suspendu performant avec moteur Bosch et batterie 625 Wh, prix promo 3299 \u20ac .","og_url":"https:\/\/e-veloboutique.fr\/?product=vtt-cannondale-autonomie-puissante-habit-neo-3-625-wh-2020","og_site_name":"e-veloboutique.fr","article_modified_time":"2025-11-12T15:21:35+00:00","og_image":[{"width":546,"height":408,"url":"https:\/\/e-veloboutique.fr\/wp-content\/uploads\/2025\/06\/PRODUI1-3.jpg","type":"image\/jpeg"}],"twitter_card":"summary_large_image","twitter_misc":{"Dur\u00e9e de lecture estim\u00e9e":"5 minutes"},"schema":{"@context":"https:\/\/schema.org","@graph":[{"@type":"WebPage","@id":"https:\/\/e-veloboutique.fr\/?product=vtt-cannondale-autonomie-puissante-habit-neo-3-625-wh-2020","url":"https:\/\/e-veloboutique.fr\/?product=vtt-cannondale-autonomie-puissante-habit-neo-3-625-wh-2020","name":"VTT Cannondale autonomie puissante \u2013 Habit Neo 3\/ 625Wh\/ 2020 - e-veloboutique.fr","isPartOf":{"@id":"https:\/\/e-veloboutique.fr\/#website"},"primaryImageOfPage":{"@id":"https:\/\/e-veloboutique.fr\/?product=vtt-cannondale-autonomie-puissante-habit-neo-3-625-wh-2020#primaryimage"},"image":{"@id":"https:\/\/e-veloboutique.fr\/?product=vtt-cannondale-autonomie-puissante-habit-neo-3-625-wh-2020#primaryimage"},"thumbnailUrl":"https:\/\/e-veloboutique.fr\/wp-content\/uploads\/2025\/06\/PRODUI1-3.jpg","datePublished":"2025-06-12T15:47:06+00:00","dateModified":"2025-11-12T15:21:35+00:00","description":"D\u00e9couvrez le VTT Cannondale autonomie puissante Habit Neo 3 2020 \u2013 tout-suspendu performant avec moteur Bosch et batterie 625 Wh, prix promo 3299 \u20ac .","breadcrumb":{"@id":"https:\/\/e-veloboutique.fr\/?product=vtt-cannondale-autonomie-puissante-habit-neo-3-625-wh-2020#breadcrumb"},"inLanguage":"fr-FR","potentialAction":[{"@type":"ReadAction","target":["https:\/\/e-veloboutique.fr\/?product=vtt-cannondale-autonomie-puissante-habit-neo-3-625-wh-2020"]}]},{"@type":"ImageObject","inLanguage":"fr-FR","@id":"https:\/\/e-veloboutique.fr\/?product=vtt-cannondale-autonomie-puissante-habit-neo-3-625-wh-2020#primaryimage","url":"https:\/\/e-veloboutique.fr\/wp-content\/uploads\/2025\/06\/PRODUI1-3.jpg","contentUrl":"https:\/\/e-veloboutique.fr\/wp-content\/uploads\/2025\/06\/PRODUI1-3.jpg","width":546,"height":408,"caption":"VTT Cannondale puissante autonomie"},{"@type":"BreadcrumbList","@id":"https:\/\/e-veloboutique.fr\/?product=vtt-cannondale-autonomie-puissante-habit-neo-3-625-wh-2020#breadcrumb","itemListElement":[{"@type":"ListItem","position":1,"name":"Accueil","item":"https:\/\/e-veloboutique.fr\/"},{"@type":"ListItem","position":2,"name":"Produits","item":"https:\/\/e-veloboutique.fr\/shop\/"},{"@type":"ListItem","position":3,"name":"V\u00e9los \u00e9lectriques","item":"https:\/\/e-veloboutique.fr\/?product_cat=velos"},{"@type":"ListItem","position":4,"name":"VTT \u00c9lectrique Tout-Suspendu Cannondale Habit Neo 3 Carbon NX\/630 Wh (2020)"}]},{"@type":"WebSite","@id":"https:\/\/e-veloboutique.fr\/#website","url":"https:\/\/e-veloboutique.fr\/","name":"E-velos","description":"","publisher":{"@id":"https:\/\/e-veloboutique.fr\/#organization"},"potentialAction":[{"@type":"SearchAction","target":{"@type":"EntryPoint","urlTemplate":"https:\/\/e-veloboutique.fr\/?s={search_term_string}"},"query-input":{"@type":"PropertyValueSpecification","valueRequired":true,"valueName":"search_term_string"}}],"inLanguage":"fr-FR"},{"@type":"Organization","@id":"https:\/\/e-veloboutique.fr\/#organization","name":"e-veloboutique.fr","url":"https:\/\/e-veloboutique.fr\/","logo":{"@type":"ImageObject","inLanguage":"fr-FR","@id":"https:\/\/e-veloboutique.fr\/#\/schema\/logo\/image\/","url":"https:\/\/e-veloboutique.fr\/wp-content\/uploads\/2024\/12\/evelos-boutique.jpg","contentUrl":"https:\/\/e-veloboutique.fr\/wp-content\/uploads\/2024\/12\/evelos-boutique.jpg","width":75,"height":75,"caption":"e-veloboutique.fr"},"image":{"@id":"https:\/\/e-veloboutique.fr\/#\/schema\/logo\/image\/"}}]}},"_links":{"self":[{"href":"https:\/\/e-veloboutique.fr\/index.php?rest_route=\/wp\/v2\/product\/27578","targetHints":{"allow":["GET"]}}],"collection":[{"href":"https:\/\/e-veloboutique.fr\/index.php?rest_route=\/wp\/v2\/product"}],"about":[{"href":"https:\/\/e-veloboutique.fr\/index.php?rest_route=\/wp\/v2\/types\/product"}],"replies":[{"embeddable":true,"href":"https:\/\/e-veloboutique.fr\/index.php?rest_route=%2Fwp%2Fv2%2Fcomments&post=27578"}],"version-history":[{"count":3,"href":"https:\/\/e-veloboutique.fr\/index.php?rest_route=\/wp\/v2\/product\/27578\/revisions"}],"predecessor-version":[{"id":35408,"href":"https:\/\/e-veloboutique.fr\/index.php?rest_route=\/wp\/v2\/product\/27578\/revisions\/35408"}],"wp:featuredmedia":[{"embeddable":true,"href":"https:\/\/e-veloboutique.fr\/index.php?rest_route=\/wp\/v2\/media\/26299"}],"wp:attachment":[{"href":"https:\/\/e-veloboutique.fr\/index.php?rest_route=%2Fwp%2Fv2%2Fmedia&parent=27578"}],"wp:term":[{"taxonomy":"product_brand","embeddable":true,"href":"https:\/\/e-veloboutique.fr\/index.php?rest_route=%2Fwp%2Fv2%2Fproduct_brand&post=27578"},{"taxonomy":"product_cat","embeddable":true,"href":"https:\/\/e-veloboutique.fr\/index.php?rest_route=%2Fwp%2Fv2%2Fproduct_cat&post=27578"},{"taxonomy":"product_tag","embeddable":true,"href":"https:\/\/e-veloboutique.fr\/index.php?rest_route=%2Fwp%2Fv2%2Fproduct_tag&post=27578"}],"curies":[{"name":"wp","href":"https:\/\/api.w.org\/{rel}","templated":true}]}}