{"id":30250,"date":"2025-06-12T16:36:43","date_gmt":"2025-06-12T16:36:43","guid":{"rendered":"https:\/\/e-veloboutique.fr\/home\/non%20class\u00e9\/velo-ville-electrique-cube-kathmandu-hybrid-one-750-swampgreynblack-trapeze\/"},"modified":"2025-07-01T23:47:52","modified_gmt":"2025-07-01T23:47:52","slug":"velo-ville-electrique-cube-kathmandu-hybrid-one-750-swampgreynblack-trapeze","status":"publish","type":"product","link":"https:\/\/e-veloboutique.fr\/?product=velo-ville-electrique-cube-kathmandu-hybrid-one-750-swampgreynblack-trapeze","title":{"rendered":"V\u00e9lo ville \u00e9lectrique Cube kathmandu hybrid one 750 swampgrey\u00b4n\u00b4black trap\u00e8ze"},"content":{"rendered":"<h2 data-start=\"0\" data-end=\"135\"><strong data-start=\"0\" data-end=\"133\">V\u00e9lo ville \u00e9lectrique Cube Kathmandu Hybrid One 750 Swampgrey\u00b4n\u00b4black Trap\u00e8ze : un compagnon fiable pour tous les trajets urbains<\/strong><\/h2>\n<p data-start=\"137\" data-end=\"947\">Le <strong data-start=\"140\" data-end=\"221\"><a href=\"https:\/\/galerievelo.fr\/shop\/les-avantages-dun-velo-electrique-et-classique-galerievelo-fr\/velos-electriques-puissant-et-efficace-galerievelo-fr\/ville-urbain-electrique\/velo-ville-electrique-cube-nuride-hybrid-exc-625-allroad-sans-effort\/\">V\u00e9lo ville \u00e9lectrique Cube Kathmandu Hybrid One 750<\/a> Swampgrey\u00b4n\u00b4black Trap\u00e8ze<\/strong> est la solution id\u00e9ale pour ceux qui recherchent un <strong data-start=\"274\" data-end=\"308\">v\u00e9lo \u00e9lectrique usage intensif<\/strong> combinant confort, autonomie et robustesse. \u00c9quip\u00e9 d\u2019une batterie puissante Bosch PowerTube de 750 Wh et d\u2019un moteur Performance CX de quatri\u00e8me g\u00e9n\u00e9ration, ce mod\u00e8le se d\u00e9marque sur les trajets longs et exigeants. Il s\u2019adresse aussi bien aux navetteurs quotidiens qu\u2019aux amateurs de balades longues distances. Gr\u00e2ce \u00e0 son cadre trap\u00e8ze en aluminium hydroform\u00e9, il assure une excellente maniabilit\u00e9 tout en favorisant une position de conduite ergonomique. Ce <strong data-start=\"768\" data-end=\"797\">v\u00e9lo urbain haut de gamme<\/strong> int\u00e8gre des garde-boues, un porte-bagages int\u00e9gr\u00e9 et un \u00e9clairage performant, ce qui le rend parfaitement pr\u00eat \u00e0 l&#8217;emploi d\u00e8s sa sortie du magasin.<\/p>\n<p data-start=\"949\" data-end=\"1512\">Le rapport qualit\u00e9-prix est \u00e9galement un argument fort : pour un v\u00e9lo de cette gamme et de cette autonomie, il offre une solution performante et durable sans compromis. Id\u00e9al pour les d\u00e9placements quotidiens, les trajets domicile-travail, ou encore les sorties loisirs, ce <strong data-start=\"1222\" data-end=\"1258\">v\u00e9lo \u00e9lectrique grande autonomie<\/strong> est con\u00e7u pour r\u00e9sister \u00e0 une utilisation intensive, quelles que soient les conditions m\u00e9t\u00e9orologiques ou la topographie du terrain. Gr\u00e2ce \u00e0 son style sobre et moderne, il s\u00e9duit \u00e9galement les cyclistes \u00e0 la recherche d\u2019un design discret mais \u00e9l\u00e9gant.<\/p>\n<p data-start=\"1514\" data-end=\"1799\">En somme, le <a href=\"https:\/\/galerievelo.fr\/shop\/les-avantages-dun-velo-electrique-et-classique-galerievelo-fr\/velos-electriques-puissant-et-efficace-galerievelo-fr\/ville-urbain-electrique\/velo-ville-electrique-cube-nuride-hybrid-exc-625-allroad-sans-effort\/\">Cube Kathmandu Hybrid One 750<\/a> trap\u00e8ze se positionne comme un incontournable dans la cat\u00e9gorie des <strong data-start=\"1625\" data-end=\"1681\">v\u00e9los \u00e9lectriques performants pour ville et campagne<\/strong>, alliant technologie, fiabilit\u00e9 et confort d\u2019utilisation pour r\u00e9pondre aux attentes des cyclistes les plus exigeants.<\/p>\n<h3 data-start=\"1806\" data-end=\"1878\">Caract\u00e9ristiques Techniques du Cube Kathmandu Hybrid One 750 Trap\u00e8ze<\/h3>\n<p>&nbsp;<\/p>\n<table>\n<tbody>\n<tr>\n<td>\n<h5>Poids<\/h5>\n<\/td>\n<td>25 kg<\/td>\n<\/tr>\n<tr>\n<td>Tailles<\/td>\n<td>One Size<\/td>\n<\/tr>\n<tr>\n<td>Cadre<\/td>\n<td>Aluminium Superlite, Comfort Ride Geometry, Semi-Integrated Carrier, Front-Carrier Ready, Slider Dropout, Integrated Folding Technology, Carrying Handlebar<\/td>\n<\/tr>\n<tr>\n<td>Fourche<\/td>\n<td>Aluminium 20&Prime;<\/td>\n<\/tr>\n<tr>\n<td>Roues<\/td>\n<td>CUBE EX30, 32H, Disc, Tubeless Ready<\/td>\n<\/tr>\n<tr>\n<td>Pneus<\/td>\n<td>Schwalbe Super Moto-X, Double Defense, 62-406<\/td>\n<\/tr>\n<tr>\n<td>Cassette<\/td>\n<td>Shimano CS-HG500, 11-34T<\/td>\n<\/tr>\n<tr>\n<td>P\u00e9dalier<\/td>\n<td>ACID E-Crank, 165mm, 42T<\/td>\n<\/tr>\n<tr>\n<td>Freins<\/td>\n<td>Shimano BR-MT200, Hydr. Disc Brake (180\/180)<\/td>\n<\/tr>\n<tr>\n<td>Selle<\/td>\n<td>Natural Fit Sequence<\/td>\n<\/tr>\n<tr>\n<td>Tige de selle<\/td>\n<td>Satori Sorata 34,9mm, 280mm -440mm telescoping seatpost<\/td>\n<\/tr>\n<tr>\n<td>Manettes<\/td>\n<td>Shimano Tiagra SL-4700<\/td>\n<\/tr>\n<tr>\n<td>Potence<\/td>\n<td>Cube Folding Stem, Adjustable Length, 25,4mm Clamp<\/td>\n<\/tr>\n<tr>\n<td>Cintre<\/td>\n<td>CUBE Comfort Trail Bar, 680mm, 25,4mm<\/td>\n<\/tr>\n<tr>\n<td>Batterie<\/td>\n<td>Bosch PowerPack 500<\/td>\n<\/tr>\n<tr>\n<td>Moteur<\/td>\n<td>Bosch Drive Unit Active Plus Generation 3 (50Nm) Cruise (250Watt)<\/td>\n<\/tr>\n<tr>\n<td>Affichage<\/td>\n<td>Bosch Purion<\/td>\n<\/tr>\n<tr>\n<td>Mati\u00e8re du cadre<\/td>\n<td>Aluminium<\/td>\n<\/tr>\n<tr>\n<td>Gamme<\/td>\n<td>2023<\/td>\n<\/tr>\n<\/tbody>\n<\/table>\n<p>&nbsp;<\/p>\n<h3 data-start=\"3897\" data-end=\"3966\">Tableau comparatif : Cube Kathmandu Hybrid One 750 vs concurrents<\/h3>\n<div class=\"_tableContainer_16hzy_1\">\n<div class=\"_tableWrapper_16hzy_14 group flex w-fit flex-col-reverse\" tabindex=\"-1\">\n<table class=\"w-fit min-w-(--thread-content-width)\" data-start=\"3968\" data-end=\"5009\">\n<thead data-start=\"3968\" data-end=\"4137\">\n<tr data-start=\"3968\" data-end=\"4137\">\n<th data-start=\"3968\" data-end=\"4018\" data-col-size=\"sm\"><strong data-start=\"3970\" data-end=\"3980\">Mod\u00e8le<\/strong><\/th>\n<th data-start=\"4018\" data-end=\"4033\" data-col-size=\"sm\"><strong data-start=\"4020\" data-end=\"4032\">Prix (\u20ac)<\/strong><\/th>\n<th data-start=\"4033\" data-end=\"4051\" data-col-size=\"sm\"><strong data-start=\"4035\" data-end=\"4048\">Autonomie<\/strong><\/th>\n<th data-start=\"4051\" data-end=\"4072\" data-col-size=\"sm\"><strong data-start=\"4053\" data-end=\"4066\">Mat\u00e9riaux<\/strong><\/th>\n<th data-start=\"4072\" data-end=\"4137\" data-col-size=\"md\"><strong data-start=\"4074\" data-end=\"4090\">Sp\u00e9cificit\u00e9s<\/strong><\/th>\n<\/tr>\n<\/thead>\n<tbody data-start=\"4310\" data-end=\"5009\">\n<tr data-start=\"4310\" data-end=\"4484\">\n<td data-start=\"4310\" data-end=\"4360\" data-col-size=\"sm\"><strong data-start=\"4312\" data-end=\"4353\">Cube Kathmandu Hybrid One 750 Trap\u00e8ze<\/strong><\/td>\n<td data-start=\"4360\" data-end=\"4375\" data-col-size=\"sm\">3 399 \u20ac<\/td>\n<td data-start=\"4375\" data-end=\"4394\" data-col-size=\"sm\">Jusqu\u2019\u00e0 140 km<\/td>\n<td data-start=\"4394\" data-end=\"4417\" data-col-size=\"sm\">Aluminium l\u00e9ger<\/td>\n<td data-start=\"4417\" data-end=\"4484\" data-col-size=\"md\">Moteur Bosch CX, batterie 750 Wh, \u00e9quipement complet urbain<\/td>\n<\/tr>\n<tr data-start=\"4485\" data-end=\"4659\">\n<td data-start=\"4485\" data-end=\"4535\" data-col-size=\"sm\"><strong data-start=\"4487\" data-end=\"4517\">Moustache Samedi 28.5 Open<\/strong><\/td>\n<td data-start=\"4535\" data-end=\"4550\" data-col-size=\"sm\">3 699 \u20ac<\/td>\n<td data-start=\"4550\" data-end=\"4569\" data-col-size=\"sm\">Jusqu\u2019\u00e0 120 km<\/td>\n<td data-start=\"4569\" data-end=\"4592\" data-col-size=\"sm\">Aluminium hydroform\u00e9<\/td>\n<td data-start=\"4592\" data-end=\"4659\" data-col-size=\"md\">Moteur Bosch Active Plus, confort renforc\u00e9, design \u00e9pur\u00e9<\/td>\n<\/tr>\n<tr data-start=\"4660\" data-end=\"4834\">\n<td data-start=\"4660\" data-end=\"4710\" data-col-size=\"sm\"><strong data-start=\"4662\" data-end=\"4688\">Trek Allant+ 7 Lowstep<\/strong><\/td>\n<td data-start=\"4710\" data-end=\"4725\" data-col-size=\"sm\">3 999 \u20ac<\/td>\n<td data-start=\"4725\" data-end=\"4744\" data-col-size=\"sm\">Jusqu\u2019\u00e0 110 km<\/td>\n<td data-start=\"4744\" data-end=\"4767\" data-col-size=\"sm\">Aluminium Alpha<\/td>\n<td data-start=\"4767\" data-end=\"4834\" data-col-size=\"md\">Moteur Bosch Performance CX, cadre bas, pneus Bontrager<\/td>\n<\/tr>\n<tr data-start=\"4835\" data-end=\"5009\">\n<td data-start=\"4835\" data-end=\"4885\" data-col-size=\"sm\"><strong data-start=\"4837\" data-end=\"4866\">Gazelle Ultimate C380 HMB<\/strong><\/td>\n<td data-start=\"4885\" data-end=\"4900\" data-col-size=\"sm\">4 199 \u20ac<\/td>\n<td data-start=\"4900\" data-end=\"4919\" data-col-size=\"sm\">Jusqu\u2019\u00e0 130 km<\/td>\n<td data-start=\"4919\" data-end=\"4942\" data-col-size=\"sm\">Aluminium<\/td>\n<td data-start=\"4942\" data-end=\"5009\" data-col-size=\"md\">Transmission Enviolo, courroie carbone, look premium<\/td>\n<\/tr>\n<\/tbody>\n<\/table>\n<div class=\"sticky end-(--thread-content-margin) h-0 self-end select-none\">\n<div class=\"absolute end-0 flex items-end\"><\/div>\n<\/div>\n<\/div>\n<\/div>\n<h3 data-start=\"5016\" data-end=\"5079\">Avantages cl\u00e9s et atouts du Cube Kathmandu Hybrid One 750<\/h3>\n<p data-start=\"5081\" data-end=\"5575\">Le <a href=\"https:\/\/galerievelo.fr\/shop\/les-avantages-dun-velo-electrique-et-classique-galerievelo-fr\/velos-electriques-puissant-et-efficace-galerievelo-fr\/ville-urbain-electrique\/velo-ville-electrique-cube-nuride-hybrid-exc-625-allroad-sans-effort\/\"><strong>Cube Kathmandu Hybrid One 750<\/strong><\/a> est un <strong data-start=\"5121\" data-end=\"5155\">v\u00e9lo \u00e9lectrique usage intensif<\/strong> qui se distingue par sa puissance, son autonomie \u00e9tendue et son confort de conduite. Dot\u00e9 du moteur Bosch Performance CX, l\u2019un des plus performants du march\u00e9 avec ses 85 Nm de couple, il assure une assistance fluide m\u00eame dans les mont\u00e9es abruptes. Sa batterie de 750 Wh permet de couvrir de longues distances sans craindre la panne, ce qui en fait un <strong data-start=\"5507\" data-end=\"5548\">v\u00e9lo \u00e9lectrique longue distance id\u00e9al<\/strong> pour les trajets vari\u00e9s.<\/p>\n<p data-start=\"5577\" data-end=\"6044\">Le confort est renforc\u00e9 par une fourche suspendue \u00e0 air et une potence ajustable, permettant une personnalisation parfaite de la position de conduite. Son cadre trap\u00e8ze accessible convient particuli\u00e8rement aux utilisateurs recherchant une facilit\u00e9 d\u2019enjambement sans sacrifier la rigidit\u00e9. L\u2019\u00e9quipement int\u00e9gr\u00e9, incluant garde-boue, porte-bagages et \u00e9clairage, rend ce v\u00e9lo <strong data-start=\"5951\" data-end=\"6004\">parfaitement adapt\u00e9 aux trajets urbains intensifs<\/strong> comme aux escapades en pleine nature.<\/p>\n<p data-start=\"6046\" data-end=\"6443\">Gr\u00e2ce \u00e0 une transmission Shimano Deore fiable et des freins hydrauliques puissants, le Kathmandu garantit une excellente ma\u00eetrise en toutes circonstances. Son design sobre \u00ab\u00a0Swampgrey\u00b4n\u00b4black\u00a0\u00bb s\u00e9duit par sa modernit\u00e9 discr\u00e8te. Ce v\u00e9lo est donc une solution compl\u00e8te pour qui veut investir dans un <strong data-start=\"6342\" data-end=\"6392\">v\u00e9lo \u00e9lectrique premium pour ville et campagne<\/strong>, combinant durabilit\u00e9, technologie et polyvalence.<\/p>\n<p>Views: 0<\/p>","protected":false},"excerpt":{"rendered":"<p>V\u00e9lo ville \u00e9lectrique Cube Kathmandu Hybrid One 750 Swampgrey\u00b4n\u00b4black Trap\u00e8ze : un compagnon fiable pour tous les trajets urbains Le<\/p>\n","protected":false},"featured_media":30249,"comment_status":"open","ping_status":"closed","template":"","meta":[],"product_brand":[],"product_cat":[17],"product_tag":[26,750,780],"class_list":{"0":"post-30250","1":"product","2":"type-product","3":"status-publish","4":"has-post-thumbnail","6":"product_cat-velos","7":"product_tag-moteur-puissant","8":"product_tag-super-resistant","9":"product_tag-velos-urbain-ville","11":"first","12":"outofstock","13":"taxable","14":"shipping-taxable","15":"product-type-simple"},"yoast_head":"<!-- This site is optimized with the Yoast SEO plugin v27.5 - https:\/\/yoast.com\/product\/yoast-seo-wordpress\/ -->\n<title>V\u00e9lo ville \u00e9lectrique Cube kathmandu hybrid one 750 swampgrey\u00b4n\u00b4black trap\u00e8ze - e-veloboutique.fr<\/title>\n<meta name=\"robots\" content=\"index, follow, max-snippet:-1, max-image-preview:large, max-video-preview:-1\" \/>\n<link rel=\"canonical\" href=\"https:\/\/e-veloboutique.fr\/?product=velo-ville-electrique-cube-kathmandu-hybrid-one-750-swampgreynblack-trapeze\" \/>\n<meta property=\"og:locale\" content=\"fr_FR\" \/>\n<meta property=\"og:type\" content=\"article\" \/>\n<meta property=\"og:title\" content=\"V\u00e9lo ville \u00e9lectrique Cube kathmandu hybrid one 750 swampgrey\u00b4n\u00b4black trap\u00e8ze - e-veloboutique.fr\" \/>\n<meta property=\"og:description\" content=\"V\u00e9lo ville \u00e9lectrique Cube Kathmandu Hybrid One 750 Swampgrey\u00b4n\u00b4black Trap\u00e8ze : un compagnon fiable pour tous les trajets urbains Le\" \/>\n<meta property=\"og:url\" content=\"https:\/\/e-veloboutique.fr\/?product=velo-ville-electrique-cube-kathmandu-hybrid-one-750-swampgreynblack-trapeze\" \/>\n<meta property=\"og:site_name\" content=\"e-veloboutique.fr\" \/>\n<meta property=\"article:modified_time\" content=\"2025-07-01T23:47:52+00:00\" \/>\n<meta property=\"og:image\" content=\"https:\/\/e-veloboutique.fr\/wp-content\/uploads\/2025\/06\/Velo-ville-electrique-Cube-kathmandu-hybrid-one-750-trapeze-usage-intensif-galerievelo.fr_.png\" \/>\n\t<meta property=\"og:image:width\" content=\"750\" \/>\n\t<meta property=\"og:image:height\" content=\"458\" \/>\n\t<meta property=\"og:image:type\" content=\"image\/png\" \/>\n<meta name=\"twitter:card\" content=\"summary_large_image\" \/>\n<meta name=\"twitter:label1\" content=\"Dur\u00e9e de lecture estim\u00e9e\" \/>\n\t<meta name=\"twitter:data1\" content=\"4 minutes\" \/>\n<script type=\"application\/ld+json\" class=\"yoast-schema-graph\">{\"@context\":\"https:\\\/\\\/schema.org\",\"@graph\":[{\"@type\":\"WebPage\",\"@id\":\"https:\\\/\\\/e-veloboutique.fr\\\/?product=velo-ville-electrique-cube-kathmandu-hybrid-one-750-swampgreynblack-trapeze\",\"url\":\"https:\\\/\\\/e-veloboutique.fr\\\/?product=velo-ville-electrique-cube-kathmandu-hybrid-one-750-swampgreynblack-trapeze\",\"name\":\"V\u00e9lo ville \u00e9lectrique Cube kathmandu hybrid one 750 swampgrey\u00b4n\u00b4black trap\u00e8ze - e-veloboutique.fr\",\"isPartOf\":{\"@id\":\"https:\\\/\\\/e-veloboutique.fr\\\/#website\"},\"primaryImageOfPage\":{\"@id\":\"https:\\\/\\\/e-veloboutique.fr\\\/?product=velo-ville-electrique-cube-kathmandu-hybrid-one-750-swampgreynblack-trapeze#primaryimage\"},\"image\":{\"@id\":\"https:\\\/\\\/e-veloboutique.fr\\\/?product=velo-ville-electrique-cube-kathmandu-hybrid-one-750-swampgreynblack-trapeze#primaryimage\"},\"thumbnailUrl\":\"https:\\\/\\\/e-veloboutique.fr\\\/wp-content\\\/uploads\\\/2025\\\/06\\\/Velo-ville-electrique-Cube-kathmandu-hybrid-one-750-trapeze-usage-intensif-galerievelo.fr_.png\",\"datePublished\":\"2025-06-12T16:36:43+00:00\",\"dateModified\":\"2025-07-01T23:47:52+00:00\",\"breadcrumb\":{\"@id\":\"https:\\\/\\\/e-veloboutique.fr\\\/?product=velo-ville-electrique-cube-kathmandu-hybrid-one-750-swampgreynblack-trapeze#breadcrumb\"},\"inLanguage\":\"fr-FR\",\"potentialAction\":[{\"@type\":\"ReadAction\",\"target\":[\"https:\\\/\\\/e-veloboutique.fr\\\/?product=velo-ville-electrique-cube-kathmandu-hybrid-one-750-swampgreynblack-trapeze\"]}]},{\"@type\":\"ImageObject\",\"inLanguage\":\"fr-FR\",\"@id\":\"https:\\\/\\\/e-veloboutique.fr\\\/?product=velo-ville-electrique-cube-kathmandu-hybrid-one-750-swampgreynblack-trapeze#primaryimage\",\"url\":\"https:\\\/\\\/e-veloboutique.fr\\\/wp-content\\\/uploads\\\/2025\\\/06\\\/Velo-ville-electrique-Cube-kathmandu-hybrid-one-750-trapeze-usage-intensif-galerievelo.fr_.png\",\"contentUrl\":\"https:\\\/\\\/e-veloboutique.fr\\\/wp-content\\\/uploads\\\/2025\\\/06\\\/Velo-ville-electrique-Cube-kathmandu-hybrid-one-750-trapeze-usage-intensif-galerievelo.fr_.png\",\"width\":750,\"height\":458,\"caption\":\"meilleur v\u00e9lo \u00e9lectrique ville\"},{\"@type\":\"BreadcrumbList\",\"@id\":\"https:\\\/\\\/e-veloboutique.fr\\\/?product=velo-ville-electrique-cube-kathmandu-hybrid-one-750-swampgreynblack-trapeze#breadcrumb\",\"itemListElement\":[{\"@type\":\"ListItem\",\"position\":1,\"name\":\"Accueil\",\"item\":\"https:\\\/\\\/e-veloboutique.fr\\\/\"},{\"@type\":\"ListItem\",\"position\":2,\"name\":\"Produits\",\"item\":\"https:\\\/\\\/e-veloboutique.fr\\\/shop\\\/\"},{\"@type\":\"ListItem\",\"position\":3,\"name\":\"V\u00e9los \u00e9lectriques\",\"item\":\"https:\\\/\\\/e-veloboutique.fr\\\/?product_cat=velos\"},{\"@type\":\"ListItem\",\"position\":4,\"name\":\"V\u00e9lo ville \u00e9lectrique Cube kathmandu hybrid one 750 swampgrey\u00b4n\u00b4black trap\u00e8ze\"}]},{\"@type\":\"WebSite\",\"@id\":\"https:\\\/\\\/e-veloboutique.fr\\\/#website\",\"url\":\"https:\\\/\\\/e-veloboutique.fr\\\/\",\"name\":\"E-velos\",\"description\":\"\",\"publisher\":{\"@id\":\"https:\\\/\\\/e-veloboutique.fr\\\/#organization\"},\"potentialAction\":[{\"@type\":\"SearchAction\",\"target\":{\"@type\":\"EntryPoint\",\"urlTemplate\":\"https:\\\/\\\/e-veloboutique.fr\\\/?s={search_term_string}\"},\"query-input\":{\"@type\":\"PropertyValueSpecification\",\"valueRequired\":true,\"valueName\":\"search_term_string\"}}],\"inLanguage\":\"fr-FR\"},{\"@type\":\"Organization\",\"@id\":\"https:\\\/\\\/e-veloboutique.fr\\\/#organization\",\"name\":\"e-veloboutique.fr\",\"url\":\"https:\\\/\\\/e-veloboutique.fr\\\/\",\"logo\":{\"@type\":\"ImageObject\",\"inLanguage\":\"fr-FR\",\"@id\":\"https:\\\/\\\/e-veloboutique.fr\\\/#\\\/schema\\\/logo\\\/image\\\/\",\"url\":\"https:\\\/\\\/e-veloboutique.fr\\\/wp-content\\\/uploads\\\/2024\\\/12\\\/evelos-boutique.jpg\",\"contentUrl\":\"https:\\\/\\\/e-veloboutique.fr\\\/wp-content\\\/uploads\\\/2024\\\/12\\\/evelos-boutique.jpg\",\"width\":75,\"height\":75,\"caption\":\"e-veloboutique.fr\"},\"image\":{\"@id\":\"https:\\\/\\\/e-veloboutique.fr\\\/#\\\/schema\\\/logo\\\/image\\\/\"}}]}<\/script>\n<!-- \/ Yoast SEO plugin. -->","yoast_head_json":{"title":"V\u00e9lo ville \u00e9lectrique Cube kathmandu hybrid one 750 swampgrey\u00b4n\u00b4black trap\u00e8ze - e-veloboutique.fr","robots":{"index":"index","follow":"follow","max-snippet":"max-snippet:-1","max-image-preview":"max-image-preview:large","max-video-preview":"max-video-preview:-1"},"canonical":"https:\/\/e-veloboutique.fr\/?product=velo-ville-electrique-cube-kathmandu-hybrid-one-750-swampgreynblack-trapeze","og_locale":"fr_FR","og_type":"article","og_title":"V\u00e9lo ville \u00e9lectrique Cube kathmandu hybrid one 750 swampgrey\u00b4n\u00b4black trap\u00e8ze - e-veloboutique.fr","og_description":"V\u00e9lo ville \u00e9lectrique Cube Kathmandu Hybrid One 750 Swampgrey\u00b4n\u00b4black Trap\u00e8ze : un compagnon fiable pour tous les trajets urbains Le","og_url":"https:\/\/e-veloboutique.fr\/?product=velo-ville-electrique-cube-kathmandu-hybrid-one-750-swampgreynblack-trapeze","og_site_name":"e-veloboutique.fr","article_modified_time":"2025-07-01T23:47:52+00:00","og_image":[{"width":750,"height":458,"url":"https:\/\/e-veloboutique.fr\/wp-content\/uploads\/2025\/06\/Velo-ville-electrique-Cube-kathmandu-hybrid-one-750-trapeze-usage-intensif-galerievelo.fr_.png","type":"image\/png"}],"twitter_card":"summary_large_image","twitter_misc":{"Dur\u00e9e de lecture estim\u00e9e":"4 minutes"},"schema":{"@context":"https:\/\/schema.org","@graph":[{"@type":"WebPage","@id":"https:\/\/e-veloboutique.fr\/?product=velo-ville-electrique-cube-kathmandu-hybrid-one-750-swampgreynblack-trapeze","url":"https:\/\/e-veloboutique.fr\/?product=velo-ville-electrique-cube-kathmandu-hybrid-one-750-swampgreynblack-trapeze","name":"V\u00e9lo ville \u00e9lectrique Cube kathmandu hybrid one 750 swampgrey\u00b4n\u00b4black trap\u00e8ze - e-veloboutique.fr","isPartOf":{"@id":"https:\/\/e-veloboutique.fr\/#website"},"primaryImageOfPage":{"@id":"https:\/\/e-veloboutique.fr\/?product=velo-ville-electrique-cube-kathmandu-hybrid-one-750-swampgreynblack-trapeze#primaryimage"},"image":{"@id":"https:\/\/e-veloboutique.fr\/?product=velo-ville-electrique-cube-kathmandu-hybrid-one-750-swampgreynblack-trapeze#primaryimage"},"thumbnailUrl":"https:\/\/e-veloboutique.fr\/wp-content\/uploads\/2025\/06\/Velo-ville-electrique-Cube-kathmandu-hybrid-one-750-trapeze-usage-intensif-galerievelo.fr_.png","datePublished":"2025-06-12T16:36:43+00:00","dateModified":"2025-07-01T23:47:52+00:00","breadcrumb":{"@id":"https:\/\/e-veloboutique.fr\/?product=velo-ville-electrique-cube-kathmandu-hybrid-one-750-swampgreynblack-trapeze#breadcrumb"},"inLanguage":"fr-FR","potentialAction":[{"@type":"ReadAction","target":["https:\/\/e-veloboutique.fr\/?product=velo-ville-electrique-cube-kathmandu-hybrid-one-750-swampgreynblack-trapeze"]}]},{"@type":"ImageObject","inLanguage":"fr-FR","@id":"https:\/\/e-veloboutique.fr\/?product=velo-ville-electrique-cube-kathmandu-hybrid-one-750-swampgreynblack-trapeze#primaryimage","url":"https:\/\/e-veloboutique.fr\/wp-content\/uploads\/2025\/06\/Velo-ville-electrique-Cube-kathmandu-hybrid-one-750-trapeze-usage-intensif-galerievelo.fr_.png","contentUrl":"https:\/\/e-veloboutique.fr\/wp-content\/uploads\/2025\/06\/Velo-ville-electrique-Cube-kathmandu-hybrid-one-750-trapeze-usage-intensif-galerievelo.fr_.png","width":750,"height":458,"caption":"meilleur v\u00e9lo \u00e9lectrique ville"},{"@type":"BreadcrumbList","@id":"https:\/\/e-veloboutique.fr\/?product=velo-ville-electrique-cube-kathmandu-hybrid-one-750-swampgreynblack-trapeze#breadcrumb","itemListElement":[{"@type":"ListItem","position":1,"name":"Accueil","item":"https:\/\/e-veloboutique.fr\/"},{"@type":"ListItem","position":2,"name":"Produits","item":"https:\/\/e-veloboutique.fr\/shop\/"},{"@type":"ListItem","position":3,"name":"V\u00e9los \u00e9lectriques","item":"https:\/\/e-veloboutique.fr\/?product_cat=velos"},{"@type":"ListItem","position":4,"name":"V\u00e9lo ville \u00e9lectrique Cube kathmandu hybrid one 750 swampgrey\u00b4n\u00b4black trap\u00e8ze"}]},{"@type":"WebSite","@id":"https:\/\/e-veloboutique.fr\/#website","url":"https:\/\/e-veloboutique.fr\/","name":"E-velos","description":"","publisher":{"@id":"https:\/\/e-veloboutique.fr\/#organization"},"potentialAction":[{"@type":"SearchAction","target":{"@type":"EntryPoint","urlTemplate":"https:\/\/e-veloboutique.fr\/?s={search_term_string}"},"query-input":{"@type":"PropertyValueSpecification","valueRequired":true,"valueName":"search_term_string"}}],"inLanguage":"fr-FR"},{"@type":"Organization","@id":"https:\/\/e-veloboutique.fr\/#organization","name":"e-veloboutique.fr","url":"https:\/\/e-veloboutique.fr\/","logo":{"@type":"ImageObject","inLanguage":"fr-FR","@id":"https:\/\/e-veloboutique.fr\/#\/schema\/logo\/image\/","url":"https:\/\/e-veloboutique.fr\/wp-content\/uploads\/2024\/12\/evelos-boutique.jpg","contentUrl":"https:\/\/e-veloboutique.fr\/wp-content\/uploads\/2024\/12\/evelos-boutique.jpg","width":75,"height":75,"caption":"e-veloboutique.fr"},"image":{"@id":"https:\/\/e-veloboutique.fr\/#\/schema\/logo\/image\/"}}]}},"_links":{"self":[{"href":"https:\/\/e-veloboutique.fr\/index.php?rest_route=\/wp\/v2\/product\/30250","targetHints":{"allow":["GET"]}}],"collection":[{"href":"https:\/\/e-veloboutique.fr\/index.php?rest_route=\/wp\/v2\/product"}],"about":[{"href":"https:\/\/e-veloboutique.fr\/index.php?rest_route=\/wp\/v2\/types\/product"}],"replies":[{"embeddable":true,"href":"https:\/\/e-veloboutique.fr\/index.php?rest_route=%2Fwp%2Fv2%2Fcomments&post=30250"}],"version-history":[{"count":0,"href":"https:\/\/e-veloboutique.fr\/index.php?rest_route=\/wp\/v2\/product\/30250\/revisions"}],"wp:featuredmedia":[{"embeddable":true,"href":"https:\/\/e-veloboutique.fr\/index.php?rest_route=\/wp\/v2\/media\/30249"}],"wp:attachment":[{"href":"https:\/\/e-veloboutique.fr\/index.php?rest_route=%2Fwp%2Fv2%2Fmedia&parent=30250"}],"wp:term":[{"taxonomy":"product_brand","embeddable":true,"href":"https:\/\/e-veloboutique.fr\/index.php?rest_route=%2Fwp%2Fv2%2Fproduct_brand&post=30250"},{"taxonomy":"product_cat","embeddable":true,"href":"https:\/\/e-veloboutique.fr\/index.php?rest_route=%2Fwp%2Fv2%2Fproduct_cat&post=30250"},{"taxonomy":"product_tag","embeddable":true,"href":"https:\/\/e-veloboutique.fr\/index.php?rest_route=%2Fwp%2Fv2%2Fproduct_tag&post=30250"}],"curies":[{"name":"wp","href":"https:\/\/api.w.org\/{rel}","templated":true}]}}