{"id":30254,"date":"2025-06-12T16:36:45","date_gmt":"2025-06-12T16:36:45","guid":{"rendered":"https:\/\/e-veloboutique.fr\/home\/non%20class\u00e9\/velo-ville-electrique-cube-nuride-hybrid-exc-625-allroad-caramelnblack\/"},"modified":"2025-07-02T00:18:55","modified_gmt":"2025-07-02T00:18:55","slug":"velo-ville-electrique-cube-nuride-hybrid-exc-625-allroad-caramelnblack","status":"publish","type":"product","link":"https:\/\/e-veloboutique.fr\/?product=velo-ville-electrique-cube-nuride-hybrid-exc-625-allroad-caramelnblack","title":{"rendered":"V\u00e9lo ville \u00e9lectrique Cube nuride hybrid exc 625 allroad caramel\u00b4n\u00b4black"},"content":{"rendered":"<h2 data-start=\"0\" data-end=\"77\">\ud83d\udeb2 V\u00e9lo ville \u00e9lectrique Cube Nuride Hybrid EXC 625 Allroad Caramel\u00b4n\u00b4Black<\/h2>\n<p data-start=\"102\" data-end=\"1587\">Le <strong data-start=\"105\" data-end=\"181\"><a href=\"https:\/\/galerievelo.fr\/shop\/les-avantages-dun-velo-electrique-et-classique-galerievelo-fr\/velos-electriques-puissant-et-efficace-galerievelo-fr\/ville-urbain-electrique\/velo-ville-electrique-cube-supreme-rt-hybrid-pro-500-autonomie\/\">V\u00e9lo ville \u00e9lectrique Cube Nuride Hybrid EXC 625 Allroad<\/a> Caramel\u00b4n\u00b4Black<\/strong> incarne parfaitement le <strong data-start=\"206\" data-end=\"246\">v\u00e9lo \u00e9lectrique de ville sans effort<\/strong>. Con\u00e7u pour les trajets urbains comme pour les escapades champ\u00eatres, il marie puissance, autonomie et \u00e9l\u00e9gance avec une rare efficacit\u00e9. Gr\u00e2ce \u00e0 son moteur Bosch Performance CX et sa batterie de 625 Wh, il garantit une assistance fluide et constante sur tous les reliefs. Ce mod\u00e8le s\u00e9duit par son confort haut de gamme et sa polyvalence. Il est parfait pour les cyclistes recherchant \u00e0 la fois un <strong data-start=\"644\" data-end=\"667\">v\u00e9lo urbain robuste<\/strong>, un moyen de transport \u00e9cologique et un plaisir de conduite quotidien. Ses composants haut de gamme, ses freins \u00e0 disque hydrauliques puissants et ses pneus larges assurent une excellente tenue de route en ville comme sur sentier. Avec un rapport qualit\u00e9-prix \u00e9quilibr\u00e9, ce v\u00e9lo \u00e9lectrique s\u00e9duit autant les navetteurs que les amateurs de balades dominicales. En r\u00e9sum\u00e9, c\u2019est un <strong data-start=\"1048\" data-end=\"1078\">v\u00e9lo \u00e9lectrique polyvalent<\/strong> pens\u00e9 pour ceux qui veulent allier performance, confort et style. Il s&rsquo;adresse aussi bien aux utilisateurs r\u00e9guliers qu\u2019aux d\u00e9butants souhaitant se tourner vers une mobilit\u00e9 douce et efficace. Ce mod\u00e8le se distingue aussi par son design caramel\u00b4n\u00b4black original et raffin\u00e9. Enfin, il est livr\u00e9 tout \u00e9quip\u00e9 : garde-boue, porte-bagages, \u00e9clairage int\u00e9gr\u00e9\u2026 tout ce qu\u2019il faut pour rouler sereinement au quotidien. Un choix durable et malin pour transformer vos d\u00e9placements urbains en un vrai moment de plaisir.<\/p>\n<h3 data-start=\"1594\" data-end=\"1628\">Caract\u00e9ristiques Techniques du <strong data-start=\"4836\" data-end=\"4874\">Cube Nuride Hybrid EXC 625 Allroad<\/strong><\/h3>\n<table>\n<tbody>\n<tr>\n<td>\n<h5>Poids<\/h5>\n<\/td>\n<td>24.7 kg<\/td>\n<\/tr>\n<tr>\n<td>Tailles<\/td>\n<td>Men: S (50cm), M (54cm), L (58cm), XL (62cm), Trapeze: S (50cm), M (54cm), Easy Entry: XS (46cm), S (50cm), M (54cm), L (58cm)<\/td>\n<\/tr>\n<tr>\n<td>Cadre<\/td>\n<td>Aluminium Superlite, Gravity Casting Technology, Agile Comfort Geometry, Full Integrated Battery, Boost 148, Advanced Internal Cable Routing, 1.5 Headtube (EE: Tapered Headtube)<\/td>\n<\/tr>\n<tr>\n<td>Fourche<\/td>\n<td>X-Fusion MIG32 Air, Tapered, 15x110mm, 100mm, Lockout<\/td>\n<\/tr>\n<tr>\n<td>Roues<\/td>\n<td>CUBE EX23, 32H, Disc, Tubeless Ready<\/td>\n<\/tr>\n<tr>\n<td>Pneus<\/td>\n<td>Schwalbe G-One Allround, RaceGuard, 57-622<\/td>\n<\/tr>\n<tr>\n<td>Cassette<\/td>\n<td>Shimano Deore CS-M6100, 10-51T<\/td>\n<\/tr>\n<tr>\n<td>P\u00e9dalier<\/td>\n<td>ACID E-Crank, 38T, 175mm (EE: 170mm)<\/td>\n<\/tr>\n<tr>\n<td>D\u00e9railleur arri\u00e8re<\/td>\n<td>Shimano Deore RD-M6100-SGS, ShadowPlus, 12-Speed<\/td>\n<\/tr>\n<tr>\n<td>Manettes<\/td>\n<td>Shimano Deore SL-M6100-IR, Direct Attach, Rapidfire-Plus<\/td>\n<\/tr>\n<tr>\n<td>Freins<\/td>\n<td>Shimano BR-MT420\/MT410, Hydr. Disc Brake (180)<\/td>\n<\/tr>\n<tr>\n<td>Selle<\/td>\n<td>Natural Fit Sequence Comfort<\/td>\n<\/tr>\n<tr>\n<td>Tige de selle<\/td>\n<td>CUBE Suspension Seatpost HD, 30.9mm<\/td>\n<\/tr>\n<tr>\n<td>Potence<\/td>\n<td>CUBE Performance Stem Pro, 31.8mm<\/td>\n<\/tr>\n<tr>\n<td>Cintre<\/td>\n<td>CUBE Comfort Trail Bar, 720mm<\/td>\n<\/tr>\n<tr>\n<td>Batterie<\/td>\n<td>Bosch PowerTube 625<\/td>\n<\/tr>\n<tr>\n<td>Moteur<\/td>\n<td>Bosch Drive Unit Performance CX Generation 4 (85Nm) Cruise (250Watt), Smart System<\/td>\n<\/tr>\n<tr>\n<td>Affichage<\/td>\n<td>Bosch Kiox 300<\/td>\n<\/tr>\n<tr>\n<td>Gamme<\/td>\n<td>2023<\/td>\n<\/tr>\n<\/tbody>\n<\/table>\n<p>&nbsp;<\/p>\n<h3 data-start=\"3636\" data-end=\"3670\">Comparatif Produits et Prix<\/h3>\n<div class=\"_tableContainer_16hzy_1\">\n<div class=\"_tableWrapper_16hzy_14 group flex w-fit flex-col-reverse\" tabindex=\"-1\">\n<table class=\"w-fit min-w-(--thread-content-width)\" data-start=\"3672\" data-end=\"4782\">\n<thead data-start=\"3672\" data-end=\"3855\">\n<tr data-start=\"3672\" data-end=\"3855\">\n<th data-start=\"3672\" data-end=\"3726\" data-col-size=\"sm\"><strong data-start=\"3674\" data-end=\"3684\">Mod\u00e8le<\/strong><\/th>\n<th data-start=\"3726\" data-end=\"3741\" data-col-size=\"sm\"><strong data-start=\"3728\" data-end=\"3736\">Prix<\/strong><\/th>\n<th data-start=\"3741\" data-end=\"3761\" data-col-size=\"sm\"><strong data-start=\"3743\" data-end=\"3756\">Autonomie<\/strong><\/th>\n<th data-start=\"3761\" data-end=\"3794\" data-col-size=\"sm\"><strong data-start=\"3763\" data-end=\"3776\">Mat\u00e9riaux<\/strong><\/th>\n<th data-start=\"3794\" data-end=\"3855\" data-col-size=\"md\"><strong data-start=\"3796\" data-end=\"3820\">Fonctionnalit\u00e9s cl\u00e9s<\/strong><\/th>\n<\/tr>\n<\/thead>\n<tbody data-start=\"4040\" data-end=\"4782\">\n<tr data-start=\"4040\" data-end=\"4224\">\n<td data-start=\"4040\" data-end=\"4094\" data-col-size=\"sm\">Cube Nuride Hybrid EXC 625 Allroad<\/td>\n<td data-start=\"4094\" data-end=\"4109\" data-col-size=\"sm\">3 399 \u20ac<\/td>\n<td data-start=\"4109\" data-end=\"4129\" data-col-size=\"sm\">Jusqu&rsquo;\u00e0 120 km<\/td>\n<td data-start=\"4129\" data-end=\"4162\" data-col-size=\"sm\">Cadre alu, moteur Bosch CX<\/td>\n<td data-start=\"4162\" data-end=\"4224\" data-col-size=\"md\">Batterie 625Wh, fourche suspendue, \u00e9quipement complet<\/td>\n<\/tr>\n<tr data-start=\"4225\" data-end=\"4409\">\n<td data-start=\"4225\" data-end=\"4279\" data-col-size=\"sm\">Trek Allant+ 7<\/td>\n<td data-start=\"4279\" data-end=\"4294\" data-col-size=\"sm\">3 799 \u20ac<\/td>\n<td data-start=\"4294\" data-end=\"4314\" data-col-size=\"sm\">Jusqu&rsquo;\u00e0 110 km<\/td>\n<td data-start=\"4314\" data-end=\"4347\" data-col-size=\"sm\">Aluminium, Bosch Performance<\/td>\n<td data-start=\"4347\" data-end=\"4409\" data-col-size=\"md\">Pneus Schwalbe G-One, design moderne<\/td>\n<\/tr>\n<tr data-start=\"4410\" data-end=\"4595\">\n<td data-start=\"4410\" data-end=\"4465\" data-col-size=\"sm\">Moustache Samedi 28.5<\/td>\n<td data-start=\"4465\" data-end=\"4480\" data-col-size=\"sm\">3 699 \u20ac<\/td>\n<td data-start=\"4480\" data-end=\"4500\" data-col-size=\"sm\">Jusqu&rsquo;\u00e0 100 km<\/td>\n<td data-start=\"4500\" data-end=\"4533\" data-col-size=\"sm\">Aluminium hydroform\u00e9<\/td>\n<td data-start=\"4533\" data-end=\"4595\" data-col-size=\"md\">Porte-bagages MIK HD, guidon ergonomique, selle Royal<\/td>\n<\/tr>\n<tr data-start=\"4596\" data-end=\"4782\">\n<td data-start=\"4596\" data-end=\"4651\" data-col-size=\"sm\">Haibike Trekking 5<\/td>\n<td data-start=\"4651\" data-end=\"4666\" data-col-size=\"sm\">3 299 \u20ac<\/td>\n<td data-start=\"4666\" data-end=\"4686\" data-col-size=\"sm\">Jusqu\u2019\u00e0 110 km<\/td>\n<td data-start=\"4686\" data-end=\"4720\" data-col-size=\"sm\">Cadre alu, Yamaha PW-ST<\/td>\n<td data-start=\"4720\" data-end=\"4782\" data-col-size=\"md\">Transmission 10 vitesses, porte-bagages, garde-boue<\/td>\n<\/tr>\n<\/tbody>\n<\/table>\n<div class=\"sticky end-(--thread-content-margin) h-0 self-end select-none\">\n<div class=\"absolute end-0 flex items-end\"><\/div>\n<\/div>\n<\/div>\n<\/div>\n<h3 data-start=\"4789\" data-end=\"4831\">Avantages Cl\u00e9s et atouts du <strong data-start=\"4836\" data-end=\"4874\">Cube Nuride Hybrid EXC 625 Allroad<\/strong><\/h3>\n<p data-start=\"4833\" data-end=\"6280\">Le <a href=\"https:\/\/galerievelo.fr\/shop\/les-avantages-dun-velo-electrique-et-classique-galerievelo-fr\/velos-electriques-puissant-et-efficace-galerievelo-fr\/ville-urbain-electrique\/velo-ville-electrique-cube-supreme-rt-hybrid-pro-500-autonomie\/\"><strong data-start=\"4836\" data-end=\"4874\">Cube Nuride Hybrid EXC 625 Allroad<\/strong><\/a> se distingue par sa <strong data-start=\"4895\" data-end=\"4924\">technologie Bosch CX GEN4<\/strong>, une des plus puissantes du march\u00e9. Avec un couple de 85 Nm, il offre une assistance dynamique, m\u00eame dans les c\u00f4tes les plus raides. Sa batterie PowerTube 625 Wh garantit une grande autonomie, parfaite pour les longues journ\u00e9es de d\u00e9placement ou les balades \u00e0 la campagne. Son cadre en aluminium Easy Entry permet une mont\u00e9e ais\u00e9e, id\u00e9ale pour tous les profils d\u2019utilisateurs, jeunes ou seniors. La transmission Shimano Deore \u00e0 12 vitesses assure fluidit\u00e9 et r\u00e9activit\u00e9 dans tous les environnements. C\u00f4t\u00e9 s\u00e9curit\u00e9, ses freins \u00e0 disque hydrauliques offrent un freinage pr\u00e9cis quelles que soient les conditions climatiques. Ce <strong data-start=\"5550\" data-end=\"5592\">v\u00e9lo \u00e9lectrique confortable et robuste<\/strong> inclut des composants bien pens\u00e9s : pneus larges Schwalbe, fourche suspendue, \u00e9clairage int\u00e9gr\u00e9, garde-boue, porte-bagages\u2026 Aucun besoin d\u2019ajouter d\u2019accessoires ! Parfaitement <strong data-start=\"5769\" data-end=\"5800\">adapt\u00e9 \u00e0 un usage quotidien<\/strong>, il conjugue ergonomie et performance, tout en restant tr\u00e8s agr\u00e9able \u00e0 conduire. Son coloris Caramel\u00b4n\u00b4Black apporte une touche \u00e9l\u00e9gante et originale. Ce mod\u00e8le est aussi un excellent choix pour ceux qui souhaitent un <strong data-start=\"6019\" data-end=\"6055\">v\u00e9lo \u00e9lectrique longue autonomie<\/strong>, fiable et bien \u00e9quip\u00e9 d\u00e8s la sortie du magasin. En ville comme en dehors, il procure un sentiment de s\u00e9curit\u00e9 et de fluidit\u00e9 remarquable. Une solution durable et \u00e9cologique pour r\u00e9inventer vos trajets quotidiens avec style. V\u00e9lo \u00e9lectrique de ville sans effort.<\/p>\n<p>Views: 0<\/p>","protected":false},"excerpt":{"rendered":"<p>\ud83d\udeb2 V\u00e9lo ville \u00e9lectrique Cube Nuride Hybrid EXC 625 Allroad Caramel\u00b4n\u00b4Black Le V\u00e9lo ville \u00e9lectrique Cube Nuride Hybrid EXC 625<\/p>\n","protected":false},"featured_media":30253,"comment_status":"open","ping_status":"closed","template":"","meta":[],"product_brand":[],"product_cat":[242,17],"product_tag":[747,750,780],"class_list":{"0":"post-30254","1":"product","2":"type-product","3":"status-publish","4":"has-post-thumbnail","6":"product_cat-velo-electrique-de-ville-pas-cher-et-fiable","7":"product_cat-velos","8":"product_tag-autonomie-forte","9":"product_tag-super-resistant","10":"product_tag-velos-urbain-ville","12":"first","13":"outofstock","14":"taxable","15":"shipping-taxable","16":"product-type-simple"},"yoast_head":"<!-- This site is optimized with the Yoast SEO plugin v27.5 - https:\/\/yoast.com\/product\/yoast-seo-wordpress\/ -->\n<title>V\u00e9lo ville \u00e9lectrique Cube nuride hybrid exc 625 allroad caramel\u00b4n\u00b4black - e-veloboutique.fr<\/title>\n<meta name=\"robots\" content=\"index, follow, max-snippet:-1, max-image-preview:large, max-video-preview:-1\" \/>\n<link rel=\"canonical\" href=\"https:\/\/e-veloboutique.fr\/?product=velo-ville-electrique-cube-nuride-hybrid-exc-625-allroad-caramelnblack\" \/>\n<meta property=\"og:locale\" content=\"fr_FR\" \/>\n<meta property=\"og:type\" content=\"article\" \/>\n<meta property=\"og:title\" content=\"V\u00e9lo ville \u00e9lectrique Cube nuride hybrid exc 625 allroad caramel\u00b4n\u00b4black - e-veloboutique.fr\" \/>\n<meta property=\"og:description\" content=\"\ud83d\udeb2 V\u00e9lo ville \u00e9lectrique Cube Nuride Hybrid EXC 625 Allroad Caramel\u00b4n\u00b4Black Le V\u00e9lo ville \u00e9lectrique Cube Nuride Hybrid EXC 625\" \/>\n<meta property=\"og:url\" content=\"https:\/\/e-veloboutique.fr\/?product=velo-ville-electrique-cube-nuride-hybrid-exc-625-allroad-caramelnblack\" \/>\n<meta property=\"og:site_name\" content=\"e-veloboutique.fr\" \/>\n<meta property=\"article:modified_time\" content=\"2025-07-02T00:18:55+00:00\" \/>\n<meta property=\"og:image\" content=\"https:\/\/e-veloboutique.fr\/wp-content\/uploads\/2025\/06\/Velo-ville-electrique-Cube-nuride-hybrid-exc-625-allroad-longevite-galerievelo.fr_.jpg\" \/>\n\t<meta property=\"og:image:width\" content=\"750\" \/>\n\t<meta property=\"og:image:height\" content=\"450\" \/>\n\t<meta property=\"og:image:type\" content=\"image\/jpeg\" \/>\n<meta name=\"twitter:card\" content=\"summary_large_image\" \/>\n<meta name=\"twitter:label1\" content=\"Dur\u00e9e de lecture estim\u00e9e\" \/>\n\t<meta name=\"twitter:data1\" content=\"4 minutes\" \/>\n<script type=\"application\/ld+json\" class=\"yoast-schema-graph\">{\"@context\":\"https:\\\/\\\/schema.org\",\"@graph\":[{\"@type\":\"WebPage\",\"@id\":\"https:\\\/\\\/e-veloboutique.fr\\\/?product=velo-ville-electrique-cube-nuride-hybrid-exc-625-allroad-caramelnblack\",\"url\":\"https:\\\/\\\/e-veloboutique.fr\\\/?product=velo-ville-electrique-cube-nuride-hybrid-exc-625-allroad-caramelnblack\",\"name\":\"V\u00e9lo ville \u00e9lectrique Cube nuride hybrid exc 625 allroad caramel\u00b4n\u00b4black - e-veloboutique.fr\",\"isPartOf\":{\"@id\":\"https:\\\/\\\/e-veloboutique.fr\\\/#website\"},\"primaryImageOfPage\":{\"@id\":\"https:\\\/\\\/e-veloboutique.fr\\\/?product=velo-ville-electrique-cube-nuride-hybrid-exc-625-allroad-caramelnblack#primaryimage\"},\"image\":{\"@id\":\"https:\\\/\\\/e-veloboutique.fr\\\/?product=velo-ville-electrique-cube-nuride-hybrid-exc-625-allroad-caramelnblack#primaryimage\"},\"thumbnailUrl\":\"https:\\\/\\\/e-veloboutique.fr\\\/wp-content\\\/uploads\\\/2025\\\/06\\\/Velo-ville-electrique-Cube-nuride-hybrid-exc-625-allroad-longevite-galerievelo.fr_.jpg\",\"datePublished\":\"2025-06-12T16:36:45+00:00\",\"dateModified\":\"2025-07-02T00:18:55+00:00\",\"breadcrumb\":{\"@id\":\"https:\\\/\\\/e-veloboutique.fr\\\/?product=velo-ville-electrique-cube-nuride-hybrid-exc-625-allroad-caramelnblack#breadcrumb\"},\"inLanguage\":\"fr-FR\",\"potentialAction\":[{\"@type\":\"ReadAction\",\"target\":[\"https:\\\/\\\/e-veloboutique.fr\\\/?product=velo-ville-electrique-cube-nuride-hybrid-exc-625-allroad-caramelnblack\"]}]},{\"@type\":\"ImageObject\",\"inLanguage\":\"fr-FR\",\"@id\":\"https:\\\/\\\/e-veloboutique.fr\\\/?product=velo-ville-electrique-cube-nuride-hybrid-exc-625-allroad-caramelnblack#primaryimage\",\"url\":\"https:\\\/\\\/e-veloboutique.fr\\\/wp-content\\\/uploads\\\/2025\\\/06\\\/Velo-ville-electrique-Cube-nuride-hybrid-exc-625-allroad-longevite-galerievelo.fr_.jpg\",\"contentUrl\":\"https:\\\/\\\/e-veloboutique.fr\\\/wp-content\\\/uploads\\\/2025\\\/06\\\/Velo-ville-electrique-Cube-nuride-hybrid-exc-625-allroad-longevite-galerievelo.fr_.jpg\",\"width\":750,\"height\":450,\"caption\":\"meilleur v\u00e9lo \u00e9lectrique ville autonomie\"},{\"@type\":\"BreadcrumbList\",\"@id\":\"https:\\\/\\\/e-veloboutique.fr\\\/?product=velo-ville-electrique-cube-nuride-hybrid-exc-625-allroad-caramelnblack#breadcrumb\",\"itemListElement\":[{\"@type\":\"ListItem\",\"position\":1,\"name\":\"Accueil\",\"item\":\"https:\\\/\\\/e-veloboutique.fr\\\/\"},{\"@type\":\"ListItem\",\"position\":2,\"name\":\"Produits\",\"item\":\"https:\\\/\\\/e-veloboutique.fr\\\/shop\\\/\"},{\"@type\":\"ListItem\",\"position\":3,\"name\":\"V\u00e9los \u00e9lectriques\",\"item\":\"https:\\\/\\\/e-veloboutique.fr\\\/?product_cat=velos\"},{\"@type\":\"ListItem\",\"position\":4,\"name\":\"V\u00e9lo ville \u00e9lectrique Cube nuride hybrid exc 625 allroad caramel\u00b4n\u00b4black\"}]},{\"@type\":\"WebSite\",\"@id\":\"https:\\\/\\\/e-veloboutique.fr\\\/#website\",\"url\":\"https:\\\/\\\/e-veloboutique.fr\\\/\",\"name\":\"E-velos\",\"description\":\"\",\"publisher\":{\"@id\":\"https:\\\/\\\/e-veloboutique.fr\\\/#organization\"},\"potentialAction\":[{\"@type\":\"SearchAction\",\"target\":{\"@type\":\"EntryPoint\",\"urlTemplate\":\"https:\\\/\\\/e-veloboutique.fr\\\/?s={search_term_string}\"},\"query-input\":{\"@type\":\"PropertyValueSpecification\",\"valueRequired\":true,\"valueName\":\"search_term_string\"}}],\"inLanguage\":\"fr-FR\"},{\"@type\":\"Organization\",\"@id\":\"https:\\\/\\\/e-veloboutique.fr\\\/#organization\",\"name\":\"e-veloboutique.fr\",\"url\":\"https:\\\/\\\/e-veloboutique.fr\\\/\",\"logo\":{\"@type\":\"ImageObject\",\"inLanguage\":\"fr-FR\",\"@id\":\"https:\\\/\\\/e-veloboutique.fr\\\/#\\\/schema\\\/logo\\\/image\\\/\",\"url\":\"https:\\\/\\\/e-veloboutique.fr\\\/wp-content\\\/uploads\\\/2024\\\/12\\\/evelos-boutique.jpg\",\"contentUrl\":\"https:\\\/\\\/e-veloboutique.fr\\\/wp-content\\\/uploads\\\/2024\\\/12\\\/evelos-boutique.jpg\",\"width\":75,\"height\":75,\"caption\":\"e-veloboutique.fr\"},\"image\":{\"@id\":\"https:\\\/\\\/e-veloboutique.fr\\\/#\\\/schema\\\/logo\\\/image\\\/\"}}]}<\/script>\n<!-- \/ Yoast SEO plugin. -->","yoast_head_json":{"title":"V\u00e9lo ville \u00e9lectrique Cube nuride hybrid exc 625 allroad caramel\u00b4n\u00b4black - e-veloboutique.fr","robots":{"index":"index","follow":"follow","max-snippet":"max-snippet:-1","max-image-preview":"max-image-preview:large","max-video-preview":"max-video-preview:-1"},"canonical":"https:\/\/e-veloboutique.fr\/?product=velo-ville-electrique-cube-nuride-hybrid-exc-625-allroad-caramelnblack","og_locale":"fr_FR","og_type":"article","og_title":"V\u00e9lo ville \u00e9lectrique Cube nuride hybrid exc 625 allroad caramel\u00b4n\u00b4black - e-veloboutique.fr","og_description":"\ud83d\udeb2 V\u00e9lo ville \u00e9lectrique Cube Nuride Hybrid EXC 625 Allroad Caramel\u00b4n\u00b4Black Le V\u00e9lo ville \u00e9lectrique Cube Nuride Hybrid EXC 625","og_url":"https:\/\/e-veloboutique.fr\/?product=velo-ville-electrique-cube-nuride-hybrid-exc-625-allroad-caramelnblack","og_site_name":"e-veloboutique.fr","article_modified_time":"2025-07-02T00:18:55+00:00","og_image":[{"width":750,"height":450,"url":"https:\/\/e-veloboutique.fr\/wp-content\/uploads\/2025\/06\/Velo-ville-electrique-Cube-nuride-hybrid-exc-625-allroad-longevite-galerievelo.fr_.jpg","type":"image\/jpeg"}],"twitter_card":"summary_large_image","twitter_misc":{"Dur\u00e9e de lecture estim\u00e9e":"4 minutes"},"schema":{"@context":"https:\/\/schema.org","@graph":[{"@type":"WebPage","@id":"https:\/\/e-veloboutique.fr\/?product=velo-ville-electrique-cube-nuride-hybrid-exc-625-allroad-caramelnblack","url":"https:\/\/e-veloboutique.fr\/?product=velo-ville-electrique-cube-nuride-hybrid-exc-625-allroad-caramelnblack","name":"V\u00e9lo ville \u00e9lectrique Cube nuride hybrid exc 625 allroad caramel\u00b4n\u00b4black - e-veloboutique.fr","isPartOf":{"@id":"https:\/\/e-veloboutique.fr\/#website"},"primaryImageOfPage":{"@id":"https:\/\/e-veloboutique.fr\/?product=velo-ville-electrique-cube-nuride-hybrid-exc-625-allroad-caramelnblack#primaryimage"},"image":{"@id":"https:\/\/e-veloboutique.fr\/?product=velo-ville-electrique-cube-nuride-hybrid-exc-625-allroad-caramelnblack#primaryimage"},"thumbnailUrl":"https:\/\/e-veloboutique.fr\/wp-content\/uploads\/2025\/06\/Velo-ville-electrique-Cube-nuride-hybrid-exc-625-allroad-longevite-galerievelo.fr_.jpg","datePublished":"2025-06-12T16:36:45+00:00","dateModified":"2025-07-02T00:18:55+00:00","breadcrumb":{"@id":"https:\/\/e-veloboutique.fr\/?product=velo-ville-electrique-cube-nuride-hybrid-exc-625-allroad-caramelnblack#breadcrumb"},"inLanguage":"fr-FR","potentialAction":[{"@type":"ReadAction","target":["https:\/\/e-veloboutique.fr\/?product=velo-ville-electrique-cube-nuride-hybrid-exc-625-allroad-caramelnblack"]}]},{"@type":"ImageObject","inLanguage":"fr-FR","@id":"https:\/\/e-veloboutique.fr\/?product=velo-ville-electrique-cube-nuride-hybrid-exc-625-allroad-caramelnblack#primaryimage","url":"https:\/\/e-veloboutique.fr\/wp-content\/uploads\/2025\/06\/Velo-ville-electrique-Cube-nuride-hybrid-exc-625-allroad-longevite-galerievelo.fr_.jpg","contentUrl":"https:\/\/e-veloboutique.fr\/wp-content\/uploads\/2025\/06\/Velo-ville-electrique-Cube-nuride-hybrid-exc-625-allroad-longevite-galerievelo.fr_.jpg","width":750,"height":450,"caption":"meilleur v\u00e9lo \u00e9lectrique ville autonomie"},{"@type":"BreadcrumbList","@id":"https:\/\/e-veloboutique.fr\/?product=velo-ville-electrique-cube-nuride-hybrid-exc-625-allroad-caramelnblack#breadcrumb","itemListElement":[{"@type":"ListItem","position":1,"name":"Accueil","item":"https:\/\/e-veloboutique.fr\/"},{"@type":"ListItem","position":2,"name":"Produits","item":"https:\/\/e-veloboutique.fr\/shop\/"},{"@type":"ListItem","position":3,"name":"V\u00e9los \u00e9lectriques","item":"https:\/\/e-veloboutique.fr\/?product_cat=velos"},{"@type":"ListItem","position":4,"name":"V\u00e9lo ville \u00e9lectrique Cube nuride hybrid exc 625 allroad caramel\u00b4n\u00b4black"}]},{"@type":"WebSite","@id":"https:\/\/e-veloboutique.fr\/#website","url":"https:\/\/e-veloboutique.fr\/","name":"E-velos","description":"","publisher":{"@id":"https:\/\/e-veloboutique.fr\/#organization"},"potentialAction":[{"@type":"SearchAction","target":{"@type":"EntryPoint","urlTemplate":"https:\/\/e-veloboutique.fr\/?s={search_term_string}"},"query-input":{"@type":"PropertyValueSpecification","valueRequired":true,"valueName":"search_term_string"}}],"inLanguage":"fr-FR"},{"@type":"Organization","@id":"https:\/\/e-veloboutique.fr\/#organization","name":"e-veloboutique.fr","url":"https:\/\/e-veloboutique.fr\/","logo":{"@type":"ImageObject","inLanguage":"fr-FR","@id":"https:\/\/e-veloboutique.fr\/#\/schema\/logo\/image\/","url":"https:\/\/e-veloboutique.fr\/wp-content\/uploads\/2024\/12\/evelos-boutique.jpg","contentUrl":"https:\/\/e-veloboutique.fr\/wp-content\/uploads\/2024\/12\/evelos-boutique.jpg","width":75,"height":75,"caption":"e-veloboutique.fr"},"image":{"@id":"https:\/\/e-veloboutique.fr\/#\/schema\/logo\/image\/"}}]}},"_links":{"self":[{"href":"https:\/\/e-veloboutique.fr\/index.php?rest_route=\/wp\/v2\/product\/30254","targetHints":{"allow":["GET"]}}],"collection":[{"href":"https:\/\/e-veloboutique.fr\/index.php?rest_route=\/wp\/v2\/product"}],"about":[{"href":"https:\/\/e-veloboutique.fr\/index.php?rest_route=\/wp\/v2\/types\/product"}],"replies":[{"embeddable":true,"href":"https:\/\/e-veloboutique.fr\/index.php?rest_route=%2Fwp%2Fv2%2Fcomments&post=30254"}],"version-history":[{"count":0,"href":"https:\/\/e-veloboutique.fr\/index.php?rest_route=\/wp\/v2\/product\/30254\/revisions"}],"wp:featuredmedia":[{"embeddable":true,"href":"https:\/\/e-veloboutique.fr\/index.php?rest_route=\/wp\/v2\/media\/30253"}],"wp:attachment":[{"href":"https:\/\/e-veloboutique.fr\/index.php?rest_route=%2Fwp%2Fv2%2Fmedia&parent=30254"}],"wp:term":[{"taxonomy":"product_brand","embeddable":true,"href":"https:\/\/e-veloboutique.fr\/index.php?rest_route=%2Fwp%2Fv2%2Fproduct_brand&post=30254"},{"taxonomy":"product_cat","embeddable":true,"href":"https:\/\/e-veloboutique.fr\/index.php?rest_route=%2Fwp%2Fv2%2Fproduct_cat&post=30254"},{"taxonomy":"product_tag","embeddable":true,"href":"https:\/\/e-veloboutique.fr\/index.php?rest_route=%2Fwp%2Fv2%2Fproduct_tag&post=30254"}],"curies":[{"name":"wp","href":"https:\/\/api.w.org\/{rel}","templated":true}]}}